{"id":80653,"date":"2023-12-14T01:35:18","date_gmt":"2023-12-14T00:35:18","guid":{"rendered":"https:\/\/www.soanam.de\/?post_type=product&#038;p=80653"},"modified":"2023-12-14T01:37:56","modified_gmt":"2023-12-14T00:37:56","slug":"qikour-attacco-manubrio-bici-corto-manubrio-riser-extender-per-bici-da-strada","status":"publish","type":"product","link":"https:\/\/www.soanam.de\/it\/produkt\/qikour-fahrradvorbau-kurzer-fahrradvorbau-lenkererhoehung-extender-fuer-rennrad\/","title":{"rendered":"Attacco per bicicletta Qikour, attacco corto per bicicletta, estensore per manubrio per bici da strada"},"content":{"rendered":"<h3>Descrizione del<\/h3>\n<p>Lo stelo della valvola della bicicletta \u00e8 fresato a CNC per garantire un'elevata resistenza.<br \/>\nLo stelo della valvola MTB \u00e8 facile da installare, basta collegare il vecchio tubo della forcella. I morsetti per asta a quattro bulloni fissano il manubrio.<br \/>\nBarra corta universale, adatta alla maggior parte delle bici da strada, bici a scatto fisso, mountain bike, bici da discesa, bici da pista, mountain bike, BMX, ecc.<br \/>\nIl rialzo del manubrio della bicicletta \u00e8 la scelta migliore per i ciclisti, per l'aggiornamento delle biciclette fai da te e per una guida pi\u00f9 confortevole.<br \/>\nColore nero<br \/>\nMateriale: lega di alluminio<br \/>\nDimensioni: diametro: 31,8 mm \/ 25,4 mm; diametro del tubo di sterzo: 28,6 mm, lunghezza: 35 mm<\/p>\n<p><strong>Contenuto della confezione:<\/strong><\/p>\n<p>1 x attacco manubrio della bicicletta<br \/>\nSolo il contenuto della confezione di cui sopra, altri prodotti non sono inclusi.<br \/>\nNota: l'illuminazione e le diverse visualizzazioni possono far s\u00ec che il colore dell'articolo nell'immagine differisca leggermente dalla realt\u00e0. L'errore di misura ammesso \u00e8 di +\/- 1-3 cm.<\/p>","protected":false},"excerpt":{"rendered":"<p>Beschreibung Der Fahrradventilschaft ist hochfest CNC-gefr\u00e4st. Der MTB-Ventilschaft ist einfach zu installieren, schlie\u00dfen Sie einfach das alte Gabelrohr an. Vier Bolzenstangenklemmen sichern den Lenker. Universelle kurze Fahrradstange, geeignet f\u00fcr die meisten Rennr\u00e4der, Fixed-Gear-Bikes, Mountainbikes, Downhill-Bikes, Bahnr\u00e4der, Mountainbikes, BMX usw. Der Fahrradstangen-Riser ist die beste Wahl f\u00fcr Radfahrer, DIY-Upgrade-Fahrr\u00e4der und komfortableres Fahren. Farbe schwarz Material: Aluminiumlegierung [&hellip;]<\/p>\n","protected":false},"featured_media":80771,"comment_status":"open","ping_status":"closed","template":"","meta":{"_seopress_robots_primary_cat":"","_seopress_titles_title":"","_seopress_titles_desc":"","_seopress_robots_index":""},"product_brand":[],"product_cat":[1730],"product_tag":[],"class_list":{"0":"post-80653","1":"product","2":"type-product","3":"status-publish","4":"has-post-thumbnail","6":"product_cat-sonstiges-2","7":"product_shipping_class-standard-versand","9":"first","10":"instock","11":"sale","12":"taxable","13":"shipping-taxable","14":"purchasable","15":"product-type-simple"},"_links":{"self":[{"href":"https:\/\/www.soanam.de\/it\/wp-json\/wp\/v2\/product\/80653","targetHints":{"allow":["GET"]}}],"collection":[{"href":"https:\/\/www.soanam.de\/it\/wp-json\/wp\/v2\/product"}],"about":[{"href":"https:\/\/www.soanam.de\/it\/wp-json\/wp\/v2\/types\/product"}],"replies":[{"embeddable":true,"href":"https:\/\/www.soanam.de\/it\/wp-json\/wp\/v2\/comments?post=80653"}],"wp:featuredmedia":[{"embeddable":true,"href":"https:\/\/www.soanam.de\/it\/wp-json\/wp\/v2\/media\/80771"}],"wp:attachment":[{"href":"https:\/\/www.soanam.de\/it\/wp-json\/wp\/v2\/media?parent=80653"}],"wp:term":[{"taxonomy":"product_brand","embeddable":true,"href":"https:\/\/www.soanam.de\/it\/wp-json\/wp\/v2\/product_brand?post=80653"},{"taxonomy":"product_cat","embeddable":true,"href":"https:\/\/www.soanam.de\/it\/wp-json\/wp\/v2\/product_cat?post=80653"},{"taxonomy":"product_tag","embeddable":true,"href":"https:\/\/www.soanam.de\/it\/wp-json\/wp\/v2\/product_tag?post=80653"}],"curies":[{"name":"wp","href":"https:\/\/api.w.org\/{rel}","templated":true}]}}