{"id":80532,"date":"2023-12-14T01:32:40","date_gmt":"2023-12-14T00:32:40","guid":{"rendered":"https:\/\/www.soanam.de\/?post_type=product&#038;p=80532"},"modified":"2023-12-14T01:34:50","modified_gmt":"2023-12-14T00:34:50","slug":"calze-setose-lucide-con-reggicalze-in-pizzo-nero-20-den-taglia-48","status":"publish","type":"product","link":"https:\/\/www.soanam.de\/it\/produkt\/seidig-glaenzender-strumpf-mit-spitzen-straps-in-schwarz-20-den-groesse-48\/","title":{"rendered":"Calze setose lucide con reggicalze in pizzo, in nero, 20 denari, taglia 48"},"content":{"rendered":"<h3>Descrizione del prodotto<\/h3>\n<p>Seidig gl\u00e4nzender Strumpf mit Spitzen-Straps<br \/>\nDieses verf\u00fchrerische Exemplar besteht aus Strumpf und Straps in einem. Die Str\u00fcmpfe weisen einen halbtransparenten Seidenglanz auf und schlie\u00dfen mit einem reizvollen Spitzenband ab. Strapsb\u00e4nder und Strapsg\u00fcrtel sind ebenfalls aus echter Spitze gefertigt. Strumpf und Straps \u00fcberzeugen mit ihrer ausgepr\u00e4gten Elastizit\u00e4t und Dehnbarkeit. Ein Maschenstop in der Fu\u00dfspitze rundet das voll geformte Modell ab.<\/p>\n<p>Material: 87% Polyamid, 13% Elasthan<br \/>\nColore: nero<br \/>\nModello: Unicolore<br \/>\nTransparenz: halbtransparent<br \/>\nGarnst\u00e4rke: 20 den<br \/>\nPflegehinweis: Maschinenw\u00e4sche 30\u00b0C<\/p>","protected":false},"excerpt":{"rendered":"<h3>Caratteristiche dell'articolo<\/h3>\n<p>Artikelzustand: Neu mit Etikett - Neuer, unbenutzter und nicht getragener Artikel, in der Originalverpackung<\/p>\n<table dir=\"ltr\" border=\"1\" cellspacing=\"0\" cellpadding=\"0\">\n<colgroup>\n<col width=\"194\" \/>\n<col width=\"211\" \/><\/colgroup>\n<tbody>\n<tr>\n<td data-sheets-value=\"{&quot;1&quot;:2,&quot;2&quot;:&quot;Besonderheiten:&quot;}\">Caratteristiche speciali:<\/td>\n<td data-sheets-value=\"{&quot;1&quot;:2,&quot;2&quot;:&quot;Rollenspiel&quot;}\">Rollenspiel<\/td>\n<\/tr>\n<tr>\n<td data-sheets-value=\"{&quot;1&quot;:2,&quot;2&quot;:&quot;EAN:&quot;}\">EAN:<\/td>\n<td data-sheets-value=\"{&quot;1&quot;:3,&quot;3&quot;:8033462680550}\">8033462680550<\/td>\n<\/tr>\n<tr>\n<td data-sheets-value=\"{&quot;1&quot;:2,&quot;2&quot;:&quot;Farbe:&quot;}\">Colore:<\/td>\n<td data-sheets-value=\"{&quot;1&quot;:2,&quot;2&quot;:&quot;Schwarz&quot;}\">Nero<\/td>\n<\/tr>\n<tr>\n<td data-sheets-value=\"{&quot;1&quot;:2,&quot;2&quot;:&quot;Gr\u00f6\u00dfe:&quot;}\">Gr\u00f6\u00dfe:<\/td>\n<td data-sheets-value=\"{&quot;1&quot;:3,&quot;3&quot;:48}\">48<\/td>\n<\/tr>\n<tr>\n<td data-sheets-value=\"{&quot;1&quot;:2,&quot;2&quot;:&quot;Herstellungsland und -region:&quot;}\">Herstellungsland und -region:<\/td>\n<td data-sheets-value=\"{&quot;1&quot;:2,&quot;2&quot;:&quot;Italien&quot;}\">Italien<\/td>\n<\/tr>\n<tr>\n<td data-sheets-value=\"{&quot;1&quot;:2,&quot;2&quot;:&quot;Marke:&quot;}\">Marke:<\/td>\n<td data-sheets-value=\"{&quot;1&quot;:2,&quot;2&quot;:&quot;Markenlos&quot;}\">Senza marca<\/td>\n<\/tr>\n<tr>\n<td data-sheets-value=\"{&quot;1&quot;:2,&quot;2&quot;:&quot;Material:&quot;}\">Materiale:<\/td>\n<td data-sheets-value=\"{&quot;1&quot;:2,&quot;2&quot;:&quot;Polyamid, Elasthan&quot;}\">Poliammide, elastan<\/td>\n<\/tr>\n<tr>\n<td data-sheets-value=\"{&quot;1&quot;:2,&quot;2&quot;:&quot;Modifizierter Artikel:&quot;}\">Modifizierter Artikel:<\/td>\n<td data-sheets-value=\"{&quot;1&quot;:2,&quot;2&quot;:&quot;Nein&quot;}\">Nein<\/td>\n<\/tr>\n<tr>\n<td data-sheets-value=\"{&quot;1&quot;:2,&quot;2&quot;:&quot;Produktart:&quot;}\">Produktart:<\/td>\n<td data-sheets-value=\"{&quot;1&quot;:2,&quot;2&quot;:&quot;Strumpfg\u00fcrtel mit Str\u00fcmpfen&quot;}\">Strumpfg\u00fcrtel mit Str\u00fcmpfen<\/td>\n<\/tr>\n<tr>\n<td data-sheets-value=\"{&quot;1&quot;:2,&quot;2&quot;:&quot;Typ:&quot;}\">Typ:<\/td>\n<td data-sheets-value=\"{&quot;1&quot;:2,&quot;2&quot;:&quot;Transparent&quot;}\">Transparent<\/td>\n<\/tr>\n<\/tbody>\n<\/table>","protected":false},"featured_media":80628,"comment_status":"open","ping_status":"closed","template":"","meta":{"_seopress_robots_primary_cat":"","_seopress_titles_title":"","_seopress_titles_desc":"","_seopress_robots_index":""},"product_brand":[],"product_cat":[1348,1444,1557,1601],"product_tag":[],"class_list":{"0":"post-80532","1":"product","2":"type-product","3":"status-publish","4":"has-post-thumbnail","6":"product_cat-damen-mode","7":"product_cat-unterwaesche","8":"product_cat-struempfe","9":"product_cat-strumpfguertel","10":"product_shipping_class-standard-versand","12":"first","13":"instock","14":"sale","15":"taxable","16":"shipping-taxable","17":"purchasable","18":"product-type-simple"},"_links":{"self":[{"href":"https:\/\/www.soanam.de\/it\/wp-json\/wp\/v2\/product\/80532","targetHints":{"allow":["GET"]}}],"collection":[{"href":"https:\/\/www.soanam.de\/it\/wp-json\/wp\/v2\/product"}],"about":[{"href":"https:\/\/www.soanam.de\/it\/wp-json\/wp\/v2\/types\/product"}],"replies":[{"embeddable":true,"href":"https:\/\/www.soanam.de\/it\/wp-json\/wp\/v2\/comments?post=80532"}],"wp:featuredmedia":[{"embeddable":true,"href":"https:\/\/www.soanam.de\/it\/wp-json\/wp\/v2\/media\/80628"}],"wp:attachment":[{"href":"https:\/\/www.soanam.de\/it\/wp-json\/wp\/v2\/media?parent=80532"}],"wp:term":[{"taxonomy":"product_brand","embeddable":true,"href":"https:\/\/www.soanam.de\/it\/wp-json\/wp\/v2\/product_brand?post=80532"},{"taxonomy":"product_cat","embeddable":true,"href":"https:\/\/www.soanam.de\/it\/wp-json\/wp\/v2\/product_cat?post=80532"},{"taxonomy":"product_tag","embeddable":true,"href":"https:\/\/www.soanam.de\/it\/wp-json\/wp\/v2\/product_tag?post=80532"}],"curies":[{"name":"wp","href":"https:\/\/api.w.org\/{rel}","templated":true}]}}