{"id":80512,"date":"2023-12-14T01:32:17","date_gmt":"2023-12-14T00:32:17","guid":{"rendered":"https:\/\/www.soanam.de\/?post_type=product&#038;p=80512"},"modified":"2023-12-14T01:34:21","modified_gmt":"2023-12-14T00:34:21","slug":"puma-sweat-suit-jacke-in-foxglove-groesse-m","status":"publish","type":"product","link":"https:\/\/www.soanam.de\/it\/produkt\/puma-sweat-suit-jacke-in-foxglove-groesse-m\/","title":{"rendered":"Giacca Puma Sweat Suit, in Foxglove, taglia M"},"content":{"rendered":"<p>Giacca con cappuccio slim fit di Puma<br \/>\nTasche a canguro<br \/>\nPolsini ampi e morbidi a coste<br \/>\nTasche laterali a filetto<br \/>\nRicamo del logo<br \/>\nMorbido tessuto felpato con cotone<\/p>\n<p>Questa giacca da allenamento \u00e8 stata progettata per offrire maggiore comfort e funzionalit\u00e0.<br \/>\nIl cappuccio con coulisse per una vestibilit\u00e0 perfetta \u00e8 estremamente confortevole, mentre i dettagli pratici come le tasche laterali aperte offrono ampio spazio per tutto ci\u00f2 che serve in viaggio.<br \/>\nInoltre, questa giacca in cotone \u00e8 prodotta dalla Better Cotton Initiative, il che significa che il vostro acquisto sostiene una coltivazione pi\u00f9 sostenibile del cotone.<\/p>\n<p>Materiale: 68 % cotone, 32 % poliestere<br \/>\nIstruzioni per la cura: Lavare in lavatrice<\/p>\n<p>Farbe: foxglove<br \/>\nMotivo: Ricamo con logo<br \/>\nTaglia: M<\/p>\n<p>Larghezza della spalla: 62 cm<br \/>\nLarghezza del torace: 106 cm<br \/>\nLunghezza delle maniche: 54 cm<br \/>\nLunghezza totale: 62 cm<\/p>","protected":false},"excerpt":{"rendered":"<table class=\"dv_characteristicsTable\">\n<tbody>\n<tr>\n<td class=\"left\">Dimensione<\/td>\n<td>M<\/td>\n<\/tr>\n<tr>\n<td class=\"left\">Gr\u00f6\u00dfentyp<\/td>\n<td>Normalgr\u00f6\u00dfen<\/td>\n<\/tr>\n<tr>\n<td class=\"left\">Composizione del materiale<\/td>\n<td>68 % Baumwolle, 32 % Polyester<\/td>\n<\/tr>\n<tr>\n<td class=\"left\">Materialart<\/td>\n<td>Sweatware<\/td>\n<\/tr>\n<tr>\n<td class=\"left\">Istruzioni per la cura<\/td>\n<td>Lavaggio in lavatrice<\/td>\n<\/tr>\n<tr>\n<td class=\"left\">Optik<\/td>\n<td>unifarben<\/td>\n<\/tr>\n<tr>\n<td class=\"left\">Stil<\/td>\n<td>Basic<\/td>\n<\/tr>\n<tr>\n<td class=\"left\">Colore<\/td>\n<td>foxglove<\/td>\n<\/tr>\n<tr>\n<td class=\"left\">Kragen<\/td>\n<td>Cappuccio<\/td>\n<\/tr>\n<tr>\n<td class=\"left\">Ausschnitt<\/td>\n<td>ohne Ausschnitt<\/td>\n<\/tr>\n<tr>\n<td class=\"left\">\u00c4rmel<\/td>\n<td>Manica lunga<\/td>\n<\/tr>\n<tr>\n<td class=\"left\">\u00c4rmeldetails<\/td>\n<td>Maniche raglan<\/td>\n<\/tr>\n<tr>\n<td class=\"left\">\u00c4rmelabschluss<\/td>\n<td>B\u00fcndchen<\/td>\n<\/tr>\n<tr>\n<td class=\"left\">Rumpfabschluss<\/td>\n<td>gerade<\/td>\n<\/tr>\n<tr>\n<td class=\"left\">In forma<\/td>\n<td>slim fit<\/td>\n<\/tr>\n<tr>\n<td class=\"left\">Schnittform L\u00e4nge<\/td>\n<td>h\u00fcftbedeckend<\/td>\n<\/tr>\n<tr>\n<td class=\"left\">Cappuccio<\/td>\n<td>mit Kapuze<\/td>\n<\/tr>\n<tr>\n<td class=\"left\">Borse<\/td>\n<td>Tasche<\/td>\n<\/tr>\n<tr>\n<td class=\"left\">Verschluss<\/td>\n<td>Chiusura a zip<\/td>\n<\/tr>\n<tr>\n<td class=\"left\">Besondere Merkmale<\/td>\n<td>Ricamo del logo<\/td>\n<\/tr>\n<\/tbody>\n<\/table>","protected":false},"featured_media":80607,"comment_status":"open","ping_status":"closed","template":"","meta":{"_seopress_robots_primary_cat":"","_seopress_titles_title":"","_seopress_titles_desc":"","_seopress_robots_index":""},"product_brand":[],"product_cat":[1348,1354,1402,1585,1599],"product_tag":[],"class_list":{"0":"post-80512","1":"product","2":"type-product","3":"status-publish","4":"has-post-thumbnail","6":"product_cat-damen-mode","7":"product_cat-jacken-maentel","8":"product_cat-sportbekleidung-damen-mode","9":"product_cat-jacken-sportbekleidung-damen-mode","10":"product_cat-shirtjacken","11":"product_shipping_class-standard-versand","13":"first","14":"instock","15":"sale","16":"taxable","17":"shipping-taxable","18":"purchasable","19":"product-type-simple"},"_links":{"self":[{"href":"https:\/\/www.soanam.de\/it\/wp-json\/wp\/v2\/product\/80512","targetHints":{"allow":["GET"]}}],"collection":[{"href":"https:\/\/www.soanam.de\/it\/wp-json\/wp\/v2\/product"}],"about":[{"href":"https:\/\/www.soanam.de\/it\/wp-json\/wp\/v2\/types\/product"}],"replies":[{"embeddable":true,"href":"https:\/\/www.soanam.de\/it\/wp-json\/wp\/v2\/comments?post=80512"}],"wp:featuredmedia":[{"embeddable":true,"href":"https:\/\/www.soanam.de\/it\/wp-json\/wp\/v2\/media\/80607"}],"wp:attachment":[{"href":"https:\/\/www.soanam.de\/it\/wp-json\/wp\/v2\/media?parent=80512"}],"wp:term":[{"taxonomy":"product_brand","embeddable":true,"href":"https:\/\/www.soanam.de\/it\/wp-json\/wp\/v2\/product_brand?post=80512"},{"taxonomy":"product_cat","embeddable":true,"href":"https:\/\/www.soanam.de\/it\/wp-json\/wp\/v2\/product_cat?post=80512"},{"taxonomy":"product_tag","embeddable":true,"href":"https:\/\/www.soanam.de\/it\/wp-json\/wp\/v2\/product_tag?post=80512"}],"curies":[{"name":"wp","href":"https:\/\/api.w.org\/{rel}","templated":true}]}}