{"id":80376,"date":"2023-12-14T00:31:56","date_gmt":"2023-12-13T23:31:56","guid":{"rendered":"https:\/\/www.soanam.de\/?post_type=product&#038;p=80376"},"modified":"2023-12-14T01:31:49","modified_gmt":"2023-12-14T00:31:49","slug":"arizona-felpa-con-cappuccio-e-stampa-velour-in-grigio-screziato-taglia-140-146","status":"publish","type":"product","link":"https:\/\/www.soanam.de\/it\/produkt\/arizona-kapuzensweatshirt-mit-veloursdruck-in-grau-meliert-groesse-140-146\/","title":{"rendered":"Felpa con cappuccio Arizona con stampa velour, in grigio screziato, taglia 140\/146"},"content":{"rendered":"<p>Arizona Sweatshirt mit Kapuze<br \/>\nMit Veloursdruck<br \/>\nTasca a canguro<br \/>\nInnen weich angeraut<br \/>\nMit hochwertigem Baumwollanteil<\/p>\n<p>Das Kapuzensweatshirt von Arizona bezeugt mit herzf\u00f6rmigem Union Jack-Print vorn seine Liebe zu angesagter Mode.<br \/>\nFixierte Kapuzenkordeln in Kontrastfarbe, die K\u00e4ngurutasche und die formstabilen B\u00fcndchen an \u00c4rmeln und Saum runden das Hoodie-Design stilecht ab.<br \/>\nDazu kommt die innen weich angeraute, feste Baumwollmischqualit\u00e4t, die ein tolles Tragegef\u00fchl garantiert.<\/p>\n<p>Material: Obermaterial: 98% Baumwolle , 2% Viskose<br \/>\nIstruzioni per la cura: Lavare in lavatrice<\/p>\n<p>Colore: grigio-mattone<br \/>\nMuster: Veloursdruck<br \/>\nGr\u00f6\u00dfe: 140\/146<\/p>\n<p>Larghezza della spalla: 35 cm<br \/>\nLarghezza del petto: 82 cm<br \/>\nLunghezza delle maniche: 53 cm<br \/>\nGesamtl\u00e4nge: 56cm<\/p>\n<p>Questo nuovo articolo \u00e8 un reso del cliente senza etichetta.<\/p>","protected":false},"excerpt":{"rendered":"<table class=\"dv_characteristicsTable\">\n<tbody>\n<tr>\n<td class=\"left\">Dimensione<\/td>\n<td>140\/146<\/td>\n<\/tr>\n<tr>\n<td class=\"left\">Gr\u00f6\u00dfentyp<\/td>\n<td>Normalgr\u00f6\u00dfen<\/td>\n<\/tr>\n<tr>\n<td class=\"left\">Composizione del materiale<\/td>\n<td>Obermaterial: 98% Baumwolle\u00a0, 2% Viskose<\/td>\n<\/tr>\n<tr>\n<td class=\"left\">Materialart<\/td>\n<td>angeraute Sweatware<\/td>\n<\/tr>\n<tr>\n<td class=\"left\">Istruzioni per la cura<\/td>\n<td>Lavaggio in lavatrice<\/td>\n<\/tr>\n<tr>\n<td class=\"left\">Optik<\/td>\n<td>bedruckt, meliert<\/td>\n<\/tr>\n<tr>\n<td class=\"left\">Colore<\/td>\n<td>grau-meliert<\/td>\n<\/tr>\n<tr>\n<td class=\"left\">Cappuccio<\/td>\n<td>mit Kapuze<\/td>\n<\/tr>\n<tr>\n<td class=\"left\">Kapuzenf\u00fctterung<\/td>\n<td>Sweatware<\/td>\n<\/tr>\n<tr>\n<td class=\"left\">Applikationen<\/td>\n<td>Print<\/td>\n<\/tr>\n<tr>\n<td class=\"left\">Borse<\/td>\n<td>Tasca a canguro<\/td>\n<\/tr>\n<tr>\n<td class=\"left\">Besondere Merkmale<\/td>\n<td>mit Veloursdruck<\/td>\n<\/tr>\n<tr>\n<td class=\"left\">\u00c4rmel<\/td>\n<td>Manica lunga<\/td>\n<\/tr>\n<tr>\n<td class=\"left\">\u00c4rmelabschluss<\/td>\n<td>B\u00fcndchen<\/td>\n<\/tr>\n<tr>\n<td class=\"left\">Rumpfabschluss<\/td>\n<td>B\u00fcndchen<\/td>\n<\/tr>\n<tr>\n<td class=\"left\">In forma<\/td>\n<td>Basic<\/td>\n<\/tr>\n<tr>\n<td class=\"left\">Schnittform L\u00e4nge<\/td>\n<td>h\u00fcftlang<\/td>\n<\/tr>\n<\/tbody>\n<\/table>","protected":false},"featured_media":80487,"comment_status":"open","ping_status":"closed","template":"","meta":{"_seopress_robots_primary_cat":"","_seopress_titles_title":"","_seopress_titles_desc":"","_seopress_robots_index":""},"product_brand":[],"product_cat":[1351,1487,1595],"product_tag":[],"class_list":{"0":"post-80376","1":"product","2":"type-product","3":"status-publish","4":"has-post-thumbnail","6":"product_cat-kindermode","7":"product_cat-pullover-sweater-kindermode","8":"product_cat-hoodies-pullover-sweater-kindermode","9":"product_shipping_class-standard-versand","11":"first","12":"instock","13":"sale","14":"taxable","15":"shipping-taxable","16":"purchasable","17":"product-type-simple"},"_links":{"self":[{"href":"https:\/\/www.soanam.de\/it\/wp-json\/wp\/v2\/product\/80376","targetHints":{"allow":["GET"]}}],"collection":[{"href":"https:\/\/www.soanam.de\/it\/wp-json\/wp\/v2\/product"}],"about":[{"href":"https:\/\/www.soanam.de\/it\/wp-json\/wp\/v2\/types\/product"}],"replies":[{"embeddable":true,"href":"https:\/\/www.soanam.de\/it\/wp-json\/wp\/v2\/comments?post=80376"}],"wp:featuredmedia":[{"embeddable":true,"href":"https:\/\/www.soanam.de\/it\/wp-json\/wp\/v2\/media\/80487"}],"wp:attachment":[{"href":"https:\/\/www.soanam.de\/it\/wp-json\/wp\/v2\/media?parent=80376"}],"wp:term":[{"taxonomy":"product_brand","embeddable":true,"href":"https:\/\/www.soanam.de\/it\/wp-json\/wp\/v2\/product_brand?post=80376"},{"taxonomy":"product_cat","embeddable":true,"href":"https:\/\/www.soanam.de\/it\/wp-json\/wp\/v2\/product_cat?post=80376"},{"taxonomy":"product_tag","embeddable":true,"href":"https:\/\/www.soanam.de\/it\/wp-json\/wp\/v2\/product_tag?post=80376"}],"curies":[{"name":"wp","href":"https:\/\/api.w.org\/{rel}","templated":true}]}}