{"id":80310,"date":"2023-12-14T00:30:38","date_gmt":"2023-12-13T23:30:38","guid":{"rendered":"https:\/\/www.soanam.de\/?post_type=product&#038;p=80310"},"modified":"2023-12-14T01:30:11","modified_gmt":"2023-12-14T00:30:11","slug":"felpa-con-cappuccio-in-grigio-nero-taglia-36-38","status":"publish","type":"product","link":"https:\/\/www.soanam.de\/it\/produkt\/bench-kapuzensweatshirt-in-cropped-form-in-grau-schwarz-groesse-36-38\/","title":{"rendered":"Panchina. Felpa con cappuccio, grigio-nero, taglia 36\/38"},"content":{"rendered":"<p>Hoodie mit Logodruck von Bench<br \/>\nIn Cropped-Form<br \/>\nKapuze mit beschrifteten Kordeln<br \/>\nFarblich abgesetzte Raglan\u00e4rmel<br \/>\n\u00c4rmelsaum mit B\u00fcndchen<br \/>\nQualit\u00e0 del cotone fine e morbido<\/p>\n<p>Das kurz geschnittene Oberteil von Bench tr\u00e4gt sich dank Baumwoll-Polyester-Mix besonders angenehm und f\u00e4llt leicht.<br \/>\nDas coole Shirt hat eine l\u00e4ssige Kapuze mit Kordeln und Raglan\u00e4rmel, wobei die \u00c4rmels\u00e4ume eng geschnitten sind.<br \/>\nDas Markenlogo ist auffallend am Saum platziert und ziert die Kordeln der Kapuze.<\/p>\n<p>Materiale: cotone 60%, poliestere 40%<br \/>\nIstruzioni per la cura: Lavare in lavatrice<\/p>\n<p>Farbe: grau-schwarz<br \/>\nMotivo: Stampa logo<br \/>\nDimensione: 36\/38<\/p>\n<p>Larghezza della spalla: 56 cm<br \/>\nLarghezza del torace: 102 cm<br \/>\nLunghezza delle maniche: 53 cm<br \/>\nLunghezza totale: 62 cm<\/p>\n<p>Questo nuovo articolo \u00e8 un reso del cliente senza etichetta.<\/p>","protected":false},"excerpt":{"rendered":"<table class=\"dv_characteristicsTable\">\n<tbody>\n<tr>\n<td class=\"left\">Dimensione<\/td>\n<td>36\/38<\/td>\n<\/tr>\n<tr>\n<td class=\"left\">Gr\u00f6\u00dfentyp<\/td>\n<td>Normalgr\u00f6\u00dfen<\/td>\n<\/tr>\n<tr>\n<td class=\"left\">Composizione del materiale<\/td>\n<td>Obermaterial: 60% Baumwolle, 40% Polyester<\/td>\n<\/tr>\n<tr>\n<td class=\"left\">Materialart<\/td>\n<td>Sweatware<\/td>\n<\/tr>\n<tr>\n<td class=\"left\">Materialeigenschaften<\/td>\n<td>Facile da pulire<\/td>\n<\/tr>\n<tr>\n<td class=\"left\">Istruzioni per la cura<\/td>\n<td>Lavaggio in lavatrice<\/td>\n<\/tr>\n<tr>\n<td class=\"left\">Optik<\/td>\n<td>unifarben, meliert, mehrfarbig<\/td>\n<\/tr>\n<tr>\n<td class=\"left\">Stil<\/td>\n<td>Basic<\/td>\n<\/tr>\n<tr>\n<td class=\"left\">Colore<\/td>\n<td>grau-schwarz<\/td>\n<\/tr>\n<tr>\n<td class=\"left\">Cappuccio<\/td>\n<td>mit Kapuze<\/td>\n<\/tr>\n<tr>\n<td class=\"left\">Kapuzendetails<\/td>\n<td>mit Kordelzug<\/td>\n<\/tr>\n<tr>\n<td class=\"left\">Kapuzenf\u00fctterung<\/td>\n<td>Ton in Ton<\/td>\n<\/tr>\n<tr>\n<td class=\"left\">Applikationen<\/td>\n<td>Logodruck<\/td>\n<\/tr>\n<tr>\n<td class=\"left\">Besondere Merkmale<\/td>\n<td>mit farblich abgesetzten \u00c4rmeln und Logodruck<\/td>\n<\/tr>\n<tr>\n<td class=\"left\">Ausschnitt<\/td>\n<td>ohne Ausschnitt<\/td>\n<\/tr>\n<tr>\n<td class=\"left\">\u00c4rmel<\/td>\n<td>Manica lunga<\/td>\n<\/tr>\n<tr>\n<td class=\"left\">\u00c4rmelabschluss<\/td>\n<td>B\u00fcndchen<\/td>\n<\/tr>\n<tr>\n<td class=\"left\">Rumpfabschluss<\/td>\n<td>abgerundeter Saum<\/td>\n<\/tr>\n<tr>\n<td class=\"left\">In forma<\/td>\n<td>Basic<\/td>\n<\/tr>\n<tr>\n<td class=\"left\">Schnittdetails<\/td>\n<td>hinten l\u00e4nger geschnitten<\/td>\n<\/tr>\n<tr>\n<td class=\"left\">Schnittform L\u00e4nge<\/td>\n<td>taillenbedeckt<\/td>\n<\/tr>\n<\/tbody>\n<\/table>","protected":false},"featured_media":80413,"comment_status":"open","ping_status":"closed","template":"","meta":{"_seopress_robots_primary_cat":"","_seopress_titles_title":"","_seopress_titles_desc":"","_seopress_robots_index":""},"product_brand":[],"product_cat":[1348,1456,1583],"product_tag":[],"class_list":{"0":"post-80310","1":"product","2":"type-product","3":"status-publish","4":"has-post-thumbnail","6":"product_cat-damen-mode","7":"product_cat-pullover-sweater","8":"product_cat-hoodies","9":"product_shipping_class-standard-versand","11":"first","12":"instock","13":"sale","14":"taxable","15":"shipping-taxable","16":"purchasable","17":"product-type-simple"},"_links":{"self":[{"href":"https:\/\/www.soanam.de\/it\/wp-json\/wp\/v2\/product\/80310","targetHints":{"allow":["GET"]}}],"collection":[{"href":"https:\/\/www.soanam.de\/it\/wp-json\/wp\/v2\/product"}],"about":[{"href":"https:\/\/www.soanam.de\/it\/wp-json\/wp\/v2\/types\/product"}],"replies":[{"embeddable":true,"href":"https:\/\/www.soanam.de\/it\/wp-json\/wp\/v2\/comments?post=80310"}],"wp:featuredmedia":[{"embeddable":true,"href":"https:\/\/www.soanam.de\/it\/wp-json\/wp\/v2\/media\/80413"}],"wp:attachment":[{"href":"https:\/\/www.soanam.de\/it\/wp-json\/wp\/v2\/media?parent=80310"}],"wp:term":[{"taxonomy":"product_brand","embeddable":true,"href":"https:\/\/www.soanam.de\/it\/wp-json\/wp\/v2\/product_brand?post=80310"},{"taxonomy":"product_cat","embeddable":true,"href":"https:\/\/www.soanam.de\/it\/wp-json\/wp\/v2\/product_cat?post=80310"},{"taxonomy":"product_tag","embeddable":true,"href":"https:\/\/www.soanam.de\/it\/wp-json\/wp\/v2\/product_tag?post=80310"}],"curies":[{"name":"wp","href":"https:\/\/api.w.org\/{rel}","templated":true}]}}