{"id":80309,"date":"2023-12-14T00:30:38","date_gmt":"2023-12-13T23:30:38","guid":{"rendered":"https:\/\/www.soanam.de\/?post_type=product&#038;p=80309"},"modified":"2023-12-14T01:30:08","modified_gmt":"2023-12-14T00:30:08","slug":"bench-sweatshirt-mit-frontalem-logodruck-in-ecru-groesse-44-46","status":"publish","type":"product","link":"https:\/\/www.soanam.de\/it\/produkt\/bench-sweatshirt-mit-frontalem-logodruck-in-ecru-groesse-44-46\/","title":{"rendered":"Bench. Sweatshirt mit frontalem Logodruck, in Ecru, Gr\u00f6\u00dfe 44\/46"},"content":{"rendered":"<p>Felpa di alta qualit\u00e0 di Bench<br \/>\nScollo rotondo<br \/>\nStampa del logo sul petto<br \/>\nPolsini a coste<br \/>\nQualit\u00e0 del cotone fine e morbido<\/p>\n<p>La felpa Bench presenta un taglio classico, completato da uno scollo rotondo e polsini a coste.<br \/>\nIl top \u00e8 particolarmente elegante grazie alla stampa del logo sul petto.<br \/>\nGrazie alla qualit\u00e0 del cotone pregiato, questa felpa di alta qualit\u00e0 \u00e8 molto comoda da indossare.<\/p>\n<p>Materiale: 65% cotone , 35% poliestere<br \/>\nIstruzioni per la cura: Lavare in lavatrice<\/p>\n<p>Colore: ecru<br \/>\nMotivo: Stampa logo<br \/>\nDimensione: 44\/46<\/p>\n<p>Larghezza della spalla: 44 cm<br \/>\nLarghezza del petto: 115 cm<br \/>\nLunghezza delle maniche: 60 cm<br \/>\nLunghezza totale: 68 cm<\/p>\n<p>Questo nuovo articolo \u00e8 un reso del cliente senza etichetta.<\/p>","protected":false},"excerpt":{"rendered":"<table class=\"dv_characteristicsTable\">\n<tbody>\n<tr>\n<td class=\"left\">Dimensione<\/td>\n<td>44\/46<\/td>\n<\/tr>\n<tr>\n<td class=\"left\">Gr\u00f6\u00dfentyp<\/td>\n<td>Normalgr\u00f6\u00dfen<\/td>\n<\/tr>\n<tr>\n<td class=\"left\">Composizione del materiale<\/td>\n<td>Obermaterial: 65% Baumwolle\u00a0, 35% Polyester<\/td>\n<\/tr>\n<tr>\n<td class=\"left\">Materialart<\/td>\n<td>Sweatware<\/td>\n<\/tr>\n<tr>\n<td class=\"left\">Istruzioni per la cura<\/td>\n<td>Lavaggio in lavatrice<\/td>\n<\/tr>\n<tr>\n<td class=\"left\">Optik<\/td>\n<td>bedruckt, unifarben mit Farbeinsatz<\/td>\n<\/tr>\n<tr>\n<td class=\"left\">Stil<\/td>\n<td>Basic<\/td>\n<\/tr>\n<tr>\n<td class=\"left\">Colore<\/td>\n<td>offwhite-ecru<\/td>\n<\/tr>\n<tr>\n<td class=\"left\">Cappuccio<\/td>\n<td>ohne Kapuze<\/td>\n<\/tr>\n<tr>\n<td class=\"left\">Applikationen<\/td>\n<td>Druck, Logodruck, Logoschriftzug<\/td>\n<\/tr>\n<tr>\n<td class=\"left\">Besondere Merkmale<\/td>\n<td>mit frontalem Logodruck<\/td>\n<\/tr>\n<tr>\n<td class=\"left\">Ausschnitt<\/td>\n<td>Rundhals<\/td>\n<\/tr>\n<tr>\n<td class=\"left\">Ausschnittdetails<\/td>\n<td>Polsini a coste<\/td>\n<\/tr>\n<tr>\n<td class=\"left\">\u00c4rmel<\/td>\n<td>Manica lunga<\/td>\n<\/tr>\n<tr>\n<td class=\"left\">\u00c4rmelabschluss<\/td>\n<td>Polsini a coste<\/td>\n<\/tr>\n<tr>\n<td class=\"left\">Rumpfabschluss<\/td>\n<td>Polsini a coste<\/td>\n<\/tr>\n<tr>\n<td class=\"left\">In forma<\/td>\n<td>Basic<\/td>\n<\/tr>\n<tr>\n<td class=\"left\">Schnittform L\u00e4nge<\/td>\n<td>h\u00fcftlang<\/td>\n<\/tr>\n<\/tbody>\n<\/table>","protected":false},"featured_media":80411,"comment_status":"open","ping_status":"closed","template":"","meta":{"_seopress_robots_primary_cat":"","_seopress_titles_title":"","_seopress_titles_desc":"","_seopress_robots_index":""},"product_brand":[],"product_cat":[1348,1456,1577],"product_tag":[],"class_list":{"0":"post-80309","1":"product","2":"type-product","3":"status-publish","4":"has-post-thumbnail","6":"product_cat-damen-mode","7":"product_cat-pullover-sweater","8":"product_cat-sweatshirts","9":"product_shipping_class-standard-versand","11":"first","12":"instock","13":"sale","14":"taxable","15":"shipping-taxable","16":"purchasable","17":"product-type-simple"},"_links":{"self":[{"href":"https:\/\/www.soanam.de\/it\/wp-json\/wp\/v2\/product\/80309","targetHints":{"allow":["GET"]}}],"collection":[{"href":"https:\/\/www.soanam.de\/it\/wp-json\/wp\/v2\/product"}],"about":[{"href":"https:\/\/www.soanam.de\/it\/wp-json\/wp\/v2\/types\/product"}],"replies":[{"embeddable":true,"href":"https:\/\/www.soanam.de\/it\/wp-json\/wp\/v2\/comments?post=80309"}],"wp:featuredmedia":[{"embeddable":true,"href":"https:\/\/www.soanam.de\/it\/wp-json\/wp\/v2\/media\/80411"}],"wp:attachment":[{"href":"https:\/\/www.soanam.de\/it\/wp-json\/wp\/v2\/media?parent=80309"}],"wp:term":[{"taxonomy":"product_brand","embeddable":true,"href":"https:\/\/www.soanam.de\/it\/wp-json\/wp\/v2\/product_brand?post=80309"},{"taxonomy":"product_cat","embeddable":true,"href":"https:\/\/www.soanam.de\/it\/wp-json\/wp\/v2\/product_cat?post=80309"},{"taxonomy":"product_tag","embeddable":true,"href":"https:\/\/www.soanam.de\/it\/wp-json\/wp\/v2\/product_tag?post=80309"}],"curies":[{"name":"wp","href":"https:\/\/api.w.org\/{rel}","templated":true}]}}