{"id":80288,"date":"2023-12-14T00:30:12","date_gmt":"2023-12-13T23:30:12","guid":{"rendered":"https:\/\/www.soanam.de\/?post_type=product&#038;p=80288"},"modified":"2023-12-14T01:29:57","modified_gmt":"2023-12-14T00:29:57","slug":"bench-kapuzensweatshirt-mit-seitenstreifen-in-ecru-groesse-36-38","status":"publish","type":"product","link":"https:\/\/www.soanam.de\/it\/produkt\/bench-kapuzensweatshirt-mit-seitenstreifen-in-ecru-groesse-36-38\/","title":{"rendered":"Panchina. Felpa con cappuccio e strisce laterali, colore ecru, taglia 36\/38"},"content":{"rendered":"<p>Sportliches Lounge Shirt mit Kapuze von Bench<br \/>\nStreifen entlang den Schultern und den \u00c4rmeln<br \/>\nTasca a canguro<br \/>\nRealizzato in jersey interlock elasticizzato<\/p>\n<p>Das l\u00e4ssige Modell begeistert mit seinem sportlichen Look, der durch die Streifen an Schultern und Raglan\u00e4rmeln bestens zur Geltung kommt.<br \/>\nNat\u00fcrlich sind auch die Kapuze mit ihren kontrastfarbenen B\u00e4ndern und der Logodruck am \u00c4rmelabschluss tolle Highlights. Der weiche Interlock-Jersey macht das Kapuzenshirt unwiderstehlich bequem.<\/p>\n<p>Materiale: cotone 60%, poliestere 40%<br \/>\nIstruzioni per la cura: Lavare in lavatrice<\/p>\n<p>Colore: ecru<br \/>\nMuster: \u00c4rmelstreifen<br \/>\nDimensione: 36\/38<\/p>\n<p>Larghezza della spalla: 52 cm<br \/>\nLarghezza del petto: 96 cm<br \/>\nLunghezza delle maniche: 55 cm<br \/>\nLunghezza totale: 64 cm<\/p>","protected":false},"excerpt":{"rendered":"<table class=\"dv_characteristicsTable\">\n<tbody>\n<tr>\n<td class=\"left\">Dimensione<\/td>\n<td>36\/38<\/td>\n<\/tr>\n<tr>\n<td class=\"left\">Gr\u00f6\u00dfentyp<\/td>\n<td>Normalgr\u00f6\u00dfen<\/td>\n<\/tr>\n<tr>\n<td class=\"left\">Composizione del materiale<\/td>\n<td>Obermaterial: 60% Baumwolle\u00a0, 40% Polyester<\/td>\n<\/tr>\n<tr>\n<td class=\"left\">Materialart<\/td>\n<td>Jersey, Interlock<\/td>\n<\/tr>\n<tr>\n<td class=\"left\">Istruzioni per la cura<\/td>\n<td>Lavaggio in lavatrice<\/td>\n<\/tr>\n<tr>\n<td class=\"left\">Optik<\/td>\n<td>unifarben mit Farbeins\u00e4tzen<\/td>\n<\/tr>\n<tr>\n<td class=\"left\">Stil<\/td>\n<td>sportlich<\/td>\n<\/tr>\n<tr>\n<td class=\"left\">Colore<\/td>\n<td>ecru-schwarz<\/td>\n<\/tr>\n<tr>\n<td class=\"left\">Cappuccio<\/td>\n<td>mit Kapuze<\/td>\n<\/tr>\n<tr>\n<td class=\"left\">Kapuzendetails<\/td>\n<td>mit Kordelzug<\/td>\n<\/tr>\n<tr>\n<td class=\"left\">Applikationen<\/td>\n<td>Logodruck<\/td>\n<\/tr>\n<tr>\n<td class=\"left\">Borse<\/td>\n<td>Tasca a canguro<\/td>\n<\/tr>\n<tr>\n<td class=\"left\">Besondere Merkmale<\/td>\n<td>mit Seitenstreifen und K\u00e4ngurutasche<\/td>\n<\/tr>\n<tr>\n<td class=\"left\">\u00c4rmel<\/td>\n<td>Manica lunga<\/td>\n<\/tr>\n<tr>\n<td class=\"left\">\u00c4rmelabschluss<\/td>\n<td>Polsini a coste<\/td>\n<\/tr>\n<tr>\n<td class=\"left\">Rumpfabschluss<\/td>\n<td>Polsini a coste<\/td>\n<\/tr>\n<tr>\n<td class=\"left\">In forma<\/td>\n<td>bequem<\/td>\n<\/tr>\n<tr>\n<td class=\"left\">Schnittform L\u00e4nge<\/td>\n<td>h\u00fcftbedeckend<\/td>\n<\/tr>\n<\/tbody>\n<\/table>","protected":false},"featured_media":80402,"comment_status":"open","ping_status":"closed","template":"","meta":{"_seopress_robots_primary_cat":"","_seopress_titles_title":"","_seopress_titles_desc":"","_seopress_robots_index":""},"product_brand":[],"product_cat":[1348,1456,1583],"product_tag":[],"class_list":{"0":"post-80288","1":"product","2":"type-product","3":"status-publish","4":"has-post-thumbnail","6":"product_cat-damen-mode","7":"product_cat-pullover-sweater","8":"product_cat-hoodies","9":"product_shipping_class-standard-versand","11":"first","12":"instock","13":"taxable","14":"shipping-taxable","15":"purchasable","16":"product-type-simple"},"_links":{"self":[{"href":"https:\/\/www.soanam.de\/it\/wp-json\/wp\/v2\/product\/80288","targetHints":{"allow":["GET"]}}],"collection":[{"href":"https:\/\/www.soanam.de\/it\/wp-json\/wp\/v2\/product"}],"about":[{"href":"https:\/\/www.soanam.de\/it\/wp-json\/wp\/v2\/types\/product"}],"replies":[{"embeddable":true,"href":"https:\/\/www.soanam.de\/it\/wp-json\/wp\/v2\/comments?post=80288"}],"wp:featuredmedia":[{"embeddable":true,"href":"https:\/\/www.soanam.de\/it\/wp-json\/wp\/v2\/media\/80402"}],"wp:attachment":[{"href":"https:\/\/www.soanam.de\/it\/wp-json\/wp\/v2\/media?parent=80288"}],"wp:term":[{"taxonomy":"product_brand","embeddable":true,"href":"https:\/\/www.soanam.de\/it\/wp-json\/wp\/v2\/product_brand?post=80288"},{"taxonomy":"product_cat","embeddable":true,"href":"https:\/\/www.soanam.de\/it\/wp-json\/wp\/v2\/product_cat?post=80288"},{"taxonomy":"product_tag","embeddable":true,"href":"https:\/\/www.soanam.de\/it\/wp-json\/wp\/v2\/product_tag?post=80288"}],"curies":[{"name":"wp","href":"https:\/\/api.w.org\/{rel}","templated":true}]}}