{"id":80161,"date":"2023-12-14T00:00:33","date_gmt":"2023-12-13T23:00:33","guid":{"rendered":"https:\/\/www.soanam.de\/?post_type=product&#038;p=80161"},"modified":"2023-12-14T00:30:00","modified_gmt":"2023-12-13T23:30:00","slug":"nike-laufshirt-element-womens-1-zip-running-top-in-schwarz-groesse-xl","status":"publish","type":"product","link":"https:\/\/www.soanam.de\/it\/produkt\/nike-laufshirt-element-womens-1-zip-running-top-in-schwarz-groesse-xl\/","title":{"rendered":"Top da corsa Nike Element 1\/Zip da donna, nero, taglia XL"},"content":{"rendered":"<p>Laufshirt von Nike Sportswear<br \/>\nMit Swoosh-Logo<br \/>\nNike Dri-FIT-Technologie<br \/>\nDaumen\u00f6ffnungen und Sichtfenster im \u00c4rmel<br \/>\nDesign mit Viertelrei\u00dfverschluss<br \/>\nMit linker Tasche<\/p>\n<p>Das Nike Laufshirt kehrt mit einem aktualisierten Design aus recycelten Materialien und viel Stretch zur\u00fcck.<br \/>\nDer \u00c4rmel hat ein Fenster, Daumen\u00f6ffnungen sorgen f\u00fcr W\u00e4rme und verbesserten Schutz an den H\u00e4nden.<br \/>\nNutze das Oberteil als Zwischenschicht, erste Schicht oder einzeln - durch die Nike Dri-FIT-Technologie wird der Schwei\u00df von der Haut abgeleitet, damit er schneller verdunstet, und erm\u00f6glicht so trockenen Tragekomfort.<\/p>\n<p>Materiale: 80% cotone, 20% poliestere<br \/>\nIstruzioni per la cura: Lavare in lavatrice<\/p>\n<p>Colore: nero<br \/>\nMotivo: Logo<br \/>\nTaglia: XL<\/p>\n<p>Larghezza della spalla: 48 cm<br \/>\nLarghezza del torace: 124 cm<br \/>\nLunghezza delle maniche: 71 cm<br \/>\nLunghezza totale: 68 cm<\/p>","protected":false},"excerpt":{"rendered":"<table class=\"dv_characteristicsTable\">\n<tbody>\n<tr>\n<td class=\"left\">Dimensione<\/td>\n<td>1X (48\/50)<\/td>\n<\/tr>\n<tr>\n<td class=\"left\">Gr\u00f6\u00dfentyp<\/td>\n<td>Normalgr\u00f6\u00dfen<\/td>\n<\/tr>\n<tr>\n<td class=\"left\">Composizione del materiale<\/td>\n<td>Obermaterial: 88% Polyester\u00a0, 12% Elasthan<\/td>\n<\/tr>\n<tr>\n<td class=\"left\">Istruzioni per la cura<\/td>\n<td>Lavaggio in lavatrice<\/td>\n<\/tr>\n<tr>\n<td class=\"left\">Stil<\/td>\n<td>sportlich<\/td>\n<\/tr>\n<tr>\n<td class=\"left\">Colore<\/td>\n<td>schwarz-meliert<\/td>\n<\/tr>\n<tr>\n<td class=\"left\">Kragen<\/td>\n<td>Collare stand-up<\/td>\n<\/tr>\n<tr>\n<td class=\"left\">Ausschnitt<\/td>\n<td>Rundhals<\/td>\n<\/tr>\n<tr>\n<td class=\"left\">\u00c4rmel<\/td>\n<td>Manica lunga<\/td>\n<\/tr>\n<tr>\n<td class=\"left\">Rumpfabschluss<\/td>\n<td>gerader Abschluss<\/td>\n<\/tr>\n<tr>\n<td class=\"left\">Applikationen<\/td>\n<td>Logodruck<\/td>\n<\/tr>\n<tr>\n<td class=\"left\">Verschluss<\/td>\n<td>Chiusura a zip<\/td>\n<\/tr>\n<tr>\n<td class=\"left\">Sportart<\/td>\n<td>Laufen<\/td>\n<\/tr>\n<\/tbody>\n<\/table>","protected":false},"featured_media":80274,"comment_status":"open","ping_status":"closed","template":"","meta":{"_seopress_robots_primary_cat":"","_seopress_titles_title":"","_seopress_titles_desc":"","_seopress_robots_index":""},"product_brand":[],"product_cat":[1348,1402,1403,1593],"product_tag":[],"class_list":{"0":"post-80161","1":"product","2":"type-product","3":"status-publish","4":"has-post-thumbnail","6":"product_cat-damen-mode","7":"product_cat-sportbekleidung-damen-mode","8":"product_cat-shirts","9":"product_cat-langarm-shirts","10":"product_shipping_class-standard-versand","12":"first","13":"instock","14":"sale","15":"taxable","16":"shipping-taxable","17":"purchasable","18":"product-type-simple"},"_links":{"self":[{"href":"https:\/\/www.soanam.de\/it\/wp-json\/wp\/v2\/product\/80161","targetHints":{"allow":["GET"]}}],"collection":[{"href":"https:\/\/www.soanam.de\/it\/wp-json\/wp\/v2\/product"}],"about":[{"href":"https:\/\/www.soanam.de\/it\/wp-json\/wp\/v2\/types\/product"}],"replies":[{"embeddable":true,"href":"https:\/\/www.soanam.de\/it\/wp-json\/wp\/v2\/comments?post=80161"}],"wp:featuredmedia":[{"embeddable":true,"href":"https:\/\/www.soanam.de\/it\/wp-json\/wp\/v2\/media\/80274"}],"wp:attachment":[{"href":"https:\/\/www.soanam.de\/it\/wp-json\/wp\/v2\/media?parent=80161"}],"wp:term":[{"taxonomy":"product_brand","embeddable":true,"href":"https:\/\/www.soanam.de\/it\/wp-json\/wp\/v2\/product_brand?post=80161"},{"taxonomy":"product_cat","embeddable":true,"href":"https:\/\/www.soanam.de\/it\/wp-json\/wp\/v2\/product_cat?post=80161"},{"taxonomy":"product_tag","embeddable":true,"href":"https:\/\/www.soanam.de\/it\/wp-json\/wp\/v2\/product_tag?post=80161"}],"curies":[{"name":"wp","href":"https:\/\/api.w.org\/{rel}","templated":true}]}}