{"id":80141,"date":"2023-12-14T00:00:08","date_gmt":"2023-12-13T23:00:08","guid":{"rendered":"https:\/\/www.soanam.de\/?post_type=product&#038;p=80141"},"modified":"2023-12-14T00:29:50","modified_gmt":"2023-12-13T23:29:50","slug":"tom-tailor-polo-team-hoodie-in-marine-weiss-groesse-l","status":"publish","type":"product","link":"https:\/\/www.soanam.de\/it\/produkt\/tom-tailor-polo-team-hoodie-in-marine-weiss-groesse-l\/","title":{"rendered":"TOM TAILOR Polo Team Hoodie, in Marine-Wei\u00df, Gr\u00f6\u00dfe L"},"content":{"rendered":"<p>Sweatshirt mit Kapuze von Tom Tailor Polo Team<br \/>\nLogoprint<br \/>\nTaglio dritto<br \/>\nPolsini a coste<br \/>\nSeitliche Streifen<br \/>\nTasca a canguro<\/p>\n<p>Ein besonderer Hingucker ist der gro\u00dfe Logoprint \u00fcber dem linken Arm, der dem Hoodie von TOM TAILOR Polo Team seine trendige Optik verleiht.<br \/>\nWeitere Details, wie die elastischen Rippb\u00fcndchen, die K\u00e4ngurutasche, die Kapuze mit Tunnelzug sowie die kleine Logoapplikation auf der Brust, unterstreichen den modernen Look des gerade geschnittenen Kapuzenpullovers.<br \/>\nDer weiche Griff, die Ton-in-Ton-N\u00e4hte und die weich angeraute Innenseite, gew\u00e4hrleisten einen ausgezeichneten Tragekomfort.<\/p>\n<p>Materiale: cotone 60%, poliestere 40%<br \/>\nIstruzioni per la cura: Lavare in lavatrice<\/p>\n<p>Farbe: marine, wei\u00df<br \/>\nMuster: Logoschriftzug<br \/>\nTaglia: L<\/p>\n<p>Larghezza della spalla: 52 cm<br \/>\nLarghezza del torace: 124 cm<br \/>\nLunghezza delle maniche: 66 cm<br \/>\nLunghezza totale: 73 cm<\/p>","protected":false},"excerpt":{"rendered":"<p>Materiale: cotone 60%, poliestere 40%<br \/>\nIstruzioni per la cura: Lavare in lavatrice<\/p>\n<p>Farbe: marine, wei\u00df<br \/>\nMuster: Logoschriftzug<br \/>\nTaglia: L<\/p>","protected":false},"featured_media":80264,"comment_status":"open","ping_status":"closed","template":"","meta":{"_seopress_robots_primary_cat":"","_seopress_titles_title":"","_seopress_titles_desc":"","_seopress_robots_index":""},"product_brand":[],"product_cat":[1345,1485,1592],"product_tag":[],"class_list":{"0":"post-80141","1":"product","2":"type-product","3":"status-publish","4":"has-post-thumbnail","6":"product_cat-herrenmode","7":"product_cat-pullover-sweater-herrenmode","8":"product_cat-hoodies-pullover-sweater-herrenmode","9":"product_shipping_class-standard-versand","11":"first","12":"instock","13":"taxable","14":"shipping-taxable","15":"purchasable","16":"product-type-simple"},"_links":{"self":[{"href":"https:\/\/www.soanam.de\/it\/wp-json\/wp\/v2\/product\/80141","targetHints":{"allow":["GET"]}}],"collection":[{"href":"https:\/\/www.soanam.de\/it\/wp-json\/wp\/v2\/product"}],"about":[{"href":"https:\/\/www.soanam.de\/it\/wp-json\/wp\/v2\/types\/product"}],"replies":[{"embeddable":true,"href":"https:\/\/www.soanam.de\/it\/wp-json\/wp\/v2\/comments?post=80141"}],"wp:featuredmedia":[{"embeddable":true,"href":"https:\/\/www.soanam.de\/it\/wp-json\/wp\/v2\/media\/80264"}],"wp:attachment":[{"href":"https:\/\/www.soanam.de\/it\/wp-json\/wp\/v2\/media?parent=80141"}],"wp:term":[{"taxonomy":"product_brand","embeddable":true,"href":"https:\/\/www.soanam.de\/it\/wp-json\/wp\/v2\/product_brand?post=80141"},{"taxonomy":"product_cat","embeddable":true,"href":"https:\/\/www.soanam.de\/it\/wp-json\/wp\/v2\/product_cat?post=80141"},{"taxonomy":"product_tag","embeddable":true,"href":"https:\/\/www.soanam.de\/it\/wp-json\/wp\/v2\/product_tag?post=80141"}],"curies":[{"name":"wp","href":"https:\/\/api.w.org\/{rel}","templated":true}]}}