{"id":80036,"date":"2023-12-13T23:56:21","date_gmt":"2023-12-13T22:56:21","guid":{"rendered":"https:\/\/www.soanam.de\/?post_type=product&#038;p=80036"},"modified":"2023-12-14T00:01:30","modified_gmt":"2023-12-13T23:01:30","slug":"3-carta-adesiva-blu-per-stampante-tascabile-paperang-p2","status":"publish","type":"product","link":"https:\/\/www.soanam.de\/it\/produkt\/3-blaues-klebepapier-fuer-paperang-p2-taschendrucker\/","title":{"rendered":"3 Carta adesiva blu per stampanti tascabili PAPERANG P2"},"content":{"rendered":"<h3>Descrizione del<\/h3>\n<p>3 Rollen Druckeretiketten, bedruckbares Aufkleber-Papierrolle, direktes Thermopapier mit selbstklebendem 57 x 30 mm f\u00fcr Taschen-Thermodrucker f\u00fcr Paperang P1\/P2 Mini-Fotodrucker<\/p>\n<p><strong>Informazioni su questo articolo<\/strong><\/p>\n<p>Perfekt f\u00fcr A6 PeriPage Taschenthermodrucker und Paperang P1\/P2 Mini-Fotodrucker.<br \/>\nPapiergr\u00f6\u00dfe: 57 x 30 mm f\u00fcr 1 Stickerrolle, insgesamt 3 Rollen.<br \/>\nHochwertiger Thermopapier-Aufkleber, klar zu drucken.<br \/>\nMit starkem Klebstoff, leicht zu kleben.<br \/>\nDas Druckerpapier ist perfekt f\u00fcr A6 PeriPage Taschenthermodrucker und Paperang P1\/P2 Mini-Fotodrucker.<\/p>","protected":false},"excerpt":{"rendered":"<h3>Caratteristiche dell'articolo<\/h3>\n<p>Condizione dell'articolo: Nuovo con etichetta: articolo nuovo, non usato e non indossato nella sua confezione originale.<\/p>\n<p><strong>Spezifikationen:<\/strong><\/p>\n<table style=\"height: 291px;\" border=\"0\" width=\"417\" frame=\"VOID\" rules=\"NONE\" cellspacing=\"0\">\n<colgroup>\n<col width=\"170\" \/>\n<col width=\"190\" \/><\/colgroup>\n<tbody>\n<tr>\n<td align=\"LEFT\" width=\"170\" height=\"17\">Marchio<\/td>\n<td align=\"LEFT\" width=\"190\">Paperang<\/td>\n<\/tr>\n<tr>\n<td align=\"LEFT\" height=\"17\">Modellnummer<\/td>\n<td align=\"LEFT\">\u200e3BBGJ001<\/td>\n<\/tr>\n<tr>\n<td align=\"LEFT\" height=\"17\">Colore<\/td>\n<td align=\"LEFT\">\u200eBLUE<\/td>\n<\/tr>\n<tr>\n<td align=\"LEFT\" height=\"17\">Papieroberfl\u00e4che<\/td>\n<td align=\"LEFT\">\u200eSpezialbeschichtet<\/td>\n<\/tr>\n<tr>\n<td align=\"LEFT\" height=\"17\">Herstellernummer<\/td>\n<td align=\"LEFT\">\u200e3BBGJ001<\/td>\n<\/tr>\n<tr>\n<td align=\"LEFT\" height=\"17\">Menge:<\/td>\n<td align=\"LEFT\">3 Rollen<\/td>\n<\/tr>\n<tr>\n<td align=\"LEFT\" height=\"17\">Artikelgr\u00f6\u00dfe<\/td>\n<td align=\"LEFT\">(1 Rolle): 5,7 * 3,0 * 3,0 cm<\/td>\n<\/tr>\n<tr>\n<td align=\"LEFT\" height=\"17\">Artikelgewicht (1 Rolle):<\/td>\n<td align=\"LEFT\">38 g<\/td>\n<\/tr>\n<tr>\n<td align=\"LEFT\" height=\"17\">Packungsgewicht:<\/td>\n<td align=\"LEFT\">98 g (3 Rollen)<\/td>\n<\/tr>\n<\/tbody>\n<\/table>","protected":false},"featured_media":80186,"comment_status":"open","ping_status":"closed","template":"","meta":{"_seopress_robots_primary_cat":"","_seopress_titles_title":"","_seopress_titles_desc":"","_seopress_robots_index":""},"product_brand":[],"product_cat":[1421],"product_tag":[],"class_list":{"0":"post-80036","1":"product","2":"type-product","3":"status-publish","4":"has-post-thumbnail","6":"product_cat-buerobedarf","7":"product_shipping_class-standard-versand","9":"first","10":"instock","11":"sale","12":"taxable","13":"shipping-taxable","14":"purchasable","15":"product-type-simple"},"_links":{"self":[{"href":"https:\/\/www.soanam.de\/it\/wp-json\/wp\/v2\/product\/80036","targetHints":{"allow":["GET"]}}],"collection":[{"href":"https:\/\/www.soanam.de\/it\/wp-json\/wp\/v2\/product"}],"about":[{"href":"https:\/\/www.soanam.de\/it\/wp-json\/wp\/v2\/types\/product"}],"replies":[{"embeddable":true,"href":"https:\/\/www.soanam.de\/it\/wp-json\/wp\/v2\/comments?post=80036"}],"wp:featuredmedia":[{"embeddable":true,"href":"https:\/\/www.soanam.de\/it\/wp-json\/wp\/v2\/media\/80186"}],"wp:attachment":[{"href":"https:\/\/www.soanam.de\/it\/wp-json\/wp\/v2\/media?parent=80036"}],"wp:term":[{"taxonomy":"product_brand","embeddable":true,"href":"https:\/\/www.soanam.de\/it\/wp-json\/wp\/v2\/product_brand?post=80036"},{"taxonomy":"product_cat","embeddable":true,"href":"https:\/\/www.soanam.de\/it\/wp-json\/wp\/v2\/product_cat?post=80036"},{"taxonomy":"product_tag","embeddable":true,"href":"https:\/\/www.soanam.de\/it\/wp-json\/wp\/v2\/product_tag?post=80036"}],"curies":[{"name":"wp","href":"https:\/\/api.w.org\/{rel}","templated":true}]}}