{"id":79991,"date":"2023-12-13T23:55:31","date_gmt":"2023-12-13T22:55:31","guid":{"rendered":"https:\/\/www.soanam.de\/?post_type=product&#038;p=79991"},"modified":"2023-12-14T00:00:05","modified_gmt":"2023-12-13T23:00:05","slug":"partner-satisfyer-doppio-piu-giocattolo-partner-remoto-piu-coppia-e-giocattolo-da-solo-in-uno","status":"publish","type":"product","link":"https:\/\/www.soanam.de\/it\/produkt\/satisfyer-partner-double-plus-remote-partnertoy-plus-paar-und-solo-spielzeug-in-einem\/","title":{"rendered":"Satisfyer Partner Double Plus Remote - Giocattolo per partner PLUS, giocattolo per coppia e assolo in uno!"},"content":{"rendered":"<h3>Descrizione del<\/h3>\n<p>Vibratore Partner Toy Plus per coppie a distanza in colore viola<\/p>\n<p>Il Partner Plus stimola lui e lei pi\u00f9 intensamente durante l'amore. Il giocattolo Partner \u00e8 a forma di U, in modo che un'asta si appoggi sul clitoride mentre si usa l'altra durante il gioco. Poich\u00e9 entrambi gli steli sono dotati di un potente motore, non \u00e8 solo il vostro bottone dell'amore a beneficiare delle intense vibrazioni: anche la virilit\u00e0 e il punto G del vostro partner vengono stimolati allo stesso tempo. Basta premere un pulsante per scegliere tra tre intensit\u00e0 di vibrazione e sette ritmi di vibrazione per raggiungere il climax insieme.<\/p>\n<p>Oltre alle vibrazioni, che incanteranno anche la vostra dolce met\u00e0, l'asta inserita in aggiunta offre al vostro partner un'eccitante sensazione di costrizione per rendere il vostro rapporto d'amore ancora pi\u00f9 stimolante per lui. Potrete godere di questa stimolazione simultanea ovunque ne abbiate voglia: Grazie alla qualit\u00e0 impermeabile del Partner Plus, potrete rendere ancora pi\u00f9 caldo un bagno caldo insieme. Un altro elemento pratico \u00e8 la batteria ricaricabile integrata: potete semplicemente caricare il Partner Plus con il cavo di ricarica USB in dotazione e rendere pi\u00f9 piccante la vostra vita amorosa ogni volta che ne avete voglia.<\/p>\n<p>* Coppia di giocattoli<br \/>\n* Morbido silicone<br \/>\n* 2 motori<br \/>\n* 4 programmi<br \/>\n* 3 velocit\u00e0<br \/>\n* Stimolazione del punto G e del clitoride<br \/>\n* Facile da usare<br \/>\n* Ricaricabile<br \/>\n* Impermeabile<\/p>","protected":false},"excerpt":{"rendered":"<h3>Caratteristiche dell'articolo<\/h3>\n<p>Condizione dell'articolo: Nuovo con etichetta: articolo nuovo, non usato e non indossato nella sua confezione originale.<\/p>\n<p>Gr\u00f6\u00dfe: 8.8 cm.<br \/>\nGewicht: 0.254<br \/>\nPower: USB Wiederaufladbar<br \/>\nWasserdicht: Wasserdicht<br \/>\nFarbe: Violett<br \/>\nMaterial: ABS, Silikon<\/p>","protected":false},"featured_media":80132,"comment_status":"open","ping_status":"closed","template":"","meta":{"_seopress_robots_primary_cat":"","_seopress_titles_title":"","_seopress_titles_desc":"","_seopress_robots_index":""},"product_brand":[],"product_cat":[1730],"product_tag":[],"class_list":{"0":"post-79991","1":"product","2":"type-product","3":"status-publish","4":"has-post-thumbnail","6":"product_cat-sonstiges-2","7":"product_shipping_class-standard-versand","9":"first","10":"instock","11":"sale","12":"taxable","13":"shipping-taxable","14":"purchasable","15":"product-type-simple"},"_links":{"self":[{"href":"https:\/\/www.soanam.de\/it\/wp-json\/wp\/v2\/product\/79991","targetHints":{"allow":["GET"]}}],"collection":[{"href":"https:\/\/www.soanam.de\/it\/wp-json\/wp\/v2\/product"}],"about":[{"href":"https:\/\/www.soanam.de\/it\/wp-json\/wp\/v2\/types\/product"}],"replies":[{"embeddable":true,"href":"https:\/\/www.soanam.de\/it\/wp-json\/wp\/v2\/comments?post=79991"}],"wp:featuredmedia":[{"embeddable":true,"href":"https:\/\/www.soanam.de\/it\/wp-json\/wp\/v2\/media\/80132"}],"wp:attachment":[{"href":"https:\/\/www.soanam.de\/it\/wp-json\/wp\/v2\/media?parent=79991"}],"wp:term":[{"taxonomy":"product_brand","embeddable":true,"href":"https:\/\/www.soanam.de\/it\/wp-json\/wp\/v2\/product_brand?post=79991"},{"taxonomy":"product_cat","embeddable":true,"href":"https:\/\/www.soanam.de\/it\/wp-json\/wp\/v2\/product_cat?post=79991"},{"taxonomy":"product_tag","embeddable":true,"href":"https:\/\/www.soanam.de\/it\/wp-json\/wp\/v2\/product_tag?post=79991"}],"curies":[{"name":"wp","href":"https:\/\/api.w.org\/{rel}","templated":true}]}}