{"id":79808,"date":"2023-12-13T23:19:23","date_gmt":"2023-12-13T22:19:23","guid":{"rendered":"https:\/\/www.soanam.de\/?post_type=product&#038;p=79808"},"modified":"2023-12-13T23:54:36","modified_gmt":"2023-12-13T22:54:36","slug":"h-i-s-jazzpants-im-2er-pack-in-schwarz-groesse-100","status":"publish","type":"product","link":"https:\/\/www.soanam.de\/it\/produkt\/h-i-s-jazzpants-im-2er-pack-in-schwarz-groesse-100\/","title":{"rendered":"Pantaloni da jazz H.I.S. in confezione da 2, in nero, taglia 100"},"content":{"rendered":"<p>Bootcut Hose von H.I.S<br \/>\nIm praktischen Doppelpack<br \/>\nLogodruck unter dem Bund<br \/>\nElastisches B\u00fcndchen<\/p>\n<p>Die Jazzpants von H.I.S zeichnen sich durch einen hohen Tragekomfort aus, der durch den typischen Beinverlauf mit minimal ausgestellten Beinabschl\u00fcssen bestimmt wird.<br \/>\nDer kleine Logodruck unter dem Bund setzt einen kleinen Akzent auf der unifarbenen Baumwollqualit\u00e4t.<\/p>\n<p>Materiale: 95% cotone, 5% elastan<br \/>\nIstruzioni per la cura: Lavare in lavatrice<\/p>\n<p>Colore: nero<br \/>\nModello: senza<br \/>\nGr\u00f6\u00dfe: 100<\/p>\n<p>Bundweite: 102cm<br \/>\nCirconferenza dell'anca: 118 cm<br \/>\nSchrittl\u00e4nge: 90cm<br \/>\nLunghezza totale: 119 cm<\/p>","protected":false},"excerpt":{"rendered":"<table class=\"dv_characteristicsTable\">\n<tbody>\n<tr>\n<td class=\"left\">Dimensione<\/td>\n<td>100<\/td>\n<\/tr>\n<tr>\n<td class=\"left\">Gr\u00f6\u00dfentyp<\/td>\n<td>Kurzgr\u00f6\u00dfen, Langgr\u00f6\u00dfen<\/td>\n<\/tr>\n<tr>\n<td class=\"left\">Composizione del materiale<\/td>\n<td>Obermaterial: 95% Baumwolle\u00a0, 5% Elasthan<\/td>\n<\/tr>\n<tr>\n<td class=\"left\">Materialart<\/td>\n<td>Maglia singola<\/td>\n<\/tr>\n<tr>\n<td class=\"left\">Istruzioni per la cura<\/td>\n<td>Lavaggio in lavatrice<\/td>\n<\/tr>\n<tr>\n<td class=\"left\">Optik<\/td>\n<td>unifarben<\/td>\n<\/tr>\n<tr>\n<td class=\"left\">Stil<\/td>\n<td>sportlich<\/td>\n<\/tr>\n<tr>\n<td class=\"left\">Colore<\/td>\n<td>schwarz<\/td>\n<\/tr>\n<tr>\n<td class=\"left\">Leibh\u00f6he<\/td>\n<td>komfortabel<\/td>\n<\/tr>\n<tr>\n<td class=\"left\">Bundabschluss<\/td>\n<td>elastischer Bund<\/td>\n<\/tr>\n<tr>\n<td class=\"left\">Beinform<\/td>\n<td>ausgestellt<\/td>\n<\/tr>\n<tr>\n<td class=\"left\">In forma<\/td>\n<td>schmal<\/td>\n<\/tr>\n<tr>\n<td class=\"left\">Schnittform L\u00e4nge<\/td>\n<td>lang<\/td>\n<\/tr>\n<tr>\n<td class=\"left\">Applikationen<\/td>\n<td>Logodruck<\/td>\n<\/tr>\n<tr>\n<td class=\"left\">Besondere Merkmale<\/td>\n<td>Gro\u00dfe Gr\u00f6\u00dfen<\/td>\n<\/tr>\n<\/tbody>\n<\/table>","protected":false},"featured_media":79939,"comment_status":"open","ping_status":"closed","template":"","meta":{"_seopress_robots_primary_cat":"","_seopress_titles_title":"","_seopress_titles_desc":"","_seopress_robots_index":""},"product_brand":[],"product_cat":[1348,1402,1589],"product_tag":[],"class_list":{"0":"post-79808","1":"product","2":"type-product","3":"status-publish","4":"has-post-thumbnail","6":"product_cat-damen-mode","7":"product_cat-sportbekleidung-damen-mode","8":"product_cat-leggings-sportbekleidung-damen-mode","9":"product_shipping_class-standard-versand","11":"first","12":"instock","13":"taxable","14":"shipping-taxable","15":"purchasable","16":"product-type-simple"},"_links":{"self":[{"href":"https:\/\/www.soanam.de\/it\/wp-json\/wp\/v2\/product\/79808","targetHints":{"allow":["GET"]}}],"collection":[{"href":"https:\/\/www.soanam.de\/it\/wp-json\/wp\/v2\/product"}],"about":[{"href":"https:\/\/www.soanam.de\/it\/wp-json\/wp\/v2\/types\/product"}],"replies":[{"embeddable":true,"href":"https:\/\/www.soanam.de\/it\/wp-json\/wp\/v2\/comments?post=79808"}],"wp:featuredmedia":[{"embeddable":true,"href":"https:\/\/www.soanam.de\/it\/wp-json\/wp\/v2\/media\/79939"}],"wp:attachment":[{"href":"https:\/\/www.soanam.de\/it\/wp-json\/wp\/v2\/media?parent=79808"}],"wp:term":[{"taxonomy":"product_brand","embeddable":true,"href":"https:\/\/www.soanam.de\/it\/wp-json\/wp\/v2\/product_brand?post=79808"},{"taxonomy":"product_cat","embeddable":true,"href":"https:\/\/www.soanam.de\/it\/wp-json\/wp\/v2\/product_cat?post=79808"},{"taxonomy":"product_tag","embeddable":true,"href":"https:\/\/www.soanam.de\/it\/wp-json\/wp\/v2\/product_tag?post=79808"}],"curies":[{"name":"wp","href":"https:\/\/api.w.org\/{rel}","templated":true}]}}