{"id":79804,"date":"2023-12-13T23:19:21","date_gmt":"2023-12-13T22:19:21","guid":{"rendered":"https:\/\/www.soanam.de\/?post_type=product&#038;p=79804"},"modified":"2023-12-13T23:54:20","modified_gmt":"2023-12-13T22:54:20","slug":"corda-di-gomma-di-cotone-organico-e-gomma-naturale-in-nero-50m","status":"publish","type":"product","link":"https:\/\/www.soanam.de\/it\/produkt\/bio-baumwolle-gummischnur-und-naturkautschuk-in-schwarz-50m\/","title":{"rendered":"Cordoncino elastico in cotone biologico e gomma naturale di colore nero - 50m"},"content":{"rendered":"<h3>Descrizione del<\/h3>\n<p><strong>ETHISCHE PRODUKTION:<\/strong><br \/>\nBio-Baumwolle wird ohne den Einsatz von Pestiziden, Herbiziden und chemischen D\u00fcngemitteln angebaut, was bedeutet, dass sie besser f\u00fcr Mensch und Umwelt ist. Naturkautschuk ist eine vorhandene Ressource, die dazu beitr\u00e4gt, die lokale Wirtschaft anzukurbeln und die Entwaldung zu verhindern, ohne dass synthetische Polymere erforderlich sind. Es stammt von malaysischen Plantagen, auf denen keine Kinderarbeit eingesetzt wird.<\/p>\n<p><strong>NACHHALTIGKEIT:<\/strong><br \/>\nZusammen gemischt ist dieses Gummiband aus Bio-Baumwolle und Naturkautschuk umweltfreundlicher und besser f\u00fcr Ihre Haut. Es verhindert auch, dass m\u00f6gliche unangenehme Fasern in unser Wasser gesp\u00fclt werden. Die Bio-Baumwolle stammt aus der T\u00fcrkei. Die Produktion erfolgt in \u00d6sterreich.<\/p>\n<p><strong>ZUR PFLEGE IHRES PRODUKTS:<\/strong><br \/>\nDieses Gummiband ist bis 40\u00b0C (104\u00b0F) waschbar und l\u00e4uft beim ersten Waschen bis zu 5% ein. Wir empfehlen immer, vor dem N\u00e4hen zu waschen (in einer Ladung mit \u00e4hnlichen Farben ist absolut in Ordnung) und in Erw\u00e4gung zu ziehen, etwas mehr zu kaufen, als Sie ben\u00f6tigen - es ist sicher praktisch.<\/p>\n<p><strong>IDEAL F\u00dcR:<\/strong><br \/>\nKleidung, Haarb\u00e4nder und Accessoires. Besonders gut geeignet f\u00fcr Accessoires und Haarschmuck, Masken und Spaghettitr\u00e4ger.<\/p>","protected":false},"excerpt":{"rendered":"<h3>Caratteristiche dell'articolo<\/h3>\n<p>Condizione dell'articolo: Nuovo con etichetta: articolo nuovo, non usato e non indossato nella sua confezione originale.<\/p>\n<p>Eine aufregende Entwicklung in Kurzwaren und nachhaltiger Mode - Bio-Baumwolle gemischt mit Naturkautschuk; ein 100 % biologisch abbaubares Gummiband!<br \/>\nEcrufarbenes Gummiband, 1,1 mm Durchmesser.<br \/>\n40 % Bio-Baumwolle, 60 % Naturkautschuk. Schwarz gef\u00e4rbt.<br \/>\nDie Elastizit\u00e4t betr\u00e4gt 190 %<\/p>","protected":false},"featured_media":79927,"comment_status":"open","ping_status":"closed","template":"","meta":{"_seopress_robots_primary_cat":"","_seopress_titles_title":"","_seopress_titles_desc":"","_seopress_robots_index":""},"product_brand":[],"product_cat":[1400,1401],"product_tag":[],"class_list":{"0":"post-79804","1":"product","2":"type-product","3":"status-publish","4":"has-post-thumbnail","6":"product_cat-wohnzubehoer","7":"product_cat-haushaltswaren","8":"product_shipping_class-standard-versand","10":"first","11":"instock","12":"sale","13":"taxable","14":"shipping-taxable","15":"purchasable","16":"product-type-simple"},"_links":{"self":[{"href":"https:\/\/www.soanam.de\/it\/wp-json\/wp\/v2\/product\/79804","targetHints":{"allow":["GET"]}}],"collection":[{"href":"https:\/\/www.soanam.de\/it\/wp-json\/wp\/v2\/product"}],"about":[{"href":"https:\/\/www.soanam.de\/it\/wp-json\/wp\/v2\/types\/product"}],"replies":[{"embeddable":true,"href":"https:\/\/www.soanam.de\/it\/wp-json\/wp\/v2\/comments?post=79804"}],"wp:featuredmedia":[{"embeddable":true,"href":"https:\/\/www.soanam.de\/it\/wp-json\/wp\/v2\/media\/79927"}],"wp:attachment":[{"href":"https:\/\/www.soanam.de\/it\/wp-json\/wp\/v2\/media?parent=79804"}],"wp:term":[{"taxonomy":"product_brand","embeddable":true,"href":"https:\/\/www.soanam.de\/it\/wp-json\/wp\/v2\/product_brand?post=79804"},{"taxonomy":"product_cat","embeddable":true,"href":"https:\/\/www.soanam.de\/it\/wp-json\/wp\/v2\/product_cat?post=79804"},{"taxonomy":"product_tag","embeddable":true,"href":"https:\/\/www.soanam.de\/it\/wp-json\/wp\/v2\/product_tag?post=79804"}],"curies":[{"name":"wp","href":"https:\/\/api.w.org\/{rel}","templated":true}]}}