{"id":79768,"date":"2023-12-13T23:18:22","date_gmt":"2023-12-13T22:18:22","guid":{"rendered":"https:\/\/www.soanam.de\/?post_type=product&#038;p=79768"},"modified":"2023-12-13T23:21:57","modified_gmt":"2023-12-13T22:21:57","slug":"5-stueck-abflussstopfen-universal-silikon-badewannenstoepsel-abflusssieb","status":"publish","type":"product","link":"https:\/\/www.soanam.de\/it\/produkt\/5-stueck-abflussstopfen-universal-silikon-badewannenstoepsel-abflusssieb\/","title":{"rendered":"5 pezzi tappo di scarico, silicone universale vasca da bagno tappo di scarico filtro"},"content":{"rendered":"<h3>Descrizione del<\/h3>\n<p>Multifunktional Haarsieb K\u00fcche Waschbeckenst\u00f6psel, Ideal f\u00fcr Badezimmer<\/p>\n<p>\u273fHochwertiges Material: Hergestellt aus hochwertigem und hochwertigem Silikon in Lebensmittelqualit\u00e4t, das umweltfreundlich, ungiftig, weich und flexibel ist. Es kann effektiv abflie\u00dfen und den Wasserfluss verhindern, auslaufen und die Haare abschneiden und hat eine l\u00e4ngere Lebensdauer.<br \/>\n\u273f2-in-1-Design: Mit dem fortschrittlichen 2-1-Design eignet sich unser Badstopfen besser, um das Herunterflie\u00dfen von Haaren und M\u00fcll in der Wanne zu verhindern und unn\u00f6tiges Verstopfen zu verhindern. Dar\u00fcber hinaus ist die Ablassschraube schmutzabweisend und waschbar. Umweltfreundlicher.<br \/>\n\u273fEinfach zu bedienen: Super einfach zu bedienen. Sie m\u00fcssen lediglich die Mitte des Knopfes und die Kanten dr\u00fccken, um zu falten, damit Wasser durchflie\u00dfen kann und Haare oder andere Gegenst\u00e4nde nicht in den Abwasserkanal gelangen k\u00f6nnen. Wenn Sie auf die Lippe dr\u00fccken, um die Ablassschraube zu schlie\u00dfen. Durch die leckagefreie Ausf\u00fchrung kann das Wasser die Badewanne f\u00fcllen.<br \/>\n\u273fBreite Anwendung: Unser multifunktionaler abflussstopfen kann nicht nur f\u00fcr K\u00fcchen- und Waschbecken verwendet werden, sondern auch f\u00fcr die meisten Badewannen und Badewannen. Aufgrund der sehr weichen und flexiblen Funktion k\u00f6nnen Sie die Form leichter an die meisten Becken, Waschbecken, Badewannen und Abfl\u00fcsse anpassen.<\/p>\n<p><strong>Ambito di fornitura:<\/strong><br \/>\n5 St\u00fcck Badewannenst\u00f6psel und Haarsieb<\/p>","protected":false},"excerpt":{"rendered":"<h3>Caratteristiche dell'articolo<\/h3>\n<p>Condizione dell'articolo: Nuovo con etichetta: articolo nuovo, non usato e non indossato nella sua confezione originale.<\/p>\n<p>Spezifikation:<br \/>\nMaterial: TPR-Kunststoff + Zink-Aluminium<br \/>\nGr\u00f6\u00dfe: ca. 10cm Durchmesser<br \/>\nFarbe: gr\u00fcn + grau + pink + wei\u00df + blau<br \/>\nGewicht: ca. 40g\/St\u00fcck<br \/>\nForm: Runde<br \/>\nSt\u00fcckzahl\uff1a5<br \/>\nHersteller: SonJoy<br \/>\nEAN: 6274003775188<br \/>\nHerstellernummer: Kau-sj-05393<\/p>","protected":false},"featured_media":79901,"comment_status":"open","ping_status":"closed","template":"","meta":{"_seopress_robots_primary_cat":"","_seopress_titles_title":"","_seopress_titles_desc":"","_seopress_robots_index":""},"product_brand":[],"product_cat":[1400,1401],"product_tag":[],"class_list":{"0":"post-79768","1":"product","2":"type-product","3":"status-publish","4":"has-post-thumbnail","6":"product_cat-wohnzubehoer","7":"product_cat-haushaltswaren","8":"product_shipping_class-standard-versand","10":"first","11":"instock","12":"sale","13":"taxable","14":"shipping-taxable","15":"purchasable","16":"product-type-simple"},"_links":{"self":[{"href":"https:\/\/www.soanam.de\/it\/wp-json\/wp\/v2\/product\/79768","targetHints":{"allow":["GET"]}}],"collection":[{"href":"https:\/\/www.soanam.de\/it\/wp-json\/wp\/v2\/product"}],"about":[{"href":"https:\/\/www.soanam.de\/it\/wp-json\/wp\/v2\/types\/product"}],"replies":[{"embeddable":true,"href":"https:\/\/www.soanam.de\/it\/wp-json\/wp\/v2\/comments?post=79768"}],"wp:featuredmedia":[{"embeddable":true,"href":"https:\/\/www.soanam.de\/it\/wp-json\/wp\/v2\/media\/79901"}],"wp:attachment":[{"href":"https:\/\/www.soanam.de\/it\/wp-json\/wp\/v2\/media?parent=79768"}],"wp:term":[{"taxonomy":"product_brand","embeddable":true,"href":"https:\/\/www.soanam.de\/it\/wp-json\/wp\/v2\/product_brand?post=79768"},{"taxonomy":"product_cat","embeddable":true,"href":"https:\/\/www.soanam.de\/it\/wp-json\/wp\/v2\/product_cat?post=79768"},{"taxonomy":"product_tag","embeddable":true,"href":"https:\/\/www.soanam.de\/it\/wp-json\/wp\/v2\/product_tag?post=79768"}],"curies":[{"name":"wp","href":"https:\/\/api.w.org\/{rel}","templated":true}]}}