{"id":79767,"date":"2023-12-13T23:18:22","date_gmt":"2023-12-13T22:18:22","guid":{"rendered":"https:\/\/www.soanam.de\/?post_type=product&#038;p=79767"},"modified":"2023-12-13T23:21:36","modified_gmt":"2023-12-13T22:21:36","slug":"orologio-da-parete-nomon-pico","status":"publish","type":"product","link":"https:\/\/www.soanam.de\/it\/produkt\/nomon-pico-wall-clock\/","title":{"rendered":"OROLOGIO DA PARETE NOMON PICO"},"content":{"rendered":"<h3>Design eccezionale: l'orologio da parete Pico di Nomon<\/h3>\n<div>L'orologio da parete Pico colpisce per il suo design minimalista e insolito, perch\u00e9 si distingue letteralmente dalla massa. Le lancette dell'orologio di design sporgono oltre il quadrante. Grazie al suo aspetto discreto, questo orologio si integra facilmente in qualsiasi ambiente.<\/div>\n<h3>Progetto di Jos\u00e9 Mar\u00eda Reina<\/h3>\n<div>Il designer \u00e8 Jos\u00e9 Mar\u00eda Reina, i suoi progetti sono innovativi e trascendentali, sia nella forma che nella scelta dei materiali. Il suo talento mette in primo piano il valore estetico dell'orologio, conferendo a un oggetto altrimenti quotidiano una bellezza straordinaria attraverso forme e materiali speciali.<\/div>\n<h3>Nomon - Au\u00dferordentliches spanisches Handwerk trifft auf pr\u00e4zise deutsche Uhrentechnik<\/h3>\n<div><b>Nomon\u00a0<\/b>\u00e8 uno dei principali produttori di orologi per interni. Il produttore spagnolo crea orologi straordinari, realizzati a mano in una fabbrica locale a Barcellona.<\/div>\n<h3>Materiale e formato<\/h3>\n<div>L'orologio da parete \u00e8 realizzato in legno, polistirolo e fibra di vetro. Ha un diametro di 40 cm e una profondit\u00e0 di 4,5 cm. All'interno, Nomon si affida alla collaudata tecnologia tedesca e utilizza un movimento al quarzo proveniente dalla Germania. Nomon utilizza solo legno proveniente da foreste sostenibili ed \u00e8 certificato secondo le norme ECO-RAEE, PEFC e RoHS.<\/div>","protected":false},"excerpt":{"rendered":"<p>\u00dcberragendes Design: Die Pico Wanduhr von Nomon Die\u00a0Pico Wanduhr\u00a0\u00fcberzeugt durch ihr\u00a0minimalistisches und zudem au\u00dfergew\u00f6hnliches Design\u00a0\u2013 denn sie f\u00e4llt im wahrsten Sinne des Wortes aus dem Rahmen. Die Zeiger ragen bei der Designer Uhr \u00fcber das Zifferblatt hinaus. Durch das dezente Auftreten kann diese Uhr sich problemlos in jeden Raum einf\u00fcgen. Design by Jos\u00e9 Mar\u00eda Reina [&hellip;]<\/p>\n","protected":false},"featured_media":79895,"comment_status":"open","ping_status":"closed","template":"","meta":{"_seopress_robots_primary_cat":"","_seopress_titles_title":"","_seopress_titles_desc":"","_seopress_robots_index":""},"product_brand":[],"product_cat":[1400,1420],"product_tag":[],"class_list":{"0":"post-79767","1":"product","2":"type-product","3":"status-publish","4":"has-post-thumbnail","6":"product_cat-wohnzubehoer","7":"product_cat-wohndekoration","8":"product_shipping_class-standard-versand","10":"first","11":"instock","12":"taxable","13":"shipping-taxable","14":"purchasable","15":"product-type-simple"},"_links":{"self":[{"href":"https:\/\/www.soanam.de\/it\/wp-json\/wp\/v2\/product\/79767","targetHints":{"allow":["GET"]}}],"collection":[{"href":"https:\/\/www.soanam.de\/it\/wp-json\/wp\/v2\/product"}],"about":[{"href":"https:\/\/www.soanam.de\/it\/wp-json\/wp\/v2\/types\/product"}],"replies":[{"embeddable":true,"href":"https:\/\/www.soanam.de\/it\/wp-json\/wp\/v2\/comments?post=79767"}],"wp:featuredmedia":[{"embeddable":true,"href":"https:\/\/www.soanam.de\/it\/wp-json\/wp\/v2\/media\/79895"}],"wp:attachment":[{"href":"https:\/\/www.soanam.de\/it\/wp-json\/wp\/v2\/media?parent=79767"}],"wp:term":[{"taxonomy":"product_brand","embeddable":true,"href":"https:\/\/www.soanam.de\/it\/wp-json\/wp\/v2\/product_brand?post=79767"},{"taxonomy":"product_cat","embeddable":true,"href":"https:\/\/www.soanam.de\/it\/wp-json\/wp\/v2\/product_cat?post=79767"},{"taxonomy":"product_tag","embeddable":true,"href":"https:\/\/www.soanam.de\/it\/wp-json\/wp\/v2\/product_tag?post=79767"}],"curies":[{"name":"wp","href":"https:\/\/api.w.org\/{rel}","templated":true}]}}