{"id":79633,"date":"2023-12-13T23:15:32","date_gmt":"2023-12-13T22:15:32","guid":{"rendered":"https:\/\/www.soanam.de\/?post_type=product&#038;p=79633"},"modified":"2023-12-13T23:17:40","modified_gmt":"2023-12-13T22:17:40","slug":"beachtime-2-tlg-set-aus-leggings-und-longtop-in-schwarz-braun-groesse-36-38","status":"publish","type":"product","link":"https:\/\/www.soanam.de\/it\/produkt\/beachtime-2-tlg-set-aus-leggings-und-longtop-in-schwarz-braun-groesse-36-38\/","title":{"rendered":"Set 2 pezzi Beachtime composto da leggings e top lungo, in nero, marrone, taglia 36\/38"},"content":{"rendered":"<p>2-teiliges Sommerset von Beachtime<br \/>\nAsymmetrisch geschnittenes Longtop<br \/>\nSeitlich mit Schlitz<br \/>\nLeggings mit Cut-out-Detail am Abschluss<br \/>\nIn bequemer Jerseyqualit\u00e4t<\/p>\n<p>Das Sommer-Set aus Top und Leggings von Beachtime begleitet dich, wohin du auch willst.<br \/>\nDas am Saum asymmetrisch geschnittene \u00fcberlange Top im Alloverprint mit seitlichen Schlitzen ist ein echter Hingucker.<br \/>\nDie schlichten Leggings erg\u00e4nzen das flie\u00dfend fallende Oberteil perfekt und die minimalen Cut-outs an den Beinabschl\u00fcssen zeigen ein kleines Extra.<\/p>\n<p>Material: Obermaterial: 92% Baumwolle , 8% Elasthan. Oberteil: 100% Viskose<br \/>\nIstruzioni per la cura: Lavare in lavatrice<\/p>\n<p>Farbe: Oberteil: braun, bedruckt. Hose: schwarz<br \/>\nModello: Stampa animalier<br \/>\nDimensione: 36\/38<\/p>\n<p>Oberteil\u00a0 \u00a0 \u00a0 \u00a0 \u00a0 \u00a0 \u00a0 \u00a0 \u00a0 \u00a0 \u00a0 \u00a0 \u00a0 \u00a0 \u00a0 \u00a0 \u00a0 \u00a0 \u00a0 \u00a0 \u00a0 \u00a0 \u00a0 \u00a0 \u00a0 \u00a0 \u00a0 \u00a0 \u00a0 \u00a0 \u00a0 \u00a0 \u00a0 \u00a0 \u00a0 \u00a0 \u00a0Hose<br \/>\nBrustweite: 84cm\u00a0 \u00a0 \u00a0 \u00a0 \u00a0 \u00a0 \u00a0 \u00a0 \u00a0 \u00a0 \u00a0 \u00a0 \u00a0 \u00a0 \u00a0 \u00a0 \u00a0 \u00a0 \u00a0 \u00a0 \u00a0 \u00a0 \u00a0 \u00a0 \u00a0 \u00a0 \u00a0 \u00a0Schrittl\u00e4nge: 51cm<br \/>\nGesamtl\u00e4nge: 98cm\u00a0 \u00a0 \u00a0 \u00a0 \u00a0 \u00a0 \u00a0 \u00a0 \u00a0 \u00a0 \u00a0 \u00a0 \u00a0 \u00a0 \u00a0 \u00a0 \u00a0 \u00a0 \u00a0 \u00a0 \u00a0 \u00a0 \u00a0 \u00a0 \u00a0 \u00a0Gesamtl\u00e4nge: 70cm<\/p>\n<p>Questo nuovo articolo \u00e8 un reso del cliente senza etichetta.<\/p>","protected":false},"excerpt":{"rendered":"<table class=\"dv_characteristicsTable\">\n<tbody>\n<tr>\n<td class=\"left\">Dimensione<\/td>\n<td>36\/38<\/td>\n<\/tr>\n<tr>\n<td class=\"left\">Gr\u00f6\u00dfentyp<\/td>\n<td>Normalgr\u00f6\u00dfen<\/td>\n<\/tr>\n<tr>\n<td class=\"left\">Composizione del materiale<\/td>\n<td>Obermaterial: 92% Baumwolle\u00a0, 8% Elasthan. Oberteil: 100% Viskose<\/td>\n<\/tr>\n<tr>\n<td class=\"left\">Materialart<\/td>\n<td>Jersey<\/td>\n<\/tr>\n<tr>\n<td class=\"left\">Materialeigenschaften<\/td>\n<td>Stretch<\/td>\n<\/tr>\n<tr>\n<td class=\"left\">Istruzioni per la cura<\/td>\n<td>Lavaggio in lavatrice<\/td>\n<\/tr>\n<tr>\n<td class=\"left\">Stil<\/td>\n<td>casual<\/td>\n<\/tr>\n<tr>\n<td class=\"left\">Colore<\/td>\n<td>braun, bedruckt<\/td>\n<\/tr>\n<tr>\n<td class=\"left\">Farbe Packst\u00fcck 2<\/td>\n<td>schwarz<\/td>\n<\/tr>\n<tr>\n<td class=\"left\">Ausschnitt<\/td>\n<td>Rundhals<\/td>\n<\/tr>\n<tr>\n<td class=\"left\">\u00c4rmel<\/td>\n<td>ohne \u00c4rmel<\/td>\n<\/tr>\n<tr>\n<td class=\"left\">In forma<\/td>\n<td>figurumspielend<\/td>\n<\/tr>\n<tr>\n<td class=\"left\">Schnittdetails<\/td>\n<td>asymmetrisch<\/td>\n<\/tr>\n<tr>\n<td class=\"left\">Schnittform L\u00e4nge<\/td>\n<td>knielang<\/td>\n<\/tr>\n<tr>\n<td class=\"left\">Besondere Merkmale<\/td>\n<td>in Animalprint<\/td>\n<\/tr>\n<\/tbody>\n<\/table>","protected":false},"featured_media":79736,"comment_status":"open","ping_status":"closed","template":"","meta":{"_seopress_robots_primary_cat":"","_seopress_titles_title":"","_seopress_titles_desc":"","_seopress_robots_index":""},"product_brand":[],"product_cat":[1348,1578],"product_tag":[],"class_list":{"0":"post-79633","1":"product","2":"type-product","3":"status-publish","4":"has-post-thumbnail","6":"product_cat-damen-mode","7":"product_cat-sets-damen-mode","8":"product_shipping_class-standard-versand","10":"first","11":"instock","12":"sale","13":"taxable","14":"shipping-taxable","15":"purchasable","16":"product-type-simple"},"_links":{"self":[{"href":"https:\/\/www.soanam.de\/it\/wp-json\/wp\/v2\/product\/79633","targetHints":{"allow":["GET"]}}],"collection":[{"href":"https:\/\/www.soanam.de\/it\/wp-json\/wp\/v2\/product"}],"about":[{"href":"https:\/\/www.soanam.de\/it\/wp-json\/wp\/v2\/types\/product"}],"replies":[{"embeddable":true,"href":"https:\/\/www.soanam.de\/it\/wp-json\/wp\/v2\/comments?post=79633"}],"wp:featuredmedia":[{"embeddable":true,"href":"https:\/\/www.soanam.de\/it\/wp-json\/wp\/v2\/media\/79736"}],"wp:attachment":[{"href":"https:\/\/www.soanam.de\/it\/wp-json\/wp\/v2\/media?parent=79633"}],"wp:term":[{"taxonomy":"product_brand","embeddable":true,"href":"https:\/\/www.soanam.de\/it\/wp-json\/wp\/v2\/product_brand?post=79633"},{"taxonomy":"product_cat","embeddable":true,"href":"https:\/\/www.soanam.de\/it\/wp-json\/wp\/v2\/product_cat?post=79633"},{"taxonomy":"product_tag","embeddable":true,"href":"https:\/\/www.soanam.de\/it\/wp-json\/wp\/v2\/product_tag?post=79633"}],"curies":[{"name":"wp","href":"https:\/\/api.w.org\/{rel}","templated":true}]}}