{"id":79578,"date":"2023-12-13T23:14:34","date_gmt":"2023-12-13T22:14:34","guid":{"rendered":"https:\/\/www.soanam.de\/?post_type=product&#038;p=79578"},"modified":"2023-12-13T23:16:10","modified_gmt":"2023-12-13T22:16:10","slug":"cmp-pantaloni-da-sci-donna-oxford-pant-3w04666-u901-44-nero-taglia-44","status":"publish","type":"product","link":"https:\/\/www.soanam.de\/it\/produkt\/cmp-damen-skihose-oxford-pant-3w04666-u901-44-nero-schwarz-groesse-44\/","title":{"rendered":"CMP Damen Skihose Oxford Pant 3W04666-U901 44 NERO, schwarz, Gr\u00f6\u00dfe 44"},"content":{"rendered":"<h3>Descrizione del<\/h3>\n<p>CMP Damen Skihose Oxford Pant. Wind- und Wasserdichte Skihose mit getapten N\u00e4hten. Die Skihose verf\u00fcgt \u00fcber seitlich RV-Taschen und einen Schneefang. Zudem ist sie isolierend und angenehm zu tragen. Material: 100% Polyester.<\/p>\n<p><strong>Spezifikation<\/strong><\/p>\n<p>Materiale: poliestere 100%<br \/>\nSchnitt: Regular Fit<br \/>\nHosenl\u00e4nge: Standardgr\u00f6\u00dfe<br \/>\nWaschbarkeit: Maschinenw\u00e4sche bei 30\u00b0 C<br \/>\nTrocknen: Nicht im Trockner trocknen<br \/>\nB\u00fcgeln: B\u00fcgeln bei 80 - 105\u00b0 C (Stufe 1)<br \/>\nProduktgruppe: Ski und Snowboardhosen<br \/>\nArtikelarten: Bekleidung<br \/>\nSportarten: Ski Alpin<br \/>\nAltersgruppe: Erwachsene<br \/>\nGeschlecht: weiblich<\/p>","protected":false},"excerpt":{"rendered":"<h3>Caratteristiche dell'articolo<\/h3>\n<p>Condizione dell'articolo: Nuovo con etichetta: articolo nuovo, non usato e non indossato nella sua confezione originale.<\/p>\n<table border=\"0\" frame=\"VOID\" rules=\"NONE\" cellspacing=\"0\">\n<colgroup>\n<col width=\"130\" \/>\n<col width=\"418\" \/><\/colgroup>\n<tbody>\n<tr>\n<td align=\"LEFT\" width=\"130\" height=\"17\">Abteilung:<\/td>\n<td align=\"LEFT\" width=\"418\">Damen<\/td>\n<\/tr>\n<tr>\n<td align=\"LEFT\" height=\"17\">Aktivit\u00e4t:<\/td>\n<td align=\"LEFT\">Eislaufen, Rodeln, Schneeschuhwandern, Skifahren, Snowboarding<\/td>\n<\/tr>\n<tr>\n<td align=\"LEFT\" height=\"17\">Angebotspaket:<\/td>\n<td align=\"LEFT\">Nein<\/td>\n<\/tr>\n<tr>\n<td align=\"LEFT\" height=\"17\">Anlass:<\/td>\n<td align=\"LEFT\">Freizeit, Sport<\/td>\n<\/tr>\n<tr>\n<td align=\"LEFT\" height=\"17\">EAN:<\/td>\n<td align=\"LEFT\">8050194994090<\/td>\n<\/tr>\n<tr>\n<td align=\"LEFT\" height=\"17\">Colore:<\/td>\n<td align=\"LEFT\">Nero<\/td>\n<\/tr>\n<tr>\n<td align=\"LEFT\" height=\"17\">Gewebeart:<\/td>\n<td align=\"LEFT\">Kunstfaser<\/td>\n<\/tr>\n<tr>\n<td align=\"LEFT\" height=\"17\">Gr\u00f6\u00dfe:<\/td>\n<td align=\"LEFT\">44<\/td>\n<\/tr>\n<tr>\n<td align=\"LEFT\" height=\"17\">Gr\u00f6\u00dfenkategorie:<\/td>\n<td align=\"LEFT\">Normalgr\u00f6\u00dfe<\/td>\n<\/tr>\n<tr>\n<td align=\"LEFT\" height=\"17\">Marke:<\/td>\n<td align=\"LEFT\">CMP<\/td>\n<\/tr>\n<tr>\n<td align=\"LEFT\" height=\"17\">Materiale:<\/td>\n<td align=\"LEFT\">100% Poliestere<\/td>\n<\/tr>\n<tr>\n<td align=\"LEFT\" height=\"17\">Modifizierter Artikel:<\/td>\n<td align=\"LEFT\">Nein<\/td>\n<\/tr>\n<tr>\n<td align=\"LEFT\" height=\"17\">Produktart:<\/td>\n<td align=\"LEFT\">Pantaloni<\/td>\n<\/tr>\n<tr>\n<td align=\"LEFT\" height=\"17\">Schrittl\u00e4nge:<\/td>\n<td align=\"LEFT\">Ohne Angaben<\/td>\n<\/tr>\n<tr>\n<td align=\"LEFT\" height=\"17\">Stil:<\/td>\n<td align=\"LEFT\">Schneehose<\/td>\n<\/tr>\n<tr>\n<td align=\"LEFT\" height=\"17\">Taillenumfang:<\/td>\n<td align=\"LEFT\">Ohne Angaben<\/td>\n<\/tr>\n<tr>\n<td align=\"LEFT\" height=\"17\">Thema:<\/td>\n<td align=\"LEFT\">Wintersport<\/td>\n<\/tr>\n<tr>\n<td align=\"LEFT\" height=\"17\">Verschluss:<\/td>\n<td align=\"LEFT\">Chiusura a zip<\/td>\n<\/tr>\n<tr>\n<td align=\"LEFT\" height=\"17\">Vintage:<\/td>\n<td align=\"LEFT\">Nein<\/td>\n<\/tr>\n<\/tbody>\n<\/table>","protected":false},"featured_media":79663,"comment_status":"open","ping_status":"closed","template":"","meta":{"_seopress_robots_primary_cat":"","_seopress_titles_title":"","_seopress_titles_desc":"","_seopress_robots_index":""},"product_brand":[],"product_cat":[1348,1349],"product_tag":[],"class_list":{"0":"post-79578","1":"product","2":"type-product","3":"status-publish","4":"has-post-thumbnail","6":"product_cat-damen-mode","7":"product_cat-hosen-damen-mode","8":"product_shipping_class-standard-versand","10":"first","11":"instock","12":"sale","13":"taxable","14":"shipping-taxable","15":"purchasable","16":"product-type-simple"},"_links":{"self":[{"href":"https:\/\/www.soanam.de\/it\/wp-json\/wp\/v2\/product\/79578","targetHints":{"allow":["GET"]}}],"collection":[{"href":"https:\/\/www.soanam.de\/it\/wp-json\/wp\/v2\/product"}],"about":[{"href":"https:\/\/www.soanam.de\/it\/wp-json\/wp\/v2\/types\/product"}],"replies":[{"embeddable":true,"href":"https:\/\/www.soanam.de\/it\/wp-json\/wp\/v2\/comments?post=79578"}],"wp:featuredmedia":[{"embeddable":true,"href":"https:\/\/www.soanam.de\/it\/wp-json\/wp\/v2\/media\/79663"}],"wp:attachment":[{"href":"https:\/\/www.soanam.de\/it\/wp-json\/wp\/v2\/media?parent=79578"}],"wp:term":[{"taxonomy":"product_brand","embeddable":true,"href":"https:\/\/www.soanam.de\/it\/wp-json\/wp\/v2\/product_brand?post=79578"},{"taxonomy":"product_cat","embeddable":true,"href":"https:\/\/www.soanam.de\/it\/wp-json\/wp\/v2\/product_cat?post=79578"},{"taxonomy":"product_tag","embeddable":true,"href":"https:\/\/www.soanam.de\/it\/wp-json\/wp\/v2\/product_tag?post=79578"}],"curies":[{"name":"wp","href":"https:\/\/api.w.org\/{rel}","templated":true}]}}