{"id":79562,"date":"2023-12-13T23:14:08","date_gmt":"2023-12-13T22:14:08","guid":{"rendered":"https:\/\/www.soanam.de\/?post_type=product&#038;p=79562"},"modified":"2023-12-13T23:16:00","modified_gmt":"2023-12-13T22:16:00","slug":"reggiseno-push-up-jette-con-stampa-leopardata-in-leo-taglia-85d","status":"publish","type":"product","link":"https:\/\/www.soanam.de\/it\/produkt\/jette-push-up-bh-mit-leopardenmuster-in-leo-groesse-85d\/","title":{"rendered":"Reggiseno push-up JETTE con stampa leopardata, in leo, taglia 85D"},"content":{"rendered":"<p>Reggiseno push-up di Jette Joop<br \/>\nCon cuscino non rimovibile<br \/>\nModello leo alla moda<br \/>\nDoppie spalline per gli spaghetti<br \/>\nLogo in metallo sul ponte<\/p>\n<p>Il motivo leo selvaggio e le coppe sagomate con cuscinetti non rimovibili evocano un d\u00e9collet\u00e9 seducente, mentre il pizzo sottile corre lungo i lati.<br \/>\nLe doppie spalline sono regolabili e forniscono un sostegno perfetto.<br \/>\nUn piccolo logo in metallo sul ponte stretto perfeziona il look accattivante del reggiseno push-up di Jette Joop.<\/p>\n<p>Materiale: poliammide 90%, elastan 10%<br \/>\nIstruzioni per la cura: Lavare a mano<\/p>\n<p>Colore: leo<br \/>\nModello: leo<br \/>\nDimensione: 85D<\/p>\n<p>Circonferenza sottoseno: 85<br \/>\nMisura della coppa: coppa D<\/p>","protected":false},"excerpt":{"rendered":"<table class=\"dv_characteristicsTable\">\n<caption>MASSANGABE<\/caption>\n<tbody>\n<tr>\n<td class=\"left\">K\u00f6rbchengr\u00f6\u00dfe<\/td>\n<td>Cup D<\/td>\n<\/tr>\n<tr>\n<td class=\"left\">Unterbrustumfang<\/td>\n<td>85<\/td>\n<\/tr>\n<\/tbody>\n<\/table>\n<table class=\"dv_characteristicsTable\">\n<caption>FARBE<\/caption>\n<tbody>\n<tr>\n<td class=\"left\">Colore<\/td>\n<td>leo<br \/>\nbedruckt<\/td>\n<\/tr>\n<\/tbody>\n<\/table>\n<table class=\"dv_characteristicsTable\">\n<caption>MATERIAL<\/caption>\n<tbody>\n<tr>\n<td class=\"left\">Composizione del materiale<\/td>\n<td>Obermaterial: 90% Polyamid, 10% Elasthan<\/td>\n<\/tr>\n<tr>\n<td class=\"left\">Istruzioni per la cura<\/td>\n<td>Handw\u00e4sche<\/td>\n<\/tr>\n<\/tbody>\n<\/table>","protected":false},"featured_media":79657,"comment_status":"open","ping_status":"closed","template":"","meta":{"_seopress_robots_primary_cat":"","_seopress_titles_title":"","_seopress_titles_desc":"","_seopress_robots_index":""},"product_brand":[],"product_cat":[1348,1444,1516],"product_tag":[],"class_list":{"0":"post-79562","1":"product","2":"type-product","3":"status-publish","4":"has-post-thumbnail","6":"product_cat-damen-mode","7":"product_cat-unterwaesche","8":"product_cat-bhs","9":"product_shipping_class-standard-versand","11":"first","12":"instock","13":"taxable","14":"shipping-taxable","15":"purchasable","16":"product-type-simple"},"_links":{"self":[{"href":"https:\/\/www.soanam.de\/it\/wp-json\/wp\/v2\/product\/79562","targetHints":{"allow":["GET"]}}],"collection":[{"href":"https:\/\/www.soanam.de\/it\/wp-json\/wp\/v2\/product"}],"about":[{"href":"https:\/\/www.soanam.de\/it\/wp-json\/wp\/v2\/types\/product"}],"replies":[{"embeddable":true,"href":"https:\/\/www.soanam.de\/it\/wp-json\/wp\/v2\/comments?post=79562"}],"wp:featuredmedia":[{"embeddable":true,"href":"https:\/\/www.soanam.de\/it\/wp-json\/wp\/v2\/media\/79657"}],"wp:attachment":[{"href":"https:\/\/www.soanam.de\/it\/wp-json\/wp\/v2\/media?parent=79562"}],"wp:term":[{"taxonomy":"product_brand","embeddable":true,"href":"https:\/\/www.soanam.de\/it\/wp-json\/wp\/v2\/product_brand?post=79562"},{"taxonomy":"product_cat","embeddable":true,"href":"https:\/\/www.soanam.de\/it\/wp-json\/wp\/v2\/product_cat?post=79562"},{"taxonomy":"product_tag","embeddable":true,"href":"https:\/\/www.soanam.de\/it\/wp-json\/wp\/v2\/product_tag?post=79562"}],"curies":[{"name":"wp","href":"https:\/\/api.w.org\/{rel}","templated":true}]}}