{"id":79557,"date":"2023-12-13T23:14:06","date_gmt":"2023-12-13T22:14:06","guid":{"rendered":"https:\/\/www.soanam.de\/?post_type=product&#038;p=79557"},"modified":"2023-12-13T23:15:42","modified_gmt":"2023-12-13T22:15:42","slug":"reggiseno-petite-fleur-t-shirt-con-ferretto-in-bianco-taglia-75e","status":"publish","type":"product","link":"https:\/\/www.soanam.de\/it\/produkt\/petite-fleur-t-shirt-bh-mit-buegel-in-weiss-groesse-75e\/","title":{"rendered":"Reggiseno petite fleur con ferretto, bianco, taglia 75E"},"content":{"rendered":"<p>Basic-BH mit B\u00fcgel von petite fleur<br \/>\nNahtlose Cups<br \/>\nMit Netzeins\u00e4tzen<br \/>\nBreite, leicht gef\u00fctterte Tr\u00e4ger<br \/>\nIdeal f\u00fcr gro\u00dfe Gr\u00f6\u00dfen<\/p>\n<p>Schlichter und doch sehr sch\u00f6ner Baumwoll-BH von PETITE FLEUR mit leicht transparenten Netzeins\u00e4tzen.<br \/>\nFormgebende B\u00fcgel und nahtlos vorgeformte Cups sorgen f\u00fcr einen sicheren, komfortablen Halt.<br \/>\nDie breiteren Tr\u00e4ger sind weich gef\u00fcttert und lassen sich wie der R\u00fcckenverschluss bequem verstellen.<\/p>\n<p>Material: 90% Baumwolle, 5% Elasthan, 5% Polyamid<br \/>\nIstruzioni per la cura: Lavare a mano<\/p>\n<p>Colore: bianco<br \/>\nModello: senza<br \/>\nGr\u00f6\u00dfe: 75E<\/p>\n<p>Circonferenza sottoseno: 75<br \/>\nDimensioni della coppa: coppa E<\/p>","protected":false},"excerpt":{"rendered":"<table class=\"dv_characteristicsTable\">\n<caption>MASSANGABE<\/caption>\n<tbody>\n<tr>\n<td class=\"left\">K\u00f6rbchengr\u00f6\u00dfe<\/td>\n<td>Cup E<\/td>\n<\/tr>\n<tr>\n<td class=\"left\">Unterbrustumfang<\/td>\n<td>75<\/td>\n<\/tr>\n<\/tbody>\n<\/table>\n<table class=\"dv_characteristicsTable\">\n<caption>MATERIAL<\/caption>\n<tbody>\n<tr>\n<td class=\"left\">Composizione del materiale<\/td>\n<td>Obermaterial: 90% Baumwolle, 5% Elasthan, 5% Polyamid<\/td>\n<\/tr>\n<tr>\n<td class=\"left\">Materialart<\/td>\n<td>Jersey<br \/>\nNetz<\/td>\n<\/tr>\n<tr>\n<td class=\"left\">Istruzioni per la cura<\/td>\n<td>Handw\u00e4sche<\/td>\n<\/tr>\n<\/tbody>\n<\/table>\n<table class=\"dv_characteristicsTable\">\n<caption>OPTIK\/STIL<\/caption>\n<tbody>\n<tr>\n<td class=\"left\">Stil<\/td>\n<td>Basic<\/td>\n<\/tr>\n<\/tbody>\n<\/table>\n<table class=\"dv_characteristicsTable\">\n<caption>K\u00d6RBCHEN \/ CUP<\/caption>\n<tbody>\n<tr>\n<td class=\"left\">Cupdetails<\/td>\n<td>nahtlos vorgeformt<\/td>\n<\/tr>\n<tr>\n<td class=\"left\">B\u00fcgel<\/td>\n<td>mit B\u00fcgel<\/td>\n<\/tr>\n<\/tbody>\n<\/table>\n<table class=\"dv_characteristicsTable\">\n<caption>BH-TR\u00c4GER<\/caption>\n<tbody>\n<tr>\n<td class=\"left\">Tr\u00e4ger<\/td>\n<td>mit Tr\u00e4ger<\/td>\n<\/tr>\n<tr>\n<td class=\"left\">Tr\u00e4gerdetails<\/td>\n<td>breit<\/td>\n<\/tr>\n<\/tbody>\n<\/table>\n<table class=\"dv_characteristicsTable\">\n<caption>VERSCHLUSS<\/caption>\n<tbody>\n<tr>\n<td class=\"left\">Verschluss<\/td>\n<td>Haken &amp; \u00d6sen<\/td>\n<\/tr>\n<tr>\n<td class=\"left\">Verschlussdetails<\/td>\n<td>hinten<\/td>\n<\/tr>\n<\/tbody>\n<\/table>","protected":false},"featured_media":79642,"comment_status":"open","ping_status":"closed","template":"","meta":{"_seopress_robots_primary_cat":"","_seopress_titles_title":"","_seopress_titles_desc":"","_seopress_robots_index":""},"product_brand":[],"product_cat":[1348,1444,1516],"product_tag":[],"class_list":{"0":"post-79557","1":"product","2":"type-product","3":"status-publish","4":"has-post-thumbnail","6":"product_cat-damen-mode","7":"product_cat-unterwaesche","8":"product_cat-bhs","9":"product_shipping_class-standard-versand","11":"first","12":"instock","13":"sale","14":"taxable","15":"shipping-taxable","16":"purchasable","17":"product-type-simple"},"_links":{"self":[{"href":"https:\/\/www.soanam.de\/it\/wp-json\/wp\/v2\/product\/79557","targetHints":{"allow":["GET"]}}],"collection":[{"href":"https:\/\/www.soanam.de\/it\/wp-json\/wp\/v2\/product"}],"about":[{"href":"https:\/\/www.soanam.de\/it\/wp-json\/wp\/v2\/types\/product"}],"replies":[{"embeddable":true,"href":"https:\/\/www.soanam.de\/it\/wp-json\/wp\/v2\/comments?post=79557"}],"wp:featuredmedia":[{"embeddable":true,"href":"https:\/\/www.soanam.de\/it\/wp-json\/wp\/v2\/media\/79642"}],"wp:attachment":[{"href":"https:\/\/www.soanam.de\/it\/wp-json\/wp\/v2\/media?parent=79557"}],"wp:term":[{"taxonomy":"product_brand","embeddable":true,"href":"https:\/\/www.soanam.de\/it\/wp-json\/wp\/v2\/product_brand?post=79557"},{"taxonomy":"product_cat","embeddable":true,"href":"https:\/\/www.soanam.de\/it\/wp-json\/wp\/v2\/product_cat?post=79557"},{"taxonomy":"product_tag","embeddable":true,"href":"https:\/\/www.soanam.de\/it\/wp-json\/wp\/v2\/product_tag?post=79557"}],"curies":[{"name":"wp","href":"https:\/\/api.w.org\/{rel}","templated":true}]}}