{"id":79388,"date":"2023-12-13T22:38:33","date_gmt":"2023-12-13T21:38:33","guid":{"rendered":"https:\/\/www.soanam.de\/?post_type=product&#038;p=79388"},"modified":"2023-12-13T22:41:20","modified_gmt":"2023-12-13T21:41:20","slug":"reggiseno-dorina-t-shirt-lindsay-con-ferretto-nero-taglia-95c","status":"publish","type":"product","link":"https:\/\/www.soanam.de\/it\/produkt\/dorina-t-shirt-bh-lindsay-mit-buegel-in-schwarz-groesse-95c\/","title":{"rendered":"Reggiseno a T-shirt Dorina Lindsay con ferretto, nero, taglia 95C"},"content":{"rendered":"<p>Reggiseno con ferretto di Dorina<br \/>\nCon coppe sagomate e sfoderate senza cuciture<br \/>\nArea delle spalle foderata in pile<br \/>\nRealizzato in comodo materiale in microfibra<\/p>\n<p>Comodo reggiseno preformato senza cuciture, completamente elasticizzato, con ferretto, di Dorina.<br \/>\nLe coppe sono a doppio stampo ma sfoderate.<br \/>\nGli spallacci anteriori sono foderati in pile per evitare che si incidano e garantire il massimo comfort.<br \/>\nIl reggiseno pu\u00f2 essere chiuso sulla schiena con un gancetto.<\/p>\n<p>Materiale: 82% poliammide, 18% elastan<br \/>\nIstruzioni per la cura: Lavare a mano<\/p>\n<p>Colore: nero<br \/>\nModello: senza<br \/>\nDimensione: 95C<\/p>\n<p>Circonferenza sottoseno: 95<br \/>\nDimensione della tazza: Coppa C<\/p>","protected":false},"excerpt":{"rendered":"<table class=\"dv_characteristicsTable\">\n<caption>GR\u00d6SSENSYSTE<\/caption>\n<tbody>\n<tr>\n<td class=\"left\">Unterbrustumfang<\/td>\n<td>95<\/td>\n<\/tr>\n<\/tbody>\n<\/table>\n<table class=\"dv_characteristicsTable\">\n<caption>MASSANGABE<\/caption>\n<tbody>\n<tr>\n<td class=\"left\">Gr\u00f6\u00dfentyp<\/td>\n<td>Normal<\/td>\n<\/tr>\n<tr>\n<td class=\"left\">K\u00f6rbchengr\u00f6\u00dfe<\/td>\n<td>Cup C<\/td>\n<\/tr>\n<\/tbody>\n<\/table>\n<table class=\"dv_characteristicsTable\">\n<caption>FARBE<\/caption>\n<tbody>\n<tr>\n<td class=\"left\">Colore<\/td>\n<td>schwarz<\/td>\n<\/tr>\n<\/tbody>\n<\/table>\n<table class=\"dv_characteristicsTable\">\n<caption>MATERIAL<\/caption>\n<tbody>\n<tr>\n<td class=\"left\">Composizione del materiale<\/td>\n<td>82% poliammide, 18% elastan<\/td>\n<\/tr>\n<tr>\n<td class=\"left\">Istruzioni per la cura<\/td>\n<td>Handw\u00e4sche lt. Hersteller empfohlen<\/td>\n<\/tr>\n<\/tbody>\n<\/table>\n<table class=\"dv_characteristicsTable\">\n<caption>OPTIK\/STIL<\/caption>\n<tbody>\n<tr>\n<td class=\"left\">Optik<\/td>\n<td>unifarben<\/td>\n<\/tr>\n<tr>\n<td class=\"left\">Stil<\/td>\n<td>klassisch<\/td>\n<\/tr>\n<\/tbody>\n<\/table>\n<table class=\"dv_characteristicsTable\">\n<caption>SERIE<\/caption>\n<tbody>\n<tr>\n<td class=\"left\">Serie<\/td>\n<td>D1032A<\/td>\n<\/tr>\n<\/tbody>\n<\/table>\n<table class=\"dv_characteristicsTable\">\n<caption>PASSFORM\/SCHNITT<\/caption>\n<tbody>\n<tr>\n<td class=\"left\">Empfohlen f\u00fcr Cupgr\u00f6\u00dfe<\/td>\n<td>B-E<\/td>\n<\/tr>\n<\/tbody>\n<\/table>\n<table class=\"dv_characteristicsTable\">\n<caption>K\u00d6RBCHEN \/ CUP<\/caption>\n<tbody>\n<tr>\n<td class=\"left\">Cupdetails<\/td>\n<td>nahtlos vorgeformt<br \/>\nnicht gef\u00fcttert<\/td>\n<\/tr>\n<tr>\n<td class=\"left\">B\u00fcgel<\/td>\n<td>mit B\u00fcgel<\/td>\n<\/tr>\n<\/tbody>\n<\/table>\n<table class=\"dv_characteristicsTable\">\n<caption>BH-TR\u00c4GER<\/caption>\n<tbody>\n<tr>\n<td class=\"left\">Anzahl Tragevarianten<\/td>\n<td>1<\/td>\n<\/tr>\n<tr>\n<td class=\"left\">Tr\u00e4ger<\/td>\n<td>breite Tr\u00e4ger<\/td>\n<\/tr>\n<tr>\n<td class=\"left\">Tr\u00e4gerdetails<\/td>\n<td>verstellbar<\/td>\n<\/tr>\n<\/tbody>\n<\/table>\n<table class=\"dv_characteristicsTable\">\n<caption>BH-R\u00dcCKENTEIL<\/caption>\n<tbody>\n<tr>\n<td class=\"left\">R\u00fcckenteil<\/td>\n<td>normaler R\u00fccken<\/td>\n<\/tr>\n<\/tbody>\n<\/table>\n<table class=\"dv_characteristicsTable\">\n<caption>VERSCHLUSS<\/caption>\n<tbody>\n<tr>\n<td class=\"left\">Verschluss<\/td>\n<td>Haken &amp; \u00d6sen<\/td>\n<\/tr>\n<tr>\n<td class=\"left\">Verschlussdetails<\/td>\n<td>hinten<\/td>\n<\/tr>\n<\/tbody>\n<\/table>\n<table class=\"dv_characteristicsTable\">\n<caption>FUNKTIONEN<\/caption>\n<tbody>\n<tr>\n<td class=\"left\">Belastungsgrad<\/td>\n<td>leicht<\/td>\n<\/tr>\n<\/tbody>\n<\/table>","protected":false},"featured_media":79517,"comment_status":"open","ping_status":"closed","template":"","meta":{"_seopress_robots_primary_cat":"","_seopress_titles_title":"","_seopress_titles_desc":"","_seopress_robots_index":""},"product_brand":[],"product_cat":[1348,1444,1516],"product_tag":[],"class_list":{"0":"post-79388","1":"product","2":"type-product","3":"status-publish","4":"has-post-thumbnail","6":"product_cat-damen-mode","7":"product_cat-unterwaesche","8":"product_cat-bhs","9":"product_shipping_class-standard-versand","11":"first","12":"instock","13":"taxable","14":"shipping-taxable","15":"purchasable","16":"product-type-simple"},"_links":{"self":[{"href":"https:\/\/www.soanam.de\/it\/wp-json\/wp\/v2\/product\/79388","targetHints":{"allow":["GET"]}}],"collection":[{"href":"https:\/\/www.soanam.de\/it\/wp-json\/wp\/v2\/product"}],"about":[{"href":"https:\/\/www.soanam.de\/it\/wp-json\/wp\/v2\/types\/product"}],"replies":[{"embeddable":true,"href":"https:\/\/www.soanam.de\/it\/wp-json\/wp\/v2\/comments?post=79388"}],"wp:featuredmedia":[{"embeddable":true,"href":"https:\/\/www.soanam.de\/it\/wp-json\/wp\/v2\/media\/79517"}],"wp:attachment":[{"href":"https:\/\/www.soanam.de\/it\/wp-json\/wp\/v2\/media?parent=79388"}],"wp:term":[{"taxonomy":"product_brand","embeddable":true,"href":"https:\/\/www.soanam.de\/it\/wp-json\/wp\/v2\/product_brand?post=79388"},{"taxonomy":"product_cat","embeddable":true,"href":"https:\/\/www.soanam.de\/it\/wp-json\/wp\/v2\/product_cat?post=79388"},{"taxonomy":"product_tag","embeddable":true,"href":"https:\/\/www.soanam.de\/it\/wp-json\/wp\/v2\/product_tag?post=79388"}],"curies":[{"name":"wp","href":"https:\/\/api.w.org\/{rel}","templated":true}]}}