{"id":79365,"date":"2023-12-13T22:38:09","date_gmt":"2023-12-13T21:38:09","guid":{"rendered":"https:\/\/www.soanam.de\/?post_type=product&#038;p=79365"},"modified":"2023-12-13T22:40:32","modified_gmt":"2023-12-13T21:40:32","slug":"nuance-t-shirt-bh-mit-buegel-in-schwarz-groesse-95d","status":"publish","type":"product","link":"https:\/\/www.soanam.de\/it\/produkt\/nuance-t-shirt-bh-mit-buegel-in-schwarz-groesse-95d\/","title":{"rendered":"Nuance T-Shirt-BH mit B\u00fcgel, in Schwarz, Gr\u00f6\u00dfe 95D"},"content":{"rendered":"<p>B\u00fcgel-BH von Nuance mit nahtlosen Cups<br \/>\nSchlichter Basic Look mit h\u00fcbschem Detail<br \/>\nIn den doppellagigen Cups ist seitlich eine wattierte St\u00fctze integriert, um zus\u00e4tzlichen Tragekomfort zu bieten<br \/>\nBequemer, zeitloser B\u00fcgel-BH aus glatter Microfaser, die sanft auf der Haut liegt<\/p>\n<p>Der nahtlose T-Shirt BH von NUANCE ist dank seiner glatten und vorgeformten Cups perfekt unter eng anliegender Kleidung und ist nahezu unsichtbar.<br \/>\nDie Cups sind doppellagig gearbeitet und die seitlich im Cup integrierte, wattierte St\u00fctze gibt extra Halt.<br \/>\nDie glatte Microfaser liegt sanft und angenehm auf der Haut.<\/p>\n<p>Material: 82% Polyamid TACTEL\u00ae, 18% Elasthan LYCRA<br \/>\nIstruzioni per la cura: Lavare a mano<\/p>\n<p>Colore: nero<br \/>\nModello: senza<br \/>\nGr\u00f6\u00dfe: 95D<\/p>\n<p>Circonferenza sottoseno: 95<br \/>\nMisura della coppa: coppa D<\/p>","protected":false},"excerpt":{"rendered":"<table class=\"dv_characteristicsTable\">\n<caption>MASSANGABE<\/caption>\n<tbody>\n<tr>\n<td class=\"left\">K\u00f6rbchengr\u00f6\u00dfe<\/td>\n<td>Cup D<\/td>\n<\/tr>\n<tr>\n<td class=\"left\">Unterbrustumfang<\/td>\n<td>95<\/td>\n<\/tr>\n<\/tbody>\n<\/table>\n<table class=\"dv_characteristicsTable\">\n<caption>FARBE<\/caption>\n<tbody>\n<tr>\n<td class=\"left\">Colore<\/td>\n<td>schwarz<\/td>\n<\/tr>\n<\/tbody>\n<\/table>\n<table class=\"dv_characteristicsTable\">\n<caption>MATERIAL<\/caption>\n<tbody>\n<tr>\n<td class=\"left\">Composizione del materiale<\/td>\n<td>Obermaterial: 82% Polyamid TACTEL\u00ae, 18% Elasthan LYCRA\u00ae<\/td>\n<\/tr>\n<tr>\n<td class=\"left\">Materialart<\/td>\n<td>Microtouch<\/td>\n<\/tr>\n<tr>\n<td class=\"left\">Materialeigenschaften<\/td>\n<td>Lycra<\/td>\n<\/tr>\n<tr>\n<td class=\"left\">Istruzioni per la cura<\/td>\n<td>Handw\u00e4sche<\/td>\n<\/tr>\n<\/tbody>\n<\/table>\n<table class=\"dv_characteristicsTable\">\n<caption>OPTIK\/STIL<\/caption>\n<tbody>\n<tr>\n<td class=\"left\">Stil<\/td>\n<td>klassisch<\/td>\n<\/tr>\n<\/tbody>\n<\/table>\n<table class=\"dv_characteristicsTable\">\n<caption>K\u00d6RBCHEN \/ CUP<\/caption>\n<tbody>\n<tr>\n<td class=\"left\">Cupdetails<\/td>\n<td>wattiert<\/td>\n<\/tr>\n<tr>\n<td class=\"left\">B\u00fcgel<\/td>\n<td>mit B\u00fcgel<\/td>\n<\/tr>\n<\/tbody>\n<\/table>\n<table class=\"dv_characteristicsTable\">\n<caption>BH-TR\u00c4GER<\/caption>\n<tbody>\n<tr>\n<td class=\"left\">Tr\u00e4ger<\/td>\n<td>mit Tr\u00e4ger<\/td>\n<\/tr>\n<tr>\n<td class=\"left\">Tr\u00e4gerdetails<\/td>\n<td>elastisch<br \/>\nverstellbar<\/td>\n<\/tr>\n<\/tbody>\n<\/table>\n<table class=\"dv_characteristicsTable\">\n<caption>VERSCHLUSS<\/caption>\n<tbody>\n<tr>\n<td class=\"left\">Verschluss<\/td>\n<td>Haken &amp; \u00d6sen<\/td>\n<\/tr>\n<tr>\n<td class=\"left\">Verschlussdetails<\/td>\n<td>hinten<\/td>\n<\/tr>\n<\/tbody>\n<\/table>","protected":false},"featured_media":79482,"comment_status":"open","ping_status":"closed","template":"","meta":{"_seopress_robots_primary_cat":"","_seopress_titles_title":"","_seopress_titles_desc":"","_seopress_robots_index":""},"product_brand":[],"product_cat":[1348,1444,1516],"product_tag":[],"class_list":{"0":"post-79365","1":"product","2":"type-product","3":"status-publish","4":"has-post-thumbnail","6":"product_cat-damen-mode","7":"product_cat-unterwaesche","8":"product_cat-bhs","9":"product_shipping_class-standard-versand","11":"first","12":"instock","13":"taxable","14":"shipping-taxable","15":"purchasable","16":"product-type-simple"},"_links":{"self":[{"href":"https:\/\/www.soanam.de\/it\/wp-json\/wp\/v2\/product\/79365","targetHints":{"allow":["GET"]}}],"collection":[{"href":"https:\/\/www.soanam.de\/it\/wp-json\/wp\/v2\/product"}],"about":[{"href":"https:\/\/www.soanam.de\/it\/wp-json\/wp\/v2\/types\/product"}],"replies":[{"embeddable":true,"href":"https:\/\/www.soanam.de\/it\/wp-json\/wp\/v2\/comments?post=79365"}],"wp:featuredmedia":[{"embeddable":true,"href":"https:\/\/www.soanam.de\/it\/wp-json\/wp\/v2\/media\/79482"}],"wp:attachment":[{"href":"https:\/\/www.soanam.de\/it\/wp-json\/wp\/v2\/media?parent=79365"}],"wp:term":[{"taxonomy":"product_brand","embeddable":true,"href":"https:\/\/www.soanam.de\/it\/wp-json\/wp\/v2\/product_brand?post=79365"},{"taxonomy":"product_cat","embeddable":true,"href":"https:\/\/www.soanam.de\/it\/wp-json\/wp\/v2\/product_cat?post=79365"},{"taxonomy":"product_tag","embeddable":true,"href":"https:\/\/www.soanam.de\/it\/wp-json\/wp\/v2\/product_tag?post=79365"}],"curies":[{"name":"wp","href":"https:\/\/api.w.org\/{rel}","templated":true}]}}