{"id":79259,"date":"2023-12-13T22:35:54","date_gmt":"2023-12-13T21:35:54","guid":{"rendered":"https:\/\/www.soanam.de\/?post_type=product&#038;p=79259"},"modified":"2023-12-13T22:38:29","modified_gmt":"2023-12-13T21:38:29","slug":"vivance-active-jazz-pants-slips-im-4er-pack-in-beige-und-weiss-groesse-40-42","status":"publish","type":"product","link":"https:\/\/www.soanam.de\/it\/produkt\/vivance-active-jazz-pants-slips-im-4er-pack-in-beige-und-weiss-groesse-40-42\/","title":{"rendered":"vivance active jazz pants slip in confezione da 4, nei colori beige e bianco, taglia 40\/42"},"content":{"rendered":"<p>Jazzpants im 4er-Pack von Vivance<br \/>\nTaglio alto sulla gamba<br \/>\nTraspirante<br \/>\nFacile da pulire<br \/>\nRealizzato in microfibra dimensionalmente stabile<\/p>\n<p>Die modischen Jazzpants von Vivance Active bestechen durch zeitloses Slipdesign und hohen Tragekomfort.<br \/>\nDer modische Damenslip \u00fcberzeugt mit hohem Beinausschnitt und die hochwertige elastische Microfaser-Qualit\u00e4t schmiegt sich sanft an den K\u00f6rper und verspricht ein tolles Tragegef\u00fchl.<br \/>\nWohlf\u00fchl-Basics im 4er Pack, einfach traumhaft.<\/p>\n<p>Material: 95% Polyamid, 5% Elasthan LYCRA<br \/>\nIstruzioni per la cura: Lavare in lavatrice<\/p>\n<p>Farbe: beige, wei\u00df<br \/>\nModello: senza<br \/>\nDimensione: 40\/42<\/p>","protected":false},"excerpt":{"rendered":"<table class=\"dv_characteristicsTable\">\n<caption>MASSANGABE<\/caption>\n<tbody>\n<tr>\n<td class=\"left\">Dimensione<\/td>\n<td>40\/42<\/td>\n<\/tr>\n<tr>\n<td class=\"left\">Gr\u00f6\u00dfentyp<\/td>\n<td>Normalgr\u00f6\u00dfen<\/td>\n<\/tr>\n<\/tbody>\n<\/table>\n<table class=\"dv_characteristicsTable\">\n<caption>FARBE<\/caption>\n<tbody>\n<tr>\n<td class=\"left\">Colore<\/td>\n<td>beige, wei\u00df<\/td>\n<\/tr>\n<\/tbody>\n<\/table>\n<table class=\"dv_characteristicsTable\">\n<caption>PRODUKTDETAILS<\/caption>\n<tbody>\n<tr>\n<td class=\"left\">Ausstattung<\/td>\n<td>Tassello in cotone<\/td>\n<\/tr>\n<tr>\n<td class=\"left\">Istruzioni per la cura<\/td>\n<td>Lavaggio in lavatrice<\/td>\n<\/tr>\n<\/tbody>\n<\/table>\n<table class=\"dv_characteristicsTable\">\n<caption>MATERIAL<\/caption>\n<tbody>\n<tr>\n<td class=\"left\">Composizione del materiale<\/td>\n<td>Obermaterial: 95% Polyamid, 5% Elasthan LYCRA\u00ae<\/td>\n<\/tr>\n<\/tbody>\n<\/table>","protected":false},"featured_media":79381,"comment_status":"open","ping_status":"closed","template":"","meta":{"_seopress_robots_primary_cat":"","_seopress_titles_title":"","_seopress_titles_desc":"","_seopress_robots_index":""},"product_brand":[],"product_cat":[1348,1444,1501],"product_tag":[],"class_list":{"0":"post-79259","1":"product","2":"type-product","3":"status-publish","4":"has-post-thumbnail","6":"product_cat-damen-mode","7":"product_cat-unterwaesche","8":"product_cat-slips","9":"product_shipping_class-standard-versand","11":"first","12":"instock","13":"sale","14":"taxable","15":"shipping-taxable","16":"purchasable","17":"product-type-simple"},"_links":{"self":[{"href":"https:\/\/www.soanam.de\/it\/wp-json\/wp\/v2\/product\/79259","targetHints":{"allow":["GET"]}}],"collection":[{"href":"https:\/\/www.soanam.de\/it\/wp-json\/wp\/v2\/product"}],"about":[{"href":"https:\/\/www.soanam.de\/it\/wp-json\/wp\/v2\/types\/product"}],"replies":[{"embeddable":true,"href":"https:\/\/www.soanam.de\/it\/wp-json\/wp\/v2\/comments?post=79259"}],"wp:featuredmedia":[{"embeddable":true,"href":"https:\/\/www.soanam.de\/it\/wp-json\/wp\/v2\/media\/79381"}],"wp:attachment":[{"href":"https:\/\/www.soanam.de\/it\/wp-json\/wp\/v2\/media?parent=79259"}],"wp:term":[{"taxonomy":"product_brand","embeddable":true,"href":"https:\/\/www.soanam.de\/it\/wp-json\/wp\/v2\/product_brand?post=79259"},{"taxonomy":"product_cat","embeddable":true,"href":"https:\/\/www.soanam.de\/it\/wp-json\/wp\/v2\/product_cat?post=79259"},{"taxonomy":"product_tag","embeddable":true,"href":"https:\/\/www.soanam.de\/it\/wp-json\/wp\/v2\/product_tag?post=79259"}],"curies":[{"name":"wp","href":"https:\/\/api.w.org\/{rel}","templated":true}]}}