{"id":79241,"date":"2023-12-13T22:35:28","date_gmt":"2023-12-13T21:35:28","guid":{"rendered":"https:\/\/www.soanam.de\/?post_type=product&#038;p=79241"},"modified":"2023-12-13T22:38:17","modified_gmt":"2023-12-13T21:38:17","slug":"camicia-vivance-3-4-maniche-con-polsini-in-confezione-da-2-in-bianco-e-nero-taglia-32-34","status":"publish","type":"product","link":"https:\/\/www.soanam.de\/it\/produkt\/vivance-3-4-arm-shirt-mit-manschetten-im-2er-pack-in-schwarz-und-weiss-groesse-32-34\/","title":{"rendered":"Vivance 3\/4-Arm-Shirt mit Manschetten im 2er Pack, in Schwarz und Wei\u00df, Gr\u00f6\u00dfe 32\/34"},"content":{"rendered":"<p>Vivance Shirt mit Rundhalsausschnitt im 2er Pack<br \/>\nManiche a 3\/4 con polsini alla moda e bottoni dorati<br \/>\nCon orlo elasticizzato<br \/>\nTessuto di viscosa morbido e scorrevole, elasticizzato<\/p>\n<p>Questa camicia a girocollo di Vivance presenta maniche a tre quarti con polsini dal design elegante e un bottone lucido all'estremit\u00e0.<br \/>\nIl morbido e fluente tessuto di viscosa elasticizzato \u00e8 disegnato in una classica forma di base ed \u00e8 meravigliosamente allentato dall'orlo elasticizzato.<\/p>\n<p>Und das ganze sogar noch im 2er Pack, wunderbar!<\/p>\n<p>Materiale: 95% viscosa LENZING\u2122 ECOVERO\u2122, 5% elastan<br \/>\nIstruzioni per la cura: Lavare in lavatrice<\/p>\n<p>Colore: nero, bianco<br \/>\nModello: senza<br \/>\nDimensione: 32\/34<\/p>\n<p>Schulterbreite: 72cm<br \/>\nLarghezza del petto: 88 cm<br \/>\nLunghezza delle maniche: 45 cm<br \/>\nLunghezza totale: 61 cm<\/p>\n<p>Questo nuovo articolo \u00e8 un reso del cliente senza etichetta.<\/p>","protected":false},"excerpt":{"rendered":"<table class=\"dv_characteristicsTable\">\n<tbody>\n<tr>\n<td class=\"left\">Dimensione<\/td>\n<td>32\/34<\/td>\n<\/tr>\n<tr>\n<td class=\"left\">Gr\u00f6\u00dfentyp<\/td>\n<td>Normalgr\u00f6\u00dfen<\/td>\n<\/tr>\n<tr>\n<td class=\"left\">Composizione del materiale<\/td>\n<td>Obermaterial: 95% Viskose LENZING\u2122 ECOVERO\u2122, 5% Elasthan<\/td>\n<\/tr>\n<tr>\n<td class=\"left\">Istruzioni per la cura<\/td>\n<td>Lavaggio in lavatrice<\/td>\n<\/tr>\n<tr>\n<td class=\"left\">Colore<\/td>\n<td>schwarz, wei\u00df<\/td>\n<\/tr>\n<tr>\n<td class=\"left\">\u00c4rmel<\/td>\n<td>3\/4-\u00c4rmel<\/td>\n<\/tr>\n<tr>\n<td class=\"left\">Rumpfabschluss<\/td>\n<td>elastischer Bund<\/td>\n<\/tr>\n<tr>\n<td class=\"left\">Besondere Merkmale<\/td>\n<td>mit modischen Manschetten und goldfarbenen Kn\u00f6pfen<\/td>\n<\/tr>\n<\/tbody>\n<\/table>","protected":false},"featured_media":79372,"comment_status":"open","ping_status":"closed","template":"","meta":{"_seopress_robots_primary_cat":"","_seopress_titles_title":"","_seopress_titles_desc":"","_seopress_robots_index":""},"product_brand":[],"product_cat":[1348,1456,1479],"product_tag":[],"class_list":{"0":"post-79241","1":"product","2":"type-product","3":"status-publish","4":"has-post-thumbnail","6":"product_cat-damen-mode","7":"product_cat-pullover-sweater","8":"product_cat-langarmshirts","9":"product_shipping_class-standard-versand","11":"first","12":"instock","13":"sale","14":"taxable","15":"shipping-taxable","16":"purchasable","17":"product-type-simple"},"_links":{"self":[{"href":"https:\/\/www.soanam.de\/it\/wp-json\/wp\/v2\/product\/79241","targetHints":{"allow":["GET"]}}],"collection":[{"href":"https:\/\/www.soanam.de\/it\/wp-json\/wp\/v2\/product"}],"about":[{"href":"https:\/\/www.soanam.de\/it\/wp-json\/wp\/v2\/types\/product"}],"replies":[{"embeddable":true,"href":"https:\/\/www.soanam.de\/it\/wp-json\/wp\/v2\/comments?post=79241"}],"wp:featuredmedia":[{"embeddable":true,"href":"https:\/\/www.soanam.de\/it\/wp-json\/wp\/v2\/media\/79372"}],"wp:attachment":[{"href":"https:\/\/www.soanam.de\/it\/wp-json\/wp\/v2\/media?parent=79241"}],"wp:term":[{"taxonomy":"product_brand","embeddable":true,"href":"https:\/\/www.soanam.de\/it\/wp-json\/wp\/v2\/product_brand?post=79241"},{"taxonomy":"product_cat","embeddable":true,"href":"https:\/\/www.soanam.de\/it\/wp-json\/wp\/v2\/product_cat?post=79241"},{"taxonomy":"product_tag","embeddable":true,"href":"https:\/\/www.soanam.de\/it\/wp-json\/wp\/v2\/product_tag?post=79241"}],"curies":[{"name":"wp","href":"https:\/\/api.w.org\/{rel}","templated":true}]}}