{"id":79107,"date":"2023-12-13T22:00:08","date_gmt":"2023-12-13T21:00:08","guid":{"rendered":"https:\/\/www.soanam.de\/?post_type=product&#038;p=79107"},"modified":"2023-12-13T22:34:42","modified_gmt":"2023-12-13T21:34:42","slug":"jette-set-bolero-top-mit-string-in-schwarz-groesse-36","status":"publish","type":"product","link":"https:\/\/www.soanam.de\/it\/produkt\/jette-set-bolero-top-mit-string-in-schwarz-groesse-36\/","title":{"rendered":"Set JETTE: top bolero con perizoma, in nero, taglia 36"},"content":{"rendered":"<p>Bolero aus Spitze mit zartem Netzeinsatz am Handgelenk<br \/>\nMit H\u00e4kchen vorn zu \u00f6ffnen<br \/>\nString rundum aus Spitze<br \/>\nGoldfarbenes Jette Joop Metall Label<\/p>\n<p>Ein verf\u00fchrerisches Set der Designerin Jette Joop.<br \/>\nDas lang\u00e4rmelige Spitzenj\u00e4ckchen kann mit einem H\u00e4kchen vorn geschlossen werden, eine smarte Nahtf\u00fchrung unterst\u00fctzt die Passform an der Brust.<br \/>\nDer String ist rundum aus Spitze gefertigt, ein kleines Marken-Metall-Label ist am Bund platziert.<\/p>\n<p>Materiale: poliammide 90%, elastan 10%<br \/>\nIstruzioni per la cura: Lavare in lavatrice<\/p>\n<p>Colore: nero<br \/>\nMotivo: Fiori<br \/>\nDimensione: 36<\/p>\n<p>Bolero Top Ma\u00dfe:<\/p>\n<p>Schulterbreite: 32cm<br \/>\nBrustweite: 66cm<br \/>\nLunghezza delle maniche: 54 cm<br \/>\nGesamtl\u00e4nge: 36cm<\/p>","protected":false},"excerpt":{"rendered":"<table class=\"dv_characteristicsTable\">\n<caption>MASSANGABE<\/caption>\n<tbody>\n<tr>\n<td class=\"left\">Dimensione<\/td>\n<td>36<\/td>\n<\/tr>\n<tr>\n<td class=\"left\">Gr\u00f6\u00dfentyp<\/td>\n<td>Normalgr\u00f6\u00dfen<\/td>\n<\/tr>\n<\/tbody>\n<\/table>\n<table class=\"dv_characteristicsTable\">\n<caption>FARBE<\/caption>\n<tbody>\n<tr>\n<td class=\"left\">Colore<\/td>\n<td>schwarz<\/td>\n<\/tr>\n<\/tbody>\n<\/table>\n<table class=\"dv_characteristicsTable\">\n<caption>MATERIAL<\/caption>\n<tbody>\n<tr>\n<td class=\"left\">Composizione del materiale<\/td>\n<td>Obermaterial: 90% Polyamid, 10% Elasthan<\/td>\n<\/tr>\n<tr>\n<td class=\"left\">Istruzioni per la cura<\/td>\n<td>Lavaggio in lavatrice<\/td>\n<\/tr>\n<\/tbody>\n<\/table>","protected":false},"featured_media":79208,"comment_status":"open","ping_status":"closed","template":"","meta":{"_seopress_robots_primary_cat":"","_seopress_titles_title":"","_seopress_titles_desc":"","_seopress_robots_index":""},"product_brand":[],"product_cat":[1348,1444,1560],"product_tag":[],"class_list":{"0":"post-79107","1":"product","2":"type-product","3":"status-publish","4":"has-post-thumbnail","6":"product_cat-damen-mode","7":"product_cat-unterwaesche","8":"product_cat-sets","10":"first","11":"instock","12":"taxable","13":"shipping-taxable","14":"purchasable","15":"product-type-simple"},"_links":{"self":[{"href":"https:\/\/www.soanam.de\/it\/wp-json\/wp\/v2\/product\/79107","targetHints":{"allow":["GET"]}}],"collection":[{"href":"https:\/\/www.soanam.de\/it\/wp-json\/wp\/v2\/product"}],"about":[{"href":"https:\/\/www.soanam.de\/it\/wp-json\/wp\/v2\/types\/product"}],"replies":[{"embeddable":true,"href":"https:\/\/www.soanam.de\/it\/wp-json\/wp\/v2\/comments?post=79107"}],"wp:featuredmedia":[{"embeddable":true,"href":"https:\/\/www.soanam.de\/it\/wp-json\/wp\/v2\/media\/79208"}],"wp:attachment":[{"href":"https:\/\/www.soanam.de\/it\/wp-json\/wp\/v2\/media?parent=79107"}],"wp:term":[{"taxonomy":"product_brand","embeddable":true,"href":"https:\/\/www.soanam.de\/it\/wp-json\/wp\/v2\/product_brand?post=79107"},{"taxonomy":"product_cat","embeddable":true,"href":"https:\/\/www.soanam.de\/it\/wp-json\/wp\/v2\/product_cat?post=79107"},{"taxonomy":"product_tag","embeddable":true,"href":"https:\/\/www.soanam.de\/it\/wp-json\/wp\/v2\/product_tag?post=79107"}],"curies":[{"name":"wp","href":"https:\/\/api.w.org\/{rel}","templated":true}]}}