{"id":79106,"date":"2023-12-13T22:00:08","date_gmt":"2023-12-13T21:00:08","guid":{"rendered":"https:\/\/www.soanam.de\/?post_type=product&#038;p=79106"},"modified":"2023-12-13T22:34:37","modified_gmt":"2023-12-13T21:34:37","slug":"lascana-babydoll-top-nero-taglia-36-38","status":"publish","type":"product","link":"https:\/\/www.soanam.de\/it\/produkt\/lascana-babydolltop-in-schwarz-groesse-36-38\/","title":{"rendered":"Top babydoll LASCANA, nero, taglia 36\/38"},"content":{"rendered":"<p>Sleep top con profondo scollo a V<br \/>\nPizzo sulla schiena e come inserto obliquo sotto il petto<br \/>\nCinghie regolabili per una vestibilit\u00e0 ottimale<br \/>\nMateriale morbido e scorrevole in misto viscosa<\/p>\n<p>L'attrazione assoluta di questo top \u00e8 naturalmente il design di alta qualit\u00e0 con elegante pizzo sulla scollatura, sul retro e come inserto obliquo sotto il seno. Ma non \u00e8 solo il look a guadagnare punti. L'indumento da notte \u00e8 dotato anche di eleganti spalline strette che potete regolare da sole per ottenere una vestibilit\u00e0 perfetta. Il materiale in viscosa elasticizzata, meravigliosamente morbido e fluente, accarezza la vostra figura in modo delicato e confortevole.<\/p>\n<p>Materiale: 95% viscosa, 5% elastane<br \/>\nIstruzioni per la cura: Lavare in lavatrice<\/p>\n<p>Colore: nero<br \/>\nModello: Inserto in pizzo<br \/>\nDimensione: 36\/38<\/p>\n<p>Lunghezza totale: 66 cm<\/p>","protected":false},"excerpt":{"rendered":"<table class=\"dv_characteristicsTable\">\n<tbody>\n<tr>\n<td class=\"left\">Dimensione<\/td>\n<td>36\/38<\/td>\n<\/tr>\n<tr>\n<td class=\"left\">Gr\u00f6\u00dfentyp<\/td>\n<td>Normalgr\u00f6\u00dfen<\/td>\n<\/tr>\n<tr>\n<td class=\"left\">Composizione del materiale<\/td>\n<td>Obermaterial: 95% Viskose, 5% Elasthan<\/td>\n<\/tr>\n<tr>\n<td class=\"left\">Istruzioni per la cura<\/td>\n<td>Lavaggio in lavatrice<\/td>\n<\/tr>\n<tr>\n<td class=\"left\">Optik<\/td>\n<td>unifarben<\/td>\n<\/tr>\n<tr>\n<td class=\"left\">Stil<\/td>\n<td>sexy<\/td>\n<\/tr>\n<tr>\n<td class=\"left\">Colore<\/td>\n<td>schwarz<\/td>\n<\/tr>\n<tr>\n<td class=\"left\">Ausschnitt<\/td>\n<td>tiefer V-Ausschnitt<\/td>\n<\/tr>\n<tr>\n<td class=\"left\">\u00c4rmel<\/td>\n<td>ohne \u00c4rmel<\/td>\n<\/tr>\n<tr>\n<td class=\"left\">Tr\u00e4gerdetails<\/td>\n<td>verstellbar<\/td>\n<\/tr>\n<tr>\n<td class=\"left\">In forma<\/td>\n<td>Basic<\/td>\n<\/tr>\n<tr>\n<td class=\"left\">Schnittform L\u00e4nge<\/td>\n<td>normal<\/td>\n<\/tr>\n<tr>\n<td class=\"left\">Applikationen<\/td>\n<td>Spitze<\/td>\n<\/tr>\n<tr>\n<td class=\"left\">Besondere Merkmale<\/td>\n<td>mit feinen Tr\u00e4gern und transparenten Spitzeneins\u00e4tzen<\/td>\n<\/tr>\n<\/tbody>\n<\/table>","protected":false},"featured_media":79205,"comment_status":"open","ping_status":"closed","template":"","meta":{"_seopress_robots_primary_cat":"","_seopress_titles_title":"","_seopress_titles_desc":"","_seopress_robots_index":""},"product_brand":[],"product_cat":[1348,1520,1521],"product_tag":[],"class_list":{"0":"post-79106","1":"product","2":"type-product","3":"status-publish","4":"has-post-thumbnail","6":"product_cat-damen-mode","7":"product_cat-nachtwaesche","8":"product_cat-einzelteile","9":"product_shipping_class-standard-versand","11":"first","12":"instock","13":"sale","14":"taxable","15":"shipping-taxable","16":"purchasable","17":"product-type-simple"},"_links":{"self":[{"href":"https:\/\/www.soanam.de\/it\/wp-json\/wp\/v2\/product\/79106","targetHints":{"allow":["GET"]}}],"collection":[{"href":"https:\/\/www.soanam.de\/it\/wp-json\/wp\/v2\/product"}],"about":[{"href":"https:\/\/www.soanam.de\/it\/wp-json\/wp\/v2\/types\/product"}],"replies":[{"embeddable":true,"href":"https:\/\/www.soanam.de\/it\/wp-json\/wp\/v2\/comments?post=79106"}],"wp:featuredmedia":[{"embeddable":true,"href":"https:\/\/www.soanam.de\/it\/wp-json\/wp\/v2\/media\/79205"}],"wp:attachment":[{"href":"https:\/\/www.soanam.de\/it\/wp-json\/wp\/v2\/media?parent=79106"}],"wp:term":[{"taxonomy":"product_brand","embeddable":true,"href":"https:\/\/www.soanam.de\/it\/wp-json\/wp\/v2\/product_brand?post=79106"},{"taxonomy":"product_cat","embeddable":true,"href":"https:\/\/www.soanam.de\/it\/wp-json\/wp\/v2\/product_cat?post=79106"},{"taxonomy":"product_tag","embeddable":true,"href":"https:\/\/www.soanam.de\/it\/wp-json\/wp\/v2\/product_tag?post=79106"}],"curies":[{"name":"wp","href":"https:\/\/api.w.org\/{rel}","templated":true}]}}