{"id":78993,"date":"2023-12-13T21:57:20","date_gmt":"2023-12-13T20:57:20","guid":{"rendered":"https:\/\/www.soanam.de\/?post_type=product&#038;p=78993"},"modified":"2023-12-13T21:59:59","modified_gmt":"2023-12-13T20:59:59","slug":"corpo-nuance-con-inserto-in-pizzo-bianco-taglia-80d","status":"publish","type":"product","link":"https:\/\/www.soanam.de\/it\/produkt\/nuance-body-mit-spitzeneinsatz-in-weiss-groesse-80d\/","title":{"rendered":"Body nuance con inserto in pizzo, in bianco, taglia 80D"},"content":{"rendered":"<p>Corpo con delicato inserto in pizzo<br \/>\nCon appendini<br \/>\nCon chiusura a gancio regolabile sul cavallo<br \/>\nCon soffietto in cotone per una vestibilit\u00e0 confortevole<\/p>\n<p>Il body nuance ha un delicato inserto in pizzo sul davanti ed \u00e8 tinta unita sul retro.<br \/>\nI ferretti integrati mettono in risalto il d\u00e9collet\u00e9.<br \/>\nIl body si chiude al cavallo con una chiusura a gancio.<\/p>\n<p>Materiale: 80% nylon, 17% elastan, 3% cotone<br \/>\nIstruzioni per la cura: Lavare a mano<\/p>\n<p>Colore: bianco<br \/>\nMotivo: Fiori con inserto in pizzo<br \/>\nDimensione: 80D<\/p>\n<p>Circonferenza sottoseno: 80<br \/>\nMisura della coppa: coppa D<\/p>\n<p>Lunghezza totale: 73 cm<\/p>","protected":false},"excerpt":{"rendered":"<p>Colori solidi<br \/>\nCotone<br \/>\nSpitze<br \/>\nVerstellbare Tr\u00e4ger<br \/>\nImpugnatura morbida<br \/>\n\u00c4rmell\u00e4nge: \u00c4rmellos<br \/>\nPassform: Figurbetonte Passform<br \/>\nObermaterial: 80% Nylon, 17% Elasthan, 3% Baumwolle<br \/>\nElastizit\u00e4t: Elastisch\/stretch<\/p>","protected":false},"featured_media":79101,"comment_status":"open","ping_status":"closed","template":"","meta":{"_seopress_robots_primary_cat":"","_seopress_titles_title":"","_seopress_titles_desc":"","_seopress_robots_index":""},"product_brand":[],"product_cat":[1348,1444,1514],"product_tag":[],"class_list":{"0":"post-78993","1":"product","2":"type-product","3":"status-publish","4":"has-post-thumbnail","6":"product_cat-damen-mode","7":"product_cat-unterwaesche","8":"product_cat-bodies","9":"product_shipping_class-standard-versand","11":"first","12":"instock","13":"sale","14":"taxable","15":"shipping-taxable","16":"purchasable","17":"product-type-simple"},"_links":{"self":[{"href":"https:\/\/www.soanam.de\/it\/wp-json\/wp\/v2\/product\/78993","targetHints":{"allow":["GET"]}}],"collection":[{"href":"https:\/\/www.soanam.de\/it\/wp-json\/wp\/v2\/product"}],"about":[{"href":"https:\/\/www.soanam.de\/it\/wp-json\/wp\/v2\/types\/product"}],"replies":[{"embeddable":true,"href":"https:\/\/www.soanam.de\/it\/wp-json\/wp\/v2\/comments?post=78993"}],"wp:featuredmedia":[{"embeddable":true,"href":"https:\/\/www.soanam.de\/it\/wp-json\/wp\/v2\/media\/79101"}],"wp:attachment":[{"href":"https:\/\/www.soanam.de\/it\/wp-json\/wp\/v2\/media?parent=78993"}],"wp:term":[{"taxonomy":"product_brand","embeddable":true,"href":"https:\/\/www.soanam.de\/it\/wp-json\/wp\/v2\/product_brand?post=78993"},{"taxonomy":"product_cat","embeddable":true,"href":"https:\/\/www.soanam.de\/it\/wp-json\/wp\/v2\/product_cat?post=78993"},{"taxonomy":"product_tag","embeddable":true,"href":"https:\/\/www.soanam.de\/it\/wp-json\/wp\/v2\/product_tag?post=78993"}],"curies":[{"name":"wp","href":"https:\/\/api.w.org\/{rel}","templated":true}]}}