{"id":78945,"date":"2023-12-13T21:56:24","date_gmt":"2023-12-13T20:56:24","guid":{"rendered":"https:\/\/www.soanam.de\/?post_type=product&#038;p=78945"},"modified":"2023-12-13T21:58:41","modified_gmt":"2023-12-13T20:58:41","slug":"vivance-active-leggings-in-schwarz-groesse-48-50","status":"publish","type":"product","link":"https:\/\/www.soanam.de\/it\/produkt\/vivance-active-leggings-in-schwarz-groesse-48-50\/","title":{"rendered":"Leggings attivi Vivance, in nero, taglia 48\/50"},"content":{"rendered":"<p>Basic Leggings von Vivance active<br \/>\nWeicher Gummibund<br \/>\nQualit\u00e0 del cotone morbido<br \/>\nIdeale Passform durch Elasthan<\/p>\n<p>Die Leggings f\u00fcr Damen von Vivance \u00fcberzeugt durch ihre k\u00f6rpernahe, hochelastische Passform und ihren guten Sitz.<br \/>\nDie weiche Hose tr\u00e4gt nicht auf und eignet sich deshalb perfekt zum Drunterziehen oder f\u00fcr das entspannte Tragen zu Hause.<\/p>\n<p>Materiale: 95% cotone, 5% elastan<br \/>\nIstruzioni per la cura: Lavare in lavatrice<\/p>\n<p>Colore: nero<br \/>\nModello: senza<br \/>\nDimensione: 48\/50<\/p>\n<p>Schrittl\u00e4nge: 66cm<br \/>\nLunghezza totale: 96 cm<\/p>","protected":false},"excerpt":{"rendered":"<table class=\"dv_characteristicsTable\">\n<tbody>\n<tr>\n<td class=\"left\">Dimensione<\/td>\n<td>48\/50<\/td>\n<\/tr>\n<tr>\n<td class=\"left\">Gr\u00f6\u00dfentyp<\/td>\n<td>Normalgr\u00f6\u00dfen<\/td>\n<\/tr>\n<tr>\n<td class=\"left\">Composizione del materiale<\/td>\n<td>95% Baumwolle , 5% Elasthan<\/td>\n<\/tr>\n<tr>\n<td class=\"left\">Materialeigenschaften<\/td>\n<td>elastisch<\/td>\n<\/tr>\n<tr>\n<td class=\"left\">Istruzioni per la cura<\/td>\n<td>Lavaggio in lavatrice<\/td>\n<\/tr>\n<tr>\n<td class=\"left\">Optik<\/td>\n<td>unifarben<\/td>\n<\/tr>\n<tr>\n<td class=\"left\">Stil<\/td>\n<td>Basic<\/td>\n<\/tr>\n<tr>\n<td class=\"left\">Colore<\/td>\n<td>schwarz<\/td>\n<\/tr>\n<tr>\n<td class=\"left\">Leibh\u00f6he<\/td>\n<td>normal<\/td>\n<\/tr>\n<tr>\n<td class=\"left\">Bundabschluss<\/td>\n<td>B\u00fcndchen<\/td>\n<\/tr>\n<tr>\n<td class=\"left\">Beinabschluss<\/td>\n<td>normaler Saum<\/td>\n<\/tr>\n<tr>\n<td class=\"left\">In forma<\/td>\n<td>Basic<\/td>\n<\/tr>\n<tr>\n<td class=\"left\">Schnittform L\u00e4nge<\/td>\n<td>lang<\/td>\n<\/tr>\n<tr>\n<td class=\"left\">Besondere Merkmale<\/td>\n<td>mit Gummibund<\/td>\n<\/tr>\n<\/tbody>\n<\/table>","protected":false},"featured_media":79053,"comment_status":"open","ping_status":"closed","template":"","meta":{"_seopress_robots_primary_cat":"","_seopress_titles_title":"","_seopress_titles_desc":"","_seopress_robots_index":""},"product_brand":[],"product_cat":[1348,1349,1453],"product_tag":[],"class_list":{"0":"post-78945","1":"product","2":"type-product","3":"status-publish","4":"has-post-thumbnail","6":"product_cat-damen-mode","7":"product_cat-hosen-damen-mode","8":"product_cat-leggings","9":"product_shipping_class-standard-versand","11":"first","12":"instock","13":"sale","14":"taxable","15":"shipping-taxable","16":"purchasable","17":"product-type-simple"},"_links":{"self":[{"href":"https:\/\/www.soanam.de\/it\/wp-json\/wp\/v2\/product\/78945","targetHints":{"allow":["GET"]}}],"collection":[{"href":"https:\/\/www.soanam.de\/it\/wp-json\/wp\/v2\/product"}],"about":[{"href":"https:\/\/www.soanam.de\/it\/wp-json\/wp\/v2\/types\/product"}],"replies":[{"embeddable":true,"href":"https:\/\/www.soanam.de\/it\/wp-json\/wp\/v2\/comments?post=78945"}],"wp:featuredmedia":[{"embeddable":true,"href":"https:\/\/www.soanam.de\/it\/wp-json\/wp\/v2\/media\/79053"}],"wp:attachment":[{"href":"https:\/\/www.soanam.de\/it\/wp-json\/wp\/v2\/media?parent=78945"}],"wp:term":[{"taxonomy":"product_brand","embeddable":true,"href":"https:\/\/www.soanam.de\/it\/wp-json\/wp\/v2\/product_brand?post=78945"},{"taxonomy":"product_cat","embeddable":true,"href":"https:\/\/www.soanam.de\/it\/wp-json\/wp\/v2\/product_cat?post=78945"},{"taxonomy":"product_tag","embeddable":true,"href":"https:\/\/www.soanam.de\/it\/wp-json\/wp\/v2\/product_tag?post=78945"}],"curies":[{"name":"wp","href":"https:\/\/api.w.org\/{rel}","templated":true}]}}