{"id":78942,"date":"2023-12-13T21:56:22","date_gmt":"2023-12-13T20:56:22","guid":{"rendered":"https:\/\/www.soanam.de\/?post_type=product&#038;p=78942"},"modified":"2023-12-13T21:58:27","modified_gmt":"2023-12-13T20:58:27","slug":"eddie-bauer-cirruslite-klassische-herren-daunenjacke-mit-kapuze-schwarz-gr-m","status":"publish","type":"product","link":"https:\/\/www.soanam.de\/it\/produkt\/eddie-bauer-cirruslite-klassische-herren-daunenjacke-mit-kapuze-schwarz-gr-m\/","title":{"rendered":"Piumino Eddie Bauer Cirruslite classic da uomo con cappuccio, nero, taglia M"},"content":{"rendered":"<h3>Descrizione del<\/h3>\n<p>Daunenjacken spenden bei kalten Temperaturen essenzielle W\u00e4rme. Durch das leichte Gewicht der Daunenisolierung ist diese Jacke im Casual-Stil auch bei Temperaturen unter null Grad sehr komfortabel, ohne zu beschweren. Der wasserabweisende Oberstoff aus Kunstfaser und die Kapuze bieten zus\u00e4tzlichen Schutz bei Wind und Wetter. Weitere Details der figurumspielenden Langarm-Jacke in Uni-Optik sind sichere Rei\u00dfverschlusstaschen und elastische B\u00fcndchen mit Gummizug an \u00c4rmeln und Taillenabschluss, die den K\u00f6rper warm halten.<\/p>\n<p><strong>FIT<\/strong><br \/>\nClassic: Unser klassischster Fit. Nicht zu eng, nicht zu weit. Designt, um \u00fcber einen midweight Layer getragen zu werden.<\/p>\n<p>MATERIAL: Obermaterial: 100% Polyamid (in Atlantik, Schwarz, Nilblau). Obermaterial: 100% Polyester (alle anderen Farben). Futter: 100% Polyamid. Isolierung: 80% Entendaunen, 20% Entenfedern.<br \/>\nPFLEGEHINWEIS: Maschinenw\u00e4sche<br \/>\nPRODUKTTYP: Daunenjacke<br \/>\nOPTIK: Uni<br \/>\nSTIL: Sportlich<br \/>\nPASSFORM: Figurumspielend<br \/>\nVERSCHLUSSART: Rei\u00dfverschluss<br \/>\nTASCHEN: Rei\u00dfverschlusstaschen<br \/>\nKRAGEN\/KAPUZE: Kapuze<br \/>\nSAUMABSCHLUSS: Gummizug<br \/>\nGESAMTL\u00c4NGE: L\u00e4nge Gr. M ca. 71 cm.<\/p>","protected":false},"excerpt":{"rendered":"<h3>Caratteristiche dell'articolo<\/h3>\n<p>Condizione dell'articolo: Nuovo con etichetta: articolo nuovo, non usato e non indossato nella sua confezione originale.<\/p>\n<table border=\"0\" frame=\"VOID\" rules=\"NONE\" cellspacing=\"0\">\n<colgroup>\n<col width=\"116\" \/>\n<col width=\"107\" \/><\/colgroup>\n<tbody>\n<tr>\n<td align=\"LEFT\" width=\"116\" height=\"17\">Abteilung:<\/td>\n<td align=\"LEFT\" width=\"107\">Herren<\/td>\n<\/tr>\n<tr>\n<td align=\"LEFT\" height=\"17\">Aktivit\u00e4t:<\/td>\n<td align=\"LEFT\">Spazieren<\/td>\n<\/tr>\n<tr>\n<td align=\"LEFT\" height=\"17\">Anlass:<\/td>\n<td align=\"LEFT\">Freizeit<\/td>\n<\/tr>\n<tr>\n<td align=\"LEFT\" height=\"17\">Au\u00dfenmaterial:<\/td>\n<td align=\"LEFT\">Polyamid<\/td>\n<\/tr>\n<tr>\n<td align=\"LEFT\" height=\"17\">Caratteristiche speciali:<\/td>\n<td align=\"LEFT\">Cappuccio<\/td>\n<\/tr>\n<tr>\n<td align=\"LEFT\" height=\"17\">Charakter:<\/td>\n<td align=\"LEFT\">ohne<\/td>\n<\/tr>\n<tr>\n<td align=\"LEFT\" height=\"17\">EAN:<\/td>\n<td align=\"LEFT\">nicht zutreffend<\/td>\n<\/tr>\n<tr>\n<td align=\"LEFT\" height=\"17\">Colore:<\/td>\n<td align=\"LEFT\">Nero<\/td>\n<\/tr>\n<tr>\n<td align=\"LEFT\" height=\"17\">Futtermaterial:<\/td>\n<td align=\"LEFT\">Poliestere<\/td>\n<\/tr>\n<tr>\n<td align=\"LEFT\" height=\"17\">Gewebeart:<\/td>\n<td align=\"LEFT\">ohne Angabe<\/td>\n<\/tr>\n<tr>\n<td align=\"LEFT\" height=\"17\">Gr\u00f6\u00dfe:<\/td>\n<td align=\"LEFT\">M<\/td>\n<\/tr>\n<tr>\n<td align=\"LEFT\" height=\"17\">Gr\u00f6\u00dfenkategorie:<\/td>\n<td align=\"LEFT\">Normalgr\u00f6\u00dfe<\/td>\n<\/tr>\n<tr>\n<td align=\"LEFT\" height=\"17\">Isoliermaterial:<\/td>\n<td align=\"LEFT\">In basso<\/td>\n<\/tr>\n<tr>\n<td align=\"LEFT\" height=\"17\">Jahreszeit:<\/td>\n<td align=\"LEFT\">Fr\u00fchling, Herbst<\/td>\n<\/tr>\n<tr>\n<td align=\"LEFT\" height=\"17\">Marke:<\/td>\n<td align=\"LEFT\">Eddie Bauer<\/td>\n<\/tr>\n<tr>\n<td align=\"LEFT\" height=\"17\">Modell:<\/td>\n<td align=\"LEFT\">Eddie<\/td>\n<\/tr>\n<tr>\n<td align=\"LEFT\" height=\"17\">Modello:<\/td>\n<td align=\"LEFT\">Ohne Muster<\/td>\n<\/tr>\n<tr>\n<td align=\"LEFT\" height=\"17\">Produktart:<\/td>\n<td align=\"LEFT\">Jacke<\/td>\n<\/tr>\n<tr>\n<td align=\"LEFT\" height=\"17\">Stil:<\/td>\n<td align=\"LEFT\">Daunenjacke<\/td>\n<\/tr>\n<tr>\n<td align=\"LEFT\" height=\"17\">Thema:<\/td>\n<td align=\"LEFT\">Klassisch<\/td>\n<\/tr>\n<tr>\n<td align=\"LEFT\" height=\"17\">Verschluss:<\/td>\n<td align=\"LEFT\">Chiusura a zip<\/td>\n<\/tr>\n<tr>\n<td align=\"LEFT\" height=\"17\">Vintage:<\/td>\n<td align=\"LEFT\">Nein<\/td>\n<\/tr>\n<\/tbody>\n<\/table>","protected":false},"featured_media":79040,"comment_status":"open","ping_status":"closed","template":"","meta":{"_seopress_robots_primary_cat":"","_seopress_titles_title":"","_seopress_titles_desc":"","_seopress_robots_index":""},"product_brand":[],"product_cat":[1345,1363,1377,1378],"product_tag":[],"class_list":{"0":"post-78942","1":"product","2":"type-product","3":"status-publish","4":"has-post-thumbnail","6":"product_cat-herrenmode","7":"product_cat-jacken-maentel-herrenmode","8":"product_cat-winterjacken-jacken-maentel-herrenmode","9":"product_cat-daunen-steppjacken","10":"product_shipping_class-standard-versand","12":"first","13":"instock","14":"sale","15":"taxable","16":"shipping-taxable","17":"purchasable","18":"product-type-simple"},"_links":{"self":[{"href":"https:\/\/www.soanam.de\/it\/wp-json\/wp\/v2\/product\/78942","targetHints":{"allow":["GET"]}}],"collection":[{"href":"https:\/\/www.soanam.de\/it\/wp-json\/wp\/v2\/product"}],"about":[{"href":"https:\/\/www.soanam.de\/it\/wp-json\/wp\/v2\/types\/product"}],"replies":[{"embeddable":true,"href":"https:\/\/www.soanam.de\/it\/wp-json\/wp\/v2\/comments?post=78942"}],"wp:featuredmedia":[{"embeddable":true,"href":"https:\/\/www.soanam.de\/it\/wp-json\/wp\/v2\/media\/79040"}],"wp:attachment":[{"href":"https:\/\/www.soanam.de\/it\/wp-json\/wp\/v2\/media?parent=78942"}],"wp:term":[{"taxonomy":"product_brand","embeddable":true,"href":"https:\/\/www.soanam.de\/it\/wp-json\/wp\/v2\/product_brand?post=78942"},{"taxonomy":"product_cat","embeddable":true,"href":"https:\/\/www.soanam.de\/it\/wp-json\/wp\/v2\/product_cat?post=78942"},{"taxonomy":"product_tag","embeddable":true,"href":"https:\/\/www.soanam.de\/it\/wp-json\/wp\/v2\/product_tag?post=78942"}],"curies":[{"name":"wp","href":"https:\/\/api.w.org\/{rel}","templated":true}]}}