{"id":78922,"date":"2023-12-13T21:55:58","date_gmt":"2023-12-13T20:55:58","guid":{"rendered":"https:\/\/www.soanam.de\/?post_type=product&#038;p=78922"},"modified":"2023-12-13T21:57:57","modified_gmt":"2023-12-13T20:57:57","slug":"lascana-crepebluse-mit-lochstickerei-in-weiss-groesse-46","status":"publish","type":"product","link":"https:\/\/www.soanam.de\/it\/produkt\/lascana-crepebluse-mit-lochstickerei-in-weiss-groesse-46\/","title":{"rendered":"LASCANA Crepebluse mit Lochstickerei, in Wei\u00df, Gr\u00f6\u00dfe 46"},"content":{"rendered":"<p>Crepebluse mit Lochstickerei<br \/>\nSpitze mit Lochmuster am Ausschnitt<br \/>\nV-Ausschnitt mit Bindeband und Quasten<br \/>\nGummibund an den \u00c4rmeln<br \/>\nVestibilit\u00e0 ampia<br \/>\nGekreppte Viskose<\/p>\n<p>Die lockere Bluse von Lascana mit s\u00fc\u00dfem Lochmuster im Schulterbereich, V-Ausschnitt mit Bindeb\u00e4ndern und Quasten ist in lockerer Passform und damit nicht nur h\u00fcbsch sondern auch bequem.<br \/>\nDie weiten \u00c4rmel sind am Abschluss locker mit Gummiz\u00fcgen gerafft.<\/p>\n<p>Material: Obermaterial: 100% Viskose. Spitze: 100% Baumwolle<br \/>\nIstruzioni per la cura: Lavare in lavatrice<\/p>\n<p>Colore: bianco<br \/>\nMotivo: ricamo ad occhiello<br \/>\nDimensione: 46<\/p>\n<p>Larghezza della spalla: 43 cm<br \/>\nLarghezza del petto: 120 cm<br \/>\nLunghezza delle maniche: 60 cm<br \/>\nLunghezza totale: 71 cm<\/p>","protected":false},"excerpt":{"rendered":"<table class=\"dv_characteristicsTable\">\n<tbody>\n<tr>\n<td class=\"left\">Dimensione<\/td>\n<td>46<\/td>\n<\/tr>\n<tr>\n<td class=\"left\">Gr\u00f6\u00dfentyp<\/td>\n<td>Normalgr\u00f6\u00dfen<\/td>\n<\/tr>\n<tr>\n<td class=\"left\">Composizione del materiale<\/td>\n<td>Obermaterial: 100% Viskose. Spitze: 100% Baumwolle<\/td>\n<\/tr>\n<tr>\n<td class=\"left\">Materialart<\/td>\n<td>Cr\u00eape, Web<\/td>\n<\/tr>\n<tr>\n<td class=\"left\">Istruzioni per la cura<\/td>\n<td>Lavaggio in lavatrice<\/td>\n<\/tr>\n<tr>\n<td class=\"left\">Optik<\/td>\n<td>unifarben<\/td>\n<\/tr>\n<tr>\n<td class=\"left\">Stil<\/td>\n<td>casual<\/td>\n<\/tr>\n<tr>\n<td class=\"left\">Colore<\/td>\n<td>wei\u00df<\/td>\n<\/tr>\n<tr>\n<td class=\"left\">Ausschnitt<\/td>\n<td>Scollo a V<\/td>\n<\/tr>\n<tr>\n<td class=\"left\">\u00c4rmel<\/td>\n<td>Manica lunga<\/td>\n<\/tr>\n<tr>\n<td class=\"left\">\u00c4rmelabschluss<\/td>\n<td>elastischer Bund<\/td>\n<\/tr>\n<tr>\n<td class=\"left\">In forma<\/td>\n<td>figurumspielend<\/td>\n<\/tr>\n<tr>\n<td class=\"left\">Schnittform L\u00e4nge<\/td>\n<td>h\u00fcftlang<\/td>\n<\/tr>\n<tr>\n<td class=\"left\">Applikationen<\/td>\n<td>Bindeband, Quasten<\/td>\n<\/tr>\n<tr>\n<td class=\"left\">Besondere Merkmale<\/td>\n<td>mit Lochstickerei<\/td>\n<\/tr>\n<\/tbody>\n<\/table>","protected":false},"featured_media":79016,"comment_status":"open","ping_status":"closed","template":"","meta":{"_seopress_robots_primary_cat":"","_seopress_titles_title":"","_seopress_titles_desc":"","_seopress_robots_index":""},"product_brand":[],"product_cat":[1348,1414,1415],"product_tag":[],"class_list":{"0":"post-78922","1":"product","2":"type-product","3":"status-publish","4":"has-post-thumbnail","6":"product_cat-damen-mode","7":"product_cat-blusen","8":"product_cat-langarm","9":"product_shipping_class-standard-versand","11":"first","12":"instock","13":"sale","14":"taxable","15":"shipping-taxable","16":"purchasable","17":"product-type-simple"},"_links":{"self":[{"href":"https:\/\/www.soanam.de\/it\/wp-json\/wp\/v2\/product\/78922","targetHints":{"allow":["GET"]}}],"collection":[{"href":"https:\/\/www.soanam.de\/it\/wp-json\/wp\/v2\/product"}],"about":[{"href":"https:\/\/www.soanam.de\/it\/wp-json\/wp\/v2\/types\/product"}],"replies":[{"embeddable":true,"href":"https:\/\/www.soanam.de\/it\/wp-json\/wp\/v2\/comments?post=78922"}],"wp:featuredmedia":[{"embeddable":true,"href":"https:\/\/www.soanam.de\/it\/wp-json\/wp\/v2\/media\/79016"}],"wp:attachment":[{"href":"https:\/\/www.soanam.de\/it\/wp-json\/wp\/v2\/media?parent=78922"}],"wp:term":[{"taxonomy":"product_brand","embeddable":true,"href":"https:\/\/www.soanam.de\/it\/wp-json\/wp\/v2\/product_brand?post=78922"},{"taxonomy":"product_cat","embeddable":true,"href":"https:\/\/www.soanam.de\/it\/wp-json\/wp\/v2\/product_cat?post=78922"},{"taxonomy":"product_tag","embeddable":true,"href":"https:\/\/www.soanam.de\/it\/wp-json\/wp\/v2\/product_tag?post=78922"}],"curies":[{"name":"wp","href":"https:\/\/api.w.org\/{rel}","templated":true}]}}