{"id":78901,"date":"2023-12-13T21:55:32","date_gmt":"2023-12-13T20:55:32","guid":{"rendered":"https:\/\/www.soanam.de\/?post_type=product&#038;p=78901"},"modified":"2023-12-13T21:57:31","modified_gmt":"2023-12-13T20:57:31","slug":"montura-iceland-anorak-men-fleece-pullover-gr-xxl","status":"publish","type":"product","link":"https:\/\/www.soanam.de\/it\/produkt\/montura-iceland-anorak-men-fleece-pullover-gr-xxl\/","title":{"rendered":"MONTURA - Giacca a vento Islanda Uomo - Pullover in pile taglia XXL"},"content":{"rendered":"<h3>Descrizione del<\/h3>\n<p>Der Iceland Anorak Fleecepullover von Montura ist ein zuverl\u00e4ssiger Warmhalter f\u00fcr die kalten Herbst- und Wintermonate! Der Einsatz von atmungsaktivem Polartec Power Stretch Pro verleiht diesem Oberteil ein hohes Ma\u00df an Tragekomfort und sorgt gleichzeitig f\u00fcr eine optimale Bewegungsfreiheit. Der Iceland Anorak Fleecepullover von Montura wird somit zu einem erstklassigen Begleiter f\u00fcr eine Vielzahl an Outdooraktivit\u00e4ten, der stets angenehme W\u00e4rme spendet!<\/p>\n<h3>MATERIALINFOS &amp; FEATURES<\/h3>\n<p>Einsatzbereich: Alpinklettern<br \/>\nMaterialtyp: Fleece<br \/>\nTechnologie: Polartec<br \/>\nMaterialeigenschaften: stretchy<br \/>\nGewicht: 315 g<br \/>\nVestibilit\u00e0: Normale<br \/>\nAu\u00dfenmaterial: 53% Polyester, 38% Polyamid, 9% Elasthan<br \/>\nAu\u00dfenmaterial Info: Polartec Power Stretch Pro<br \/>\nVerschluss: halblanger Front-RV<br \/>\nTaschen: 1 RV-Brusttasche<br \/>\nverf\u00fcgbare Farben: Nero \/ Rosso, Rosso, Blu Ottanio \/ Verde Acido<\/p>","protected":false},"excerpt":{"rendered":"<h3>Caratteristiche dell'articolo<\/h3>\n<p>Condizione dell'articolo: Nuovo con etichetta: articolo nuovo, non usato e non indossato nella sua confezione originale.<\/p>\n<table border=\"0\" frame=\"VOID\" rules=\"NONE\" cellspacing=\"0\">\n<colgroup>\n<col width=\"118\" \/>\n<col width=\"283\" \/><\/colgroup>\n<tbody>\n<tr>\n<td align=\"LEFT\" width=\"118\" height=\"17\">Abteilung:<\/td>\n<td align=\"LEFT\" width=\"283\">Herren<\/td>\n<\/tr>\n<tr>\n<td align=\"LEFT\" height=\"17\">Akzente:<\/td>\n<td align=\"LEFT\">Logo<\/td>\n<\/tr>\n<tr>\n<td align=\"LEFT\" height=\"17\">Caratteristiche speciali:<\/td>\n<td align=\"LEFT\">Polartec Power Stretch Pro<\/td>\n<\/tr>\n<tr>\n<td align=\"LEFT\" height=\"17\">Charakter:<\/td>\n<td align=\"LEFT\">ohne<\/td>\n<\/tr>\n<tr>\n<td align=\"LEFT\" height=\"17\">Gewebeart:<\/td>\n<td align=\"LEFT\">Pile<\/td>\n<\/tr>\n<tr>\n<td align=\"LEFT\" height=\"17\">Gr\u00f6\u00dfe:<\/td>\n<td align=\"LEFT\">2XL<\/td>\n<\/tr>\n<tr>\n<td align=\"LEFT\" height=\"17\">Gr\u00f6\u00dfenkategorie:<\/td>\n<td align=\"LEFT\">Normalgr\u00f6\u00dfe<\/td>\n<\/tr>\n<tr>\n<td align=\"LEFT\" height=\"17\">Marke:<\/td>\n<td align=\"LEFT\">Montura<\/td>\n<\/tr>\n<tr>\n<td align=\"LEFT\" height=\"17\">Materiale:<\/td>\n<td align=\"LEFT\">53% Polyester, 38% Polyamid, 9% Elasthan<\/td>\n<\/tr>\n<tr>\n<td align=\"LEFT\" height=\"17\">Modello:<\/td>\n<td align=\"LEFT\">Ohne Muster<\/td>\n<\/tr>\n<tr>\n<td align=\"LEFT\" height=\"17\">Produktart:<\/td>\n<td align=\"LEFT\">Fleece Pullover<\/td>\n<\/tr>\n<tr>\n<td align=\"LEFT\" height=\"17\">Stil:<\/td>\n<td align=\"LEFT\">Pullover<\/td>\n<\/tr>\n<tr>\n<td align=\"LEFT\" height=\"17\">Thema:<\/td>\n<td align=\"LEFT\">Sport<\/td>\n<\/tr>\n<tr>\n<td align=\"LEFT\" height=\"17\">Vintage:<\/td>\n<td align=\"LEFT\">Nein<\/td>\n<\/tr>\n<\/tbody>\n<\/table>","protected":false},"featured_media":78998,"comment_status":"open","ping_status":"closed","template":"","meta":{"_seopress_robots_primary_cat":"","_seopress_titles_title":"","_seopress_titles_desc":"","_seopress_robots_index":""},"product_brand":[],"product_cat":[1345,1365,1545,1546],"product_tag":[],"class_list":{"0":"post-78901","1":"product","2":"type-product","3":"status-publish","4":"has-post-thumbnail","6":"product_cat-herrenmode","7":"product_cat-sportbekleidung","8":"product_cat-shirts-sportbekleidung","9":"product_cat-langarm-shirts-sportbekleidung","10":"product_shipping_class-standard-versand","12":"first","13":"instock","14":"sale","15":"taxable","16":"shipping-taxable","17":"purchasable","18":"product-type-simple"},"_links":{"self":[{"href":"https:\/\/www.soanam.de\/it\/wp-json\/wp\/v2\/product\/78901","targetHints":{"allow":["GET"]}}],"collection":[{"href":"https:\/\/www.soanam.de\/it\/wp-json\/wp\/v2\/product"}],"about":[{"href":"https:\/\/www.soanam.de\/it\/wp-json\/wp\/v2\/types\/product"}],"replies":[{"embeddable":true,"href":"https:\/\/www.soanam.de\/it\/wp-json\/wp\/v2\/comments?post=78901"}],"wp:featuredmedia":[{"embeddable":true,"href":"https:\/\/www.soanam.de\/it\/wp-json\/wp\/v2\/media\/78998"}],"wp:attachment":[{"href":"https:\/\/www.soanam.de\/it\/wp-json\/wp\/v2\/media?parent=78901"}],"wp:term":[{"taxonomy":"product_brand","embeddable":true,"href":"https:\/\/www.soanam.de\/it\/wp-json\/wp\/v2\/product_brand?post=78901"},{"taxonomy":"product_cat","embeddable":true,"href":"https:\/\/www.soanam.de\/it\/wp-json\/wp\/v2\/product_cat?post=78901"},{"taxonomy":"product_tag","embeddable":true,"href":"https:\/\/www.soanam.de\/it\/wp-json\/wp\/v2\/product_tag?post=78901"}],"curies":[{"name":"wp","href":"https:\/\/api.w.org\/{rel}","templated":true}]}}