{"id":78885,"date":"2023-12-13T21:55:08","date_gmt":"2023-12-13T20:55:08","guid":{"rendered":"https:\/\/www.soanam.de\/?post_type=product&#038;p=78885"},"modified":"2023-12-13T21:57:27","modified_gmt":"2023-12-13T20:57:27","slug":"lascana-hemdbluse-in-weiss-groesse-46","status":"publish","type":"product","link":"https:\/\/www.soanam.de\/it\/produkt\/lascana-hemdbluse-in-weiss-groesse-46\/","title":{"rendered":"LASCANA Hemdbluse, in Wei\u00df, Gr\u00f6\u00dfe 46"},"content":{"rendered":"<p>Camicetta di Lascana con bottoni ricoperti<br \/>\nArricciatura alla moda su spalle e carr\u00e9<br \/>\nAbbottonatura a tutta lunghezza<br \/>\nForma casual e oversize<br \/>\nTaglio leggermente pi\u00f9 lungo sul retro<br \/>\nViscosa intrecciata<\/p>\n<p>I volant di tendenza sul carr\u00e9 della spalla e l'abbottonatura tono su tono della camicetta da donna con vestibilit\u00e0 casual oversize, pi\u00f9 lunga dietro che davanti, sono visivamente accattivanti.<br \/>\nIl colletto classico e i polsini delle maniche completano il look di questa camicetta.<\/p>\n<p>Materiale: viscosa 100%<br \/>\nIstruzioni per la cura: Lavare in lavatrice<\/p>\n<p>Colore: bianco<br \/>\nModello: senza<br \/>\nDimensione: 46<\/p>\n<p>Larghezza della spalla: 49 cm<br \/>\nLarghezza del petto: 130 cm<br \/>\nLunghezza delle maniche: 63 cm<br \/>\nLunghezza totale: 74 cm<\/p>","protected":false},"excerpt":{"rendered":"<table class=\"dv_characteristicsTable\">\n<tbody>\n<tr>\n<td class=\"left\">Dimensione<\/td>\n<td>46<\/td>\n<\/tr>\n<tr>\n<td class=\"left\">Gr\u00f6\u00dfentyp<\/td>\n<td>Normalgr\u00f6\u00dfen<\/td>\n<\/tr>\n<tr>\n<td class=\"left\">Composizione del materiale<\/td>\n<td>Obermaterial: 100% Viskose<\/td>\n<\/tr>\n<tr>\n<td class=\"left\">Materialart<\/td>\n<td>Web<\/td>\n<\/tr>\n<tr>\n<td class=\"left\">Istruzioni per la cura<\/td>\n<td>Lavaggio in lavatrice<\/td>\n<\/tr>\n<tr>\n<td class=\"left\">Optik<\/td>\n<td>unifarben<\/td>\n<\/tr>\n<tr>\n<td class=\"left\">Stil<\/td>\n<td>modisch<\/td>\n<\/tr>\n<tr>\n<td class=\"left\">Colore<\/td>\n<td>creme<\/td>\n<\/tr>\n<tr>\n<td class=\"left\">Kragen<\/td>\n<td>Blusenkragen<\/td>\n<\/tr>\n<tr>\n<td class=\"left\">\u00c4rmel<\/td>\n<td>Manica lunga<\/td>\n<\/tr>\n<tr>\n<td class=\"left\">\u00c4rmelabschluss<\/td>\n<td>1-Knopf-Manschette<\/td>\n<\/tr>\n<tr>\n<td class=\"left\">Rumpfabschluss<\/td>\n<td>abgerundeter Saum<\/td>\n<\/tr>\n<tr>\n<td class=\"left\">In forma<\/td>\n<td>figurumspielend<\/td>\n<\/tr>\n<tr>\n<td class=\"left\">Schnittdetails<\/td>\n<td>hinten l\u00e4nger geschnitten<\/td>\n<\/tr>\n<tr>\n<td class=\"left\">Schnittform L\u00e4nge<\/td>\n<td>Po-bedeckend<\/td>\n<\/tr>\n<tr>\n<td class=\"left\">Applikationen<\/td>\n<td>Stoff\u00fcberzogene Kn\u00f6pfe<\/td>\n<\/tr>\n<tr>\n<td class=\"left\">Verschluss<\/td>\n<td>Abbottonatura<\/td>\n<\/tr>\n<tr>\n<td class=\"left\">Verschlussdetails<\/td>\n<td>durchgehend<\/td>\n<\/tr>\n<tr>\n<td class=\"left\">Besondere Merkmale<\/td>\n<td>mit bezogenen Kn\u00f6pfen<\/td>\n<\/tr>\n<\/tbody>\n<\/table>","protected":false},"featured_media":78994,"comment_status":"open","ping_status":"closed","template":"","meta":{"_seopress_robots_primary_cat":"","_seopress_titles_title":"","_seopress_titles_desc":"","_seopress_robots_index":""},"product_brand":[],"product_cat":[1348,1414,1415],"product_tag":[],"class_list":{"0":"post-78885","1":"product","2":"type-product","3":"status-publish","4":"has-post-thumbnail","6":"product_cat-damen-mode","7":"product_cat-blusen","8":"product_cat-langarm","9":"product_shipping_class-standard-versand","11":"first","12":"instock","13":"sale","14":"taxable","15":"shipping-taxable","16":"purchasable","17":"product-type-simple"},"_links":{"self":[{"href":"https:\/\/www.soanam.de\/it\/wp-json\/wp\/v2\/product\/78885","targetHints":{"allow":["GET"]}}],"collection":[{"href":"https:\/\/www.soanam.de\/it\/wp-json\/wp\/v2\/product"}],"about":[{"href":"https:\/\/www.soanam.de\/it\/wp-json\/wp\/v2\/types\/product"}],"replies":[{"embeddable":true,"href":"https:\/\/www.soanam.de\/it\/wp-json\/wp\/v2\/comments?post=78885"}],"wp:featuredmedia":[{"embeddable":true,"href":"https:\/\/www.soanam.de\/it\/wp-json\/wp\/v2\/media\/78994"}],"wp:attachment":[{"href":"https:\/\/www.soanam.de\/it\/wp-json\/wp\/v2\/media?parent=78885"}],"wp:term":[{"taxonomy":"product_brand","embeddable":true,"href":"https:\/\/www.soanam.de\/it\/wp-json\/wp\/v2\/product_brand?post=78885"},{"taxonomy":"product_cat","embeddable":true,"href":"https:\/\/www.soanam.de\/it\/wp-json\/wp\/v2\/product_cat?post=78885"},{"taxonomy":"product_tag","embeddable":true,"href":"https:\/\/www.soanam.de\/it\/wp-json\/wp\/v2\/product_tag?post=78885"}],"curies":[{"name":"wp","href":"https:\/\/api.w.org\/{rel}","templated":true}]}}