{"id":78880,"date":"2023-12-13T21:55:06","date_gmt":"2023-12-13T20:55:06","guid":{"rendered":"https:\/\/www.soanam.de\/?post_type=product&#038;p=78880"},"modified":"2023-12-13T21:56:56","modified_gmt":"2023-12-13T20:56:56","slug":"aniston-casual-schlupfbluse-in-pflaume-groesse-40","status":"publish","type":"product","link":"https:\/\/www.soanam.de\/it\/produkt\/aniston-casual-schlupfbluse-in-pflaume-groesse-40\/","title":{"rendered":"Camicetta Aniston CASUAL, color prugna, taglia 40"},"content":{"rendered":"<p>Damenbluse aus weicher Crep\u00e9-Qualit\u00e4t<br \/>\nGesmokter Stehkragen mit kleinen R\u00fcschen<br \/>\nLange \u00c4rmel mit Smokb\u00fcndchen<br \/>\nIn una vestibilit\u00e0 aderente alla figura<\/p>\n<p>Feminine Schlupfbluse von Aniston Casual aus weicher Crep\u00e9-Qualit\u00e4t mit gesmoktem Stehkragen und gesmokten \u00c4rmelabschl\u00fcssen in figurumspielender Passform.<\/p>\n<p>Materiale: poliestere 100%<br \/>\nIstruzioni per la cura: Lavare in lavatrice<\/p>\n<p>Farbe: pflaume<br \/>\nModello: senza<br \/>\nDimensione: 40<\/p>\n<p>Larghezza della spalla: 45 cm<br \/>\nLarghezza del torace: 112 cm<br \/>\nLunghezza delle maniche: 62 cm<br \/>\nLunghezza totale: 67 cm<\/p>\n<p>Questo nuovo articolo \u00e8 un reso del cliente senza etichetta.<\/p>","protected":false},"excerpt":{"rendered":"<div class=\"OOCVTable__TableBlock-fragment-product-master__sc-avk7r9-0 bHjtgb\">\n<div class=\"OOCVTable__TableRow-fragment-product-master__sc-avk7r9-2 bhnjgZ\">\n<div class=\"OOCVTable__KeyTableCell-fragment-product-master__sc-avk7r9-3 jCbhNz\">Materialzusammensetzung: Obermaterial: 100% Polyester<\/div>\n<\/div>\n<div class=\"OOCVTable__TableRow-fragment-product-master__sc-avk7r9-2 bhnjgZ\">\n<div class=\"OOCVTable__KeyTableCell-fragment-product-master__sc-avk7r9-3 jCbhNz\">Materialart: Cr\u00eape<\/div>\n<\/div>\n<div class=\"OOCVTable__TableRow-fragment-product-master__sc-avk7r9-2 bhnjgZ\">\n<div class=\"OOCVTable__KeyTableCell-fragment-product-master__sc-avk7r9-3 jCbhNz\">Istruzioni per la cura: Lavare in lavatrice<\/div>\n<\/div>\n<\/div>\n<div class=\"OOCVTable__TableBlock-fragment-product-master__sc-avk7r9-0 bHjtgb\">\n<div class=\"OOCVTable__TableRow-fragment-product-master__sc-avk7r9-2 bhnjgZ\">\n<div class=\"OOCVTable__KeyTableCell-fragment-product-master__sc-avk7r9-3 jCbhNz\">Stil: modisch<\/div>\n<\/div>\n<\/div>\n<div class=\"OOCVTable__TableBlock-fragment-product-master__sc-avk7r9-0 bHjtgb\">\n<div class=\"OOCVTable__TableRow-fragment-product-master__sc-avk7r9-2 bhnjgZ\">\n<div class=\"OOCVTable__KeyTableCell-fragment-product-master__sc-avk7r9-3 jCbhNz\">Farbe: pflaume<\/div>\n<\/div>\n<\/div>\n<div class=\"OOCVTable__TableBlock-fragment-product-master__sc-avk7r9-0 bHjtgb\">\n<div class=\"OOCVTable__TableRow-fragment-product-master__sc-avk7r9-2 bhnjgZ\">\n<div class=\"OOCVTable__KeyTableCell-fragment-product-master__sc-avk7r9-3 jCbhNz\">Kragen: Stehkragen<\/div>\n<\/div>\n<div class=\"OOCVTable__TableRow-fragment-product-master__sc-avk7r9-2 bhnjgZ\">\n<div class=\"OOCVTable__KeyTableCell-fragment-product-master__sc-avk7r9-3 jCbhNz\">Maniche: Manica lunga<\/div>\n<\/div>\n<div class=\"OOCVTable__TableRow-fragment-product-master__sc-avk7r9-2 bhnjgZ\">\n<div class=\"OOCVTable__KeyTableCell-fragment-product-master__sc-avk7r9-3 jCbhNz\">\u00c4rmelabschluss: Smokb\u00fcndchen<\/div>\n<\/div>\n<div class=\"OOCVTable__TableRow-fragment-product-master__sc-avk7r9-2 bhnjgZ\">\n<div class=\"OOCVTable__KeyTableCell-fragment-product-master__sc-avk7r9-3 jCbhNz\">Vestibilit\u00e0: aderente alla figura<\/div>\n<\/div>\n<div class=\"OOCVTable__TableRow-fragment-product-master__sc-avk7r9-2 bhnjgZ\">\n<div class=\"OOCVTable__KeyTableCell-fragment-product-master__sc-avk7r9-3 jCbhNz\">Schnittform L\u00e4nge: h\u00fcftbedeckend<\/div>\n<\/div>\n<\/div>","protected":false},"featured_media":78956,"comment_status":"open","ping_status":"closed","template":"","meta":{"_seopress_robots_primary_cat":"","_seopress_titles_title":"","_seopress_titles_desc":"","_seopress_robots_index":""},"product_brand":[],"product_cat":[1348,1414,1415],"product_tag":[],"class_list":{"0":"post-78880","1":"product","2":"type-product","3":"status-publish","4":"has-post-thumbnail","6":"product_cat-damen-mode","7":"product_cat-blusen","8":"product_cat-langarm","9":"product_shipping_class-standard-versand","11":"first","12":"instock","13":"sale","14":"taxable","15":"shipping-taxable","16":"purchasable","17":"product-type-simple"},"_links":{"self":[{"href":"https:\/\/www.soanam.de\/it\/wp-json\/wp\/v2\/product\/78880","targetHints":{"allow":["GET"]}}],"collection":[{"href":"https:\/\/www.soanam.de\/it\/wp-json\/wp\/v2\/product"}],"about":[{"href":"https:\/\/www.soanam.de\/it\/wp-json\/wp\/v2\/types\/product"}],"replies":[{"embeddable":true,"href":"https:\/\/www.soanam.de\/it\/wp-json\/wp\/v2\/comments?post=78880"}],"wp:featuredmedia":[{"embeddable":true,"href":"https:\/\/www.soanam.de\/it\/wp-json\/wp\/v2\/media\/78956"}],"wp:attachment":[{"href":"https:\/\/www.soanam.de\/it\/wp-json\/wp\/v2\/media?parent=78880"}],"wp:term":[{"taxonomy":"product_brand","embeddable":true,"href":"https:\/\/www.soanam.de\/it\/wp-json\/wp\/v2\/product_brand?post=78880"},{"taxonomy":"product_cat","embeddable":true,"href":"https:\/\/www.soanam.de\/it\/wp-json\/wp\/v2\/product_cat?post=78880"},{"taxonomy":"product_tag","embeddable":true,"href":"https:\/\/www.soanam.de\/it\/wp-json\/wp\/v2\/product_tag?post=78880"}],"curies":[{"name":"wp","href":"https:\/\/api.w.org\/{rel}","templated":true}]}}