{"id":78815,"date":"2023-12-13T21:53:50","date_gmt":"2023-12-13T20:53:50","guid":{"rendered":"https:\/\/www.soanam.de\/?post_type=product&#038;p=78815"},"modified":"2023-12-13T21:55:42","modified_gmt":"2023-12-13T20:55:42","slug":"catena-di-costruzioni-heros-serpente-set-di-11-pezzi-in-legno-di-faggio-a-partire-da-18-mesi","status":"publish","type":"product","link":"https:\/\/www.soanam.de\/it\/produkt\/heros-kettenbausteine-schlange-11tlg-set-aus-buchenholz-ab-18-monate\/","title":{"rendered":"Catena di costruzioni HEROS serpente, set di 11 pezzi in legno di faggio, a partire da 18 mesi"},"content":{"rendered":"<h3>Descrizione del prodotto<\/h3>\n<p>Con l'innovativo sistema di blocchi da costruzione a catena HEROS, la connessione a innesto a misura di bambino crea strutture e figure fantastiche. La combinazione di perni rotondi e la forma rotonda dei blocchi da costruzione crea connessioni solide e vantaggi decisivi per la costruzione e il gioco. I blocchi da costruzione a catena Heros possono essere ruotati e spostati in qualsiasi momento senza perdere la loro stabilit\u00e0. Il serpente si monta passo dopo passo con le istruzioni allegate. I bambini possono anche dare sfogo alla loro immaginazione e creare le proprie strutture. Il set \u00e8 composto da undici pezzi ed \u00e8 adatto ai bambini a partire dai 18 mesi di et\u00e0, grazie al collegamento a spina a misura di bambino.<\/p>\n<p>- Set da 11 pezzi<br \/>\n- Materiale legno di faggio (FSC\u00ae 100%)<br \/>\n- Semplici connessioni a innesto<br \/>\n- Promuove la creativit\u00e0<\/p>\n<p><strong>ATTENZIONE! <\/strong><\/p>\n<p>Non adatto a bambini di et\u00e0 inferiore ai 18 mesi.<\/p>","protected":false},"excerpt":{"rendered":"<h3>Caratteristiche dell'articolo<\/h3>\n<p>Artikelzustand: Neu - Neuer, unbenutzter und unbesch\u00e4digter Artikel in der unge\u00f6ffneten Verpackung<\/p>\n<table dir=\"ltr\" border=\"1\" cellspacing=\"0\" cellpadding=\"0\">\n<colgroup>\n<col width=\"203\" \/>\n<col width=\"203\" \/><\/colgroup>\n<tbody>\n<tr>\n<td data-sheets-value=\"{&quot;1&quot;:2,&quot;2&quot;:&quot;Altersempfehlung:&quot;}\">Altersempfehlung:<\/td>\n<td data-sheets-value=\"{&quot;1&quot;:2,&quot;2&quot;:&quot;Ab 18 Monaten&quot;}\">Ab 18 Monaten<\/td>\n<\/tr>\n<tr>\n<td data-sheets-value=\"{&quot;1&quot;:2,&quot;2&quot;:&quot;EAN:&quot;}\">EAN:<\/td>\n<td data-sheets-value=\"{&quot;1&quot;:3,&quot;3&quot;:4051902400005}\">4051902400005<\/td>\n<\/tr>\n<tr>\n<td data-sheets-value=\"{&quot;1&quot;:2,&quot;2&quot;:&quot;F\u00f6rdert die:&quot;}\">F\u00f6rdert die:<\/td>\n<td data-sheets-value=\"{&quot;1&quot;:2,&quot;2&quot;:&quot;Motorik&quot;}\">Motorik<\/td>\n<\/tr>\n<tr>\n<td data-sheets-value=\"{&quot;1&quot;:2,&quot;2&quot;:&quot;Form:&quot;}\">Form:<\/td>\n<td data-sheets-value=\"{&quot;1&quot;:2,&quot;2&quot;:&quot;Schlange&quot;}\">Schlange<\/td>\n<\/tr>\n<tr>\n<td data-sheets-value=\"{&quot;1&quot;:2,&quot;2&quot;:&quot;F\u00fcr Jungen &amp; M\u00e4dchen:&quot;}\">F\u00fcr Jungen &amp; M\u00e4dchen:<\/td>\n<td data-sheets-value=\"{&quot;1&quot;:2,&quot;2&quot;:&quot;Ja&quot;}\">Ja<\/td>\n<\/tr>\n<tr>\n<td data-sheets-value=\"{&quot;1&quot;:2,&quot;2&quot;:&quot;Herstellernummer:&quot;}\">Herstellernummer:<\/td>\n<td data-sheets-value=\"{&quot;1&quot;:3,&quot;3&quot;:100040000}\">100040000<\/td>\n<\/tr>\n<tr>\n<td data-sheets-value=\"{&quot;1&quot;:2,&quot;2&quot;:&quot;Herstellungsland und -region:&quot;}\">Herstellungsland und -region:<\/td>\n<td data-sheets-value=\"{&quot;1&quot;:2,&quot;2&quot;:&quot;Deutschland&quot;}\">Germania<\/td>\n<\/tr>\n<tr>\n<td data-sheets-value=\"{&quot;1&quot;:2,&quot;2&quot;:&quot;Marke:&quot;}\">Marke:<\/td>\n<td data-sheets-value=\"{&quot;1&quot;:2,&quot;2&quot;:&quot;Heros&quot;}\">Eroi<\/td>\n<\/tr>\n<tr>\n<td data-sheets-value=\"{&quot;1&quot;:2,&quot;2&quot;:&quot;Material:&quot;}\">Materiale:<\/td>\n<td data-sheets-value=\"{&quot;1&quot;:2,&quot;2&quot;:&quot;Buchenholz&quot;}\">Buchenholz<\/td>\n<\/tr>\n<tr>\n<td data-sheets-value=\"{&quot;1&quot;:2,&quot;2&quot;:&quot;Modifizierter Artikel:&quot;}\">Modifizierter Artikel:<\/td>\n<td data-sheets-value=\"{&quot;1&quot;:2,&quot;2&quot;:&quot;Nein&quot;}\">Nein<\/td>\n<\/tr>\n<tr>\n<td data-sheets-value=\"{&quot;1&quot;:2,&quot;2&quot;:&quot;Toy Award:&quot;}\">Toy Award:<\/td>\n<td data-sheets-value=\"{&quot;1&quot;:3,&quot;3&quot;:2014}\">2014<\/td>\n<\/tr>\n<tr>\n<td data-sheets-value=\"{&quot;1&quot;:2,&quot;2&quot;:&quot;Umbaubar:&quot;}\">Umbaubar:<\/td>\n<td data-sheets-value=\"{&quot;1&quot;:2,&quot;2&quot;:&quot;Ja&quot;}\">Ja<\/td>\n<\/tr>\n<\/tbody>\n<\/table>","protected":false},"featured_media":78909,"comment_status":"open","ping_status":"closed","template":"","meta":{"_seopress_robots_primary_cat":"","_seopress_titles_title":"","_seopress_titles_desc":"","_seopress_robots_index":""},"product_brand":[],"product_cat":[1435,1436],"product_tag":[],"class_list":{"0":"post-78815","1":"product","2":"type-product","3":"status-publish","4":"has-post-thumbnail","6":"product_cat-spielzeug","7":"product_cat-lernspiele","8":"product_shipping_class-standard-versand","10":"first","11":"instock","12":"sale","13":"taxable","14":"shipping-taxable","15":"purchasable","16":"product-type-simple"},"_links":{"self":[{"href":"https:\/\/www.soanam.de\/it\/wp-json\/wp\/v2\/product\/78815","targetHints":{"allow":["GET"]}}],"collection":[{"href":"https:\/\/www.soanam.de\/it\/wp-json\/wp\/v2\/product"}],"about":[{"href":"https:\/\/www.soanam.de\/it\/wp-json\/wp\/v2\/types\/product"}],"replies":[{"embeddable":true,"href":"https:\/\/www.soanam.de\/it\/wp-json\/wp\/v2\/comments?post=78815"}],"wp:featuredmedia":[{"embeddable":true,"href":"https:\/\/www.soanam.de\/it\/wp-json\/wp\/v2\/media\/78909"}],"wp:attachment":[{"href":"https:\/\/www.soanam.de\/it\/wp-json\/wp\/v2\/media?parent=78815"}],"wp:term":[{"taxonomy":"product_brand","embeddable":true,"href":"https:\/\/www.soanam.de\/it\/wp-json\/wp\/v2\/product_brand?post=78815"},{"taxonomy":"product_cat","embeddable":true,"href":"https:\/\/www.soanam.de\/it\/wp-json\/wp\/v2\/product_cat?post=78815"},{"taxonomy":"product_tag","embeddable":true,"href":"https:\/\/www.soanam.de\/it\/wp-json\/wp\/v2\/product_tag?post=78815"}],"curies":[{"name":"wp","href":"https:\/\/api.w.org\/{rel}","templated":true}]}}