{"id":78754,"date":"2023-12-13T21:26:18","date_gmt":"2023-12-13T20:26:18","guid":{"rendered":"https:\/\/www.soanam.de\/?post_type=product&#038;p=78754"},"modified":"2023-12-13T21:54:21","modified_gmt":"2023-12-13T20:54:21","slug":"joy-fielding-das-verhaengnis-edizione-con-copertina-rigida-2010-tedesco","status":"publish","type":"product","link":"https:\/\/www.soanam.de\/it\/produkt\/joy-fielding-das-verhaengnis-gebundene-ausgabe-2010-deutsch\/","title":{"rendered":"Joy Fielding \"Das Verh\u00e4ngnis\" Copertina rigida 2010 Tedesco"},"content":{"rendered":"<h3>Descrizione del prodotto<\/h3>\n<p><strong>Suggerimento<\/strong><br \/>\nNuovo e non usato, con minimi segni di conservazione. La confezione \u00e8 leggermente sporca o danneggiata, pertanto viene offerta a un prezzo speciale.<\/p>\n<p><strong>Descrizione del<\/strong><br \/>\nSuzy Bigelow ist neu in Miami Beach, Florida \u2013 erst k\u00fcrzlich ist sie mit ihrem Mann Dave, der als Arzt eine Anstellung in einer renommierten Klinik bekommen hat, hierher gezogen. Doch ihre Ehe ist nicht gl\u00fccklich, denn Dave erweist sich zunehmend als Choleriker, der Suzy mit seinen unberechenbaren Wutausbr\u00fcchen das Leben zur H\u00f6lle macht. Eines Abends beschlie\u00dft sie, in einer Bar einen Drink zu nehmen, um sich ein wenig abzulenken von ihren Sorgen. Schnell zieht die attraktive Unbekannte die Aufmerksamkeit von drei M\u00e4nnern auf sich, die am Tresen stehen \u2013 und pl\u00f6tzlich kommt einer von ihnen auf die Idee, eine Wette dar\u00fcber abzuschlie\u00dfen, wer aus der Runde es schafft, Suzy noch am selben Abend zu verf\u00fchren. Doch was zun\u00e4chst beginnt wie ein harmloses Spiel, entwickelt sich mehr und mehr zu einer gef\u00e4hrlichen Gratwanderung \u2013 und schl\u00e4gt schlie\u00dflich um in eine wahrhafte Katastrophe ...<\/p>\n<p><strong>Dettagli del prodotto<\/strong><br \/>\nHerausgeber \u200f : \u200e Goldmann Verlag<br \/>\nErscheinungsjahr : 2010<br \/>\nLingua: tedesco<br \/>\nRilegatura : Copertina rigida<br \/>\nSeitenzahl \u200f : \u200e 412 Seiten<br \/>\nISBN-10 \u200f : \u200e 3442312051<br \/>\nISBN-13 \u200f : \u200e 978-3442312054<br \/>\nAbmessungen \u200f : \u200e 15 x 3.9 x 22.2 cm<\/p>","protected":false},"excerpt":{"rendered":"<h3>Caratteristiche dell'articolo<\/h3>\n<p>Artikelzustand: Neu - Neues, ungelesenes, ungebrauchtes Buch<\/p>\n<table dir=\"ltr\" border=\"1\" cellspacing=\"0\" cellpadding=\"0\">\n<colgroup>\n<col width=\"203\" \/>\n<col width=\"213\" \/><\/colgroup>\n<tbody>\n<tr>\n<td data-sheets-value=\"{&quot;1&quot;:2,&quot;2&quot;:&quot;Autor:&quot;}\">Autor:<\/td>\n<td data-sheets-value=\"{&quot;1&quot;:2,&quot;2&quot;:&quot;Joy Fielding&quot;}\">Joy Fielding<\/td>\n<\/tr>\n<tr>\n<td data-sheets-value=\"{&quot;1&quot;:2,&quot;2&quot;:&quot;Besonderheiten:&quot;}\">Caratteristiche speciali:<\/td>\n<td data-sheets-value=\"{&quot;1&quot;:2,&quot;2&quot;:&quot;Schutzumschlag&quot;}\">Schutzumschlag<\/td>\n<\/tr>\n<tr>\n<td data-sheets-value=\"{&quot;1&quot;:2,&quot;2&quot;:&quot;Buchtitel:&quot;}\">Buchtitel:<\/td>\n<td data-sheets-value=\"{&quot;1&quot;:2,&quot;2&quot;:&quot;Das Verh\u00e4ngnis&quot;}\">Das Verh\u00e4ngnis<\/td>\n<\/tr>\n<tr>\n<td data-sheets-value=\"{&quot;1&quot;:2,&quot;2&quot;:&quot;Erscheinungsjahr:&quot;}\">Erscheinungsjahr:<\/td>\n<td data-sheets-value=\"{&quot;1&quot;:3,&quot;3&quot;:2010}\">2010<\/td>\n<\/tr>\n<tr>\n<td data-sheets-value=\"{&quot;1&quot;:2,&quot;2&quot;:&quot;Format:&quot;}\">Format:<\/td>\n<td data-sheets-value=\"{&quot;1&quot;:2,&quot;2&quot;:&quot;Gebundene Ausgabe&quot;}\">Gebundene Ausgabe<\/td>\n<\/tr>\n<tr>\n<td data-sheets-value=\"{&quot;1&quot;:2,&quot;2&quot;:&quot;Genre:&quot;}\">Genre:<\/td>\n<td data-sheets-value=\"{&quot;1&quot;:2,&quot;2&quot;:&quot;Thriller&quot;}\">Thriller<\/td>\n<\/tr>\n<tr>\n<td data-sheets-value=\"{&quot;1&quot;:2,&quot;2&quot;:&quot;Herstellungsland und -region:&quot;}\">Herstellungsland und -region:<\/td>\n<td data-sheets-value=\"{&quot;1&quot;:2,&quot;2&quot;:&quot;Deutschland&quot;}\">Germania<\/td>\n<\/tr>\n<tr>\n<td data-sheets-value=\"{&quot;1&quot;:2,&quot;2&quot;:&quot;ISBN:&quot;}\">ISBN:<\/td>\n<td data-sheets-value=\"{&quot;1&quot;:3,&quot;3&quot;:9783442312054}\">9783442312054<\/td>\n<\/tr>\n<tr>\n<td data-sheets-value=\"{&quot;1&quot;:2,&quot;2&quot;:&quot;Literarische Gattung:&quot;}\">Literarische Gattung:<\/td>\n<td data-sheets-value=\"{&quot;1&quot;:2,&quot;2&quot;:&quot;Belletristik&quot;}\">Belletristik<\/td>\n<\/tr>\n<tr>\n<td data-sheets-value=\"{&quot;1&quot;:2,&quot;2&quot;:&quot;Produktart:&quot;}\">Produktart:<\/td>\n<td data-sheets-value=\"{&quot;1&quot;:2,&quot;2&quot;:&quot;Roman&quot;}\">Roman<\/td>\n<\/tr>\n<tr>\n<td data-sheets-value=\"{&quot;1&quot;:2,&quot;2&quot;:&quot;Sprache:&quot;}\">Sprache:<\/td>\n<td data-sheets-value=\"{&quot;1&quot;:2,&quot;2&quot;:&quot;Deutsch&quot;}\">Tedesco<\/td>\n<\/tr>\n<tr>\n<td data-sheets-value=\"{&quot;1&quot;:2,&quot;2&quot;:&quot;Thematik:&quot;}\">Thematik:<\/td>\n<td data-sheets-value=\"{&quot;1&quot;:2,&quot;2&quot;:&quot;romantische Spannung&quot;}\">romantische Spannung<\/td>\n<\/tr>\n<tr>\n<td data-sheets-value=\"{&quot;1&quot;:2,&quot;2&quot;:&quot;Verlag:&quot;}\">Verlag:<\/td>\n<td data-sheets-value=\"{&quot;1&quot;:2,&quot;2&quot;:&quot;Goldmann&quot;}\">Goldmann<\/td>\n<\/tr>\n<tr>\n<td data-sheets-value=\"{&quot;1&quot;:2,&quot;2&quot;:&quot;Zielgruppe:&quot;}\">Zielgruppe:<\/td>\n<td data-sheets-value=\"{&quot;1&quot;:2,&quot;2&quot;:&quot;Jugendliche, Erwachsene&quot;}\">Jugendliche, Erwachsene<\/td>\n<\/tr>\n<\/tbody>\n<\/table>","protected":false},"featured_media":78844,"comment_status":"open","ping_status":"closed","template":"","meta":{"_seopress_robots_primary_cat":"","_seopress_titles_title":"","_seopress_titles_desc":"","_seopress_robots_index":""},"product_brand":[],"product_cat":[1428,1429,1434,1451,1452],"product_tag":[],"class_list":{"0":"post-78754","1":"product","2":"type-product","3":"status-publish","4":"has-post-thumbnail","6":"product_cat-buecher","7":"product_cat-jugend","8":"product_cat-erwachsene","9":"product_cat-romane","10":"product_cat-romane-jugend","11":"product_shipping_class-standard-versand","13":"first","14":"instock","15":"taxable","16":"shipping-taxable","17":"purchasable","18":"product-type-simple"},"_links":{"self":[{"href":"https:\/\/www.soanam.de\/it\/wp-json\/wp\/v2\/product\/78754","targetHints":{"allow":["GET"]}}],"collection":[{"href":"https:\/\/www.soanam.de\/it\/wp-json\/wp\/v2\/product"}],"about":[{"href":"https:\/\/www.soanam.de\/it\/wp-json\/wp\/v2\/types\/product"}],"replies":[{"embeddable":true,"href":"https:\/\/www.soanam.de\/it\/wp-json\/wp\/v2\/comments?post=78754"}],"wp:featuredmedia":[{"embeddable":true,"href":"https:\/\/www.soanam.de\/it\/wp-json\/wp\/v2\/media\/78844"}],"wp:attachment":[{"href":"https:\/\/www.soanam.de\/it\/wp-json\/wp\/v2\/media?parent=78754"}],"wp:term":[{"taxonomy":"product_brand","embeddable":true,"href":"https:\/\/www.soanam.de\/it\/wp-json\/wp\/v2\/product_brand?post=78754"},{"taxonomy":"product_cat","embeddable":true,"href":"https:\/\/www.soanam.de\/it\/wp-json\/wp\/v2\/product_cat?post=78754"},{"taxonomy":"product_tag","embeddable":true,"href":"https:\/\/www.soanam.de\/it\/wp-json\/wp\/v2\/product_tag?post=78754"}],"curies":[{"name":"wp","href":"https:\/\/api.w.org\/{rel}","templated":true}]}}