{"id":78719,"date":"2023-12-13T21:25:03","date_gmt":"2023-12-13T20:25:03","guid":{"rendered":"https:\/\/www.soanam.de\/?post_type=product&#038;p=78719"},"modified":"2023-12-13T21:27:29","modified_gmt":"2023-12-13T20:27:29","slug":"zapato-platform-sneakers-active-outdoor-shoes-fitness-and-leisure-shoes-beige-37","status":"publish","type":"product","link":"https:\/\/www.soanam.de\/it\/produkt\/zapato-plateausneaker-aktiv-outdoor-schuhe-fitness-u-freizeitschuhe-beige-37\/","title":{"rendered":"Zapato platform sneakers active outdoor shoes fitness and leisure shoes, beige, 37"},"content":{"rendered":"<h3>Descrizione del prodotto<\/h3>\n<p>Le scarpe attive sono adatte per il tempo libero e le passeggiate, e sono molto apprezzate anche per i lavori che comportano una prolungata permanenza in piedi o seduti, dove sono percepite come molto comode. La suola a forma di gondola leggermente arrotondata asseconda il naturale movimento di rotolamento del piede e garantisce un bilanciamento regolare e appena percettibile del corpo, che a sua volta allevia la postura e pu\u00f2 prevenire dolori alla schiena e alle articolazioni, oltre a favorire lo sviluppo muscolare. La suola multicomponente \u00e8 composta da un'intersuola in PU ammortizzante e da una suola in robusto TR. La tomaia in materiale resistente \u00e8 rifinita in un'attraente combinazione di PU nappa o PU nubuck con microfibra piacevolmente morbida. Per la fodera interna \u00e8 stato utilizzato un tessuto delicato sulla pelle in combinazione con una soletta in vera pelle.<\/p>\n<p><strong>dettagli<\/strong><\/p>\n<p>Per le signore e i signori<br \/>\nFavorisce una buona postura<br \/>\nPu\u00f2 favorire lo sviluppo muscolare<br \/>\nMateriale della tomaia: PU nappa\/nubuck (pelle artificiale)<br \/>\nMateriale della fodera: tessuto<br \/>\nSoletta in pelle<br \/>\nFavorisce una buona postura<br \/>\nPu\u00f2 favorire lo sviluppo muscolare<\/p>\n<p>Dimensione: 37<br \/>\nColore: beige<br \/>\nMateriale della tomaia: finta pelle<br \/>\nStile: sportivo<br \/>\nCaratteristiche speciali: Scarpe attive all'aperto scarpe da ginnastica fitness scarpe per il tempo libero scarpe sportive beige<br \/>\nChiusura: allacciatura<br \/>\nPunta: rotonda<\/p>","protected":false},"excerpt":{"rendered":"<h3>Caratteristiche dell'articolo<\/h3>\n<p>Artikelzustand: Neu ohne Karton<\/p>\n<table dir=\"ltr\" border=\"1\" cellspacing=\"0\" cellpadding=\"0\">\n<colgroup>\n<col width=\"203\" \/>\n<col width=\"213\" \/><\/colgroup>\n<tbody>\n<tr>\n<td data-sheets-value=\"{&quot;1&quot;:2,&quot;2&quot;:&quot;Abteilung:&quot;}\">Abteilung:<\/td>\n<td data-sheets-value=\"{&quot;1&quot;:2,&quot;2&quot;:&quot;Unisex Erwachsene&quot;}\">Unisex Erwachsene<\/td>\n<\/tr>\n<tr>\n<td data-sheets-value=\"{&quot;1&quot;:2,&quot;2&quot;:&quot;Besonderheiten:&quot;}\">Caratteristiche speciali:<\/td>\n<td data-sheets-value=\"{&quot;1&quot;:2,&quot;2&quot;:&quot;abgerundete Sohle&quot;}\">abgerundete Sohle<\/td>\n<\/tr>\n<tr>\n<td data-sheets-value=\"{&quot;1&quot;:2,&quot;2&quot;:&quot;EU-Schuhgr\u00f6\u00dfe:&quot;}\">EU-Schuhgr\u00f6\u00dfe:<\/td>\n<td data-sheets-value=\"{&quot;1&quot;:2,&quot;2&quot;:&quot;EUR 37&quot;}\">EUR 37<\/td>\n<\/tr>\n<tr>\n<td data-sheets-value=\"{&quot;1&quot;:2,&quot;2&quot;:&quot;Farbe:&quot;}\">Colore:<\/td>\n<td data-sheets-value=\"{&quot;1&quot;:2,&quot;2&quot;:&quot;Beige&quot;}\">Beige<\/td>\n<\/tr>\n<tr>\n<td data-sheets-value=\"{&quot;1&quot;:2,&quot;2&quot;:&quot;Futtermaterial:&quot;}\">Futtermaterial:<\/td>\n<td data-sheets-value=\"{&quot;1&quot;:2,&quot;2&quot;:&quot;Textil&quot;}\">Tessile<\/td>\n<\/tr>\n<tr>\n<td data-sheets-value=\"{&quot;1&quot;:2,&quot;2&quot;:&quot;Innensohlenmaterial:&quot;}\">Innensohlenmaterial:<\/td>\n<td data-sheets-value=\"{&quot;1&quot;:2,&quot;2&quot;:&quot;Leder&quot;}\">Pelle<\/td>\n<\/tr>\n<tr>\n<td data-sheets-value=\"{&quot;1&quot;:2,&quot;2&quot;:&quot;Laufsohlenmaterial:&quot;}\">Laufsohlenmaterial:<\/td>\n<td data-sheets-value=\"{&quot;1&quot;:2,&quot;2&quot;:&quot;Kunststoff&quot;}\">Plastica<\/td>\n<\/tr>\n<tr>\n<td data-sheets-value=\"{&quot;1&quot;:2,&quot;2&quot;:&quot;Marke:&quot;}\">Marke:<\/td>\n<td data-sheets-value=\"{&quot;1&quot;:2,&quot;2&quot;:&quot;Zapato&quot;}\">Zapato<\/td>\n<\/tr>\n<tr>\n<td data-sheets-value=\"{&quot;1&quot;:2,&quot;2&quot;:&quot;Modell:&quot;}\">Modell:<\/td>\n<td data-sheets-value=\"{&quot;1&quot;:2,&quot;2&quot;:&quot;Aktiv Outdoor&quot;}\">Aktiv Outdoor<\/td>\n<\/tr>\n<tr>\n<td data-sheets-value=\"{&quot;1&quot;:2,&quot;2&quot;:&quot;Obermaterial:&quot;}\">Materiale della tomaia:<\/td>\n<td data-sheets-value=\"{&quot;1&quot;:2,&quot;2&quot;:&quot;Kunstleder&quot;}\">Finta pelle<\/td>\n<\/tr>\n<tr>\n<td data-sheets-value=\"{&quot;1&quot;:2,&quot;2&quot;:&quot;Produktart:&quot;}\">Produktart:<\/td>\n<td data-sheets-value=\"{&quot;1&quot;:2,&quot;2&quot;:&quot;Sportschuh&quot;}\">Sportschuh<\/td>\n<\/tr>\n<tr>\n<td data-sheets-value=\"{&quot;1&quot;:2,&quot;2&quot;:&quot;Produktlinie:&quot;}\">Produktlinie:<\/td>\n<td data-sheets-value=\"{&quot;1&quot;:2,&quot;2&quot;:&quot;Plateau&quot;}\">Plateau<\/td>\n<\/tr>\n<tr>\n<td data-sheets-value=\"{&quot;1&quot;:2,&quot;2&quot;:&quot;Schuhweite:&quot;}\">Schuhweite:<\/td>\n<td data-sheets-value=\"{&quot;1&quot;:2,&quot;2&quot;:&quot;F&quot;}\">F<\/td>\n<\/tr>\n<tr>\n<td data-sheets-value=\"{&quot;1&quot;:2,&quot;2&quot;:&quot;Stil:&quot;}\">Stil:<\/td>\n<td data-sheets-value=\"{&quot;1&quot;:2,&quot;2&quot;:&quot;Sneaker&quot;}\">Sneaker<\/td>\n<\/tr>\n<tr>\n<td data-sheets-value=\"{&quot;1&quot;:2,&quot;2&quot;:&quot;Thema:&quot;}\">Thema:<\/td>\n<td data-sheets-value=\"{&quot;1&quot;:2,&quot;2&quot;:&quot;Outdoor&quot;}\">Outdoor<\/td>\n<\/tr>\n<tr>\n<td data-sheets-value=\"{&quot;1&quot;:2,&quot;2&quot;:&quot;UK-Schuhgr\u00f6\u00dfe:&quot;}\">UK-Schuhgr\u00f6\u00dfe:<\/td>\n<td data-sheets-value=\"{&quot;1&quot;:2,&quot;2&quot;:&quot;UK 4,5&quot;}\">UK 4,5<\/td>\n<\/tr>\n<tr>\n<td data-sheets-value=\"{&quot;1&quot;:2,&quot;2&quot;:&quot;US-Schuhgr\u00f6\u00dfe:&quot;}\">US-Schuhgr\u00f6\u00dfe:<\/td>\n<td data-sheets-value=\"{&quot;1&quot;:2,&quot;2&quot;:&quot;US 6,5&quot;}\">US 6,5<\/td>\n<\/tr>\n<tr>\n<td data-sheets-value=\"{&quot;1&quot;:2,&quot;2&quot;:&quot;Verschluss:&quot;}\">Verschluss:<\/td>\n<td data-sheets-value=\"{&quot;1&quot;:2,&quot;2&quot;:&quot;Schn\u00fcrung&quot;}\">Schn\u00fcrung<\/td>\n<\/tr>\n<tr>\n<td data-sheets-value=\"{&quot;1&quot;:2,&quot;2&quot;:&quot;Vintage:&quot;}\">Vintage:<\/td>\n<td data-sheets-value=\"{&quot;1&quot;:2,&quot;2&quot;:&quot;Nein&quot;}\">Nein<\/td>\n<\/tr>\n<\/tbody>\n<\/table>","protected":false},"featured_media":78813,"comment_status":"open","ping_status":"closed","template":"","meta":{"_seopress_robots_primary_cat":"","_seopress_titles_title":"","_seopress_titles_desc":"","_seopress_robots_index":""},"product_brand":[],"product_cat":[1345,1348,1360,1367,1393,1394],"product_tag":[],"class_list":{"0":"post-78719","1":"product","2":"type-product","3":"status-publish","4":"has-post-thumbnail","6":"product_cat-herrenmode","7":"product_cat-damen-mode","8":"product_cat-schuhe","9":"product_cat-sneakers","10":"product_cat-schuhe-herrenmode","11":"product_cat-sneakers-schuhe-herrenmode","12":"product_shipping_class-standard-versand","14":"first","15":"instock","16":"sale","17":"taxable","18":"shipping-taxable","19":"purchasable","20":"product-type-simple"},"_links":{"self":[{"href":"https:\/\/www.soanam.de\/it\/wp-json\/wp\/v2\/product\/78719","targetHints":{"allow":["GET"]}}],"collection":[{"href":"https:\/\/www.soanam.de\/it\/wp-json\/wp\/v2\/product"}],"about":[{"href":"https:\/\/www.soanam.de\/it\/wp-json\/wp\/v2\/types\/product"}],"replies":[{"embeddable":true,"href":"https:\/\/www.soanam.de\/it\/wp-json\/wp\/v2\/comments?post=78719"}],"wp:featuredmedia":[{"embeddable":true,"href":"https:\/\/www.soanam.de\/it\/wp-json\/wp\/v2\/media\/78813"}],"wp:attachment":[{"href":"https:\/\/www.soanam.de\/it\/wp-json\/wp\/v2\/media?parent=78719"}],"wp:term":[{"taxonomy":"product_brand","embeddable":true,"href":"https:\/\/www.soanam.de\/it\/wp-json\/wp\/v2\/product_brand?post=78719"},{"taxonomy":"product_cat","embeddable":true,"href":"https:\/\/www.soanam.de\/it\/wp-json\/wp\/v2\/product_cat?post=78719"},{"taxonomy":"product_tag","embeddable":true,"href":"https:\/\/www.soanam.de\/it\/wp-json\/wp\/v2\/product_tag?post=78719"}],"curies":[{"name":"wp","href":"https:\/\/api.w.org\/{rel}","templated":true}]}}