{"id":78673,"date":"2023-12-13T21:24:11","date_gmt":"2023-12-13T20:24:11","guid":{"rendered":"https:\/\/www.soanam.de\/?post_type=product&#038;p=78673"},"modified":"2023-12-13T21:26:35","modified_gmt":"2023-12-13T20:26:35","slug":"matt-haig-mach-mal-halblang-ratgeber-taschenbuch-deutsch-2019","status":"publish","type":"product","link":"https:\/\/www.soanam.de\/it\/produkt\/matt-haig-mach-mal-halblang-ratgeber-taschenbuch-deutsch-2019\/","title":{"rendered":"Guida di Matt Haig \"Mach mal halblang\", brossura, tedesco, 2019"},"content":{"rendered":"<h3>Descrizione del prodotto<\/h3>\n<p>Anmerkungen zu unserem nerv\u00f6sen Planeten<\/p>\n<p><strong>Descrizione del<\/strong><br \/>\nSind Sie schon durchgedreht oder arbeiten Sie noch daran?<\/p>\n<p>Wir leben in einem Zeitalter der \u00c4ngste und der \u00fcberdrehten Schnelligkeit. Man k\u00f6nnte meinen, unsere gesamte Lebensweise w\u00e4re darauf ausgerichtet, uns ins Ungl\u00fcck zu st\u00fcrzen. Der Life-Overload hat uns fest im Griff. Aber: K\u00f6nnen wir etwas dagegen tun? Matt Haig besch\u00e4ftigt sich intensiv mit der Frage, wie die l\u00e4rmende Au\u00dfenwelt unser Denken beherrscht und wie wir uns zur Wehr setzen k\u00f6nnen. Es geht um gro\u00dfe und kleine Dinge, um Weltpolitik, Gesundheit, Smartphones, Social Media, Sucht, Vernetzung. Ein Buch, das uns alle angeht und das uns unserer eigentlichen Aufgabe wieder ein wenig n\u00e4herbringt: dem Menschsein.<\/p>\n<p><strong>dettagli<\/strong><br \/>\nCopertina: brossura<br \/>\nNumero di pagine: 320<br \/>\nErscheinungsdatum: 22.03.2019<br \/>\nLingua: tedesco<br \/>\nISBN: 978-3-423-26228-6<br \/>\nVerlag: dtv<br \/>\nMa\u00dfe (L\/B\/H): 20,8\/13,1\/3 cm<br \/>\nGewicht: 431 g<br \/>\nOriginaltitel: Notes on a nervous planet<br \/>\n\u00dcbersetzer: Sophie Zeitz<\/p>","protected":false},"excerpt":{"rendered":"<h3>Caratteristiche dell'articolo<\/h3>\n<p>Artikelzustand: Neu - Neues, ungelesenes, ungebrauchtes Buch in makellosem Zustand<\/p>\n<table dir=\"ltr\" border=\"1\" cellspacing=\"0\" cellpadding=\"0\">\n<colgroup>\n<col width=\"203\" \/>\n<col width=\"241\" \/><\/colgroup>\n<tbody>\n<tr>\n<td data-sheets-value=\"{&quot;1&quot;:2,&quot;2&quot;:&quot;Autor:&quot;}\">Autor:<\/td>\n<td data-sheets-value=\"{&quot;1&quot;:2,&quot;2&quot;:&quot;Matt Haig&quot;}\">Matt Haig<\/td>\n<\/tr>\n<tr>\n<td data-sheets-value=\"{&quot;1&quot;:2,&quot;2&quot;:&quot;Besonderheiten:&quot;}\">Caratteristiche speciali:<\/td>\n<td data-sheets-value=\"{&quot;1&quot;:2,&quot;2&quot;:&quot;The Sunday Times Nr. 1&quot;}\">The Sunday Times Nr. 1<\/td>\n<\/tr>\n<tr>\n<td data-sheets-value=\"{&quot;1&quot;:2,&quot;2&quot;:&quot;Buchtitel:&quot;}\">Buchtitel:<\/td>\n<td data-sheets-value=\"{&quot;1&quot;:2,&quot;2&quot;:&quot;Mach mal halblang&quot;}\">Mach mal halblang<\/td>\n<\/tr>\n<tr>\n<td data-sheets-value=\"{&quot;1&quot;:2,&quot;2&quot;:&quot;Erscheinungsjahr:&quot;}\">Erscheinungsjahr:<\/td>\n<td data-sheets-value=\"{&quot;1&quot;:3,&quot;3&quot;:2019}\">2019<\/td>\n<\/tr>\n<tr>\n<td data-sheets-value=\"{&quot;1&quot;:2,&quot;2&quot;:&quot;Format:&quot;}\">Format:<\/td>\n<td data-sheets-value=\"{&quot;1&quot;:2,&quot;2&quot;:&quot;Taschenbuch&quot;}\">In brossura<\/td>\n<\/tr>\n<tr>\n<td data-sheets-value=\"{&quot;1&quot;:2,&quot;2&quot;:&quot;Genre:&quot;}\">Genre:<\/td>\n<td data-sheets-value=\"{&quot;1&quot;:2,&quot;2&quot;:&quot;Lebensf\u00fchrung, Motivation &amp; Karriere&quot;}\">Lebensf\u00fchrung, Motivation &amp; Karriere<\/td>\n<\/tr>\n<tr>\n<td data-sheets-value=\"{&quot;1&quot;:2,&quot;2&quot;:&quot;Herstellungsland und -region:&quot;}\">Herstellungsland und -region:<\/td>\n<td data-sheets-value=\"{&quot;1&quot;:2,&quot;2&quot;:&quot;Deutschland&quot;}\">Germania<\/td>\n<\/tr>\n<tr>\n<td data-sheets-value=\"{&quot;1&quot;:2,&quot;2&quot;:&quot;ISBN:&quot;}\">ISBN:<\/td>\n<td data-sheets-value=\"{&quot;1&quot;:3,&quot;3&quot;:9783423262286}\">9783423262286<\/td>\n<\/tr>\n<tr>\n<td data-sheets-value=\"{&quot;1&quot;:2,&quot;2&quot;:&quot;Literarische Gattung:&quot;}\">Literarische Gattung:<\/td>\n<td data-sheets-value=\"{&quot;1&quot;:2,&quot;2&quot;:&quot;Sachbuch&quot;}\">Sachbuch<\/td>\n<\/tr>\n<tr>\n<td data-sheets-value=\"{&quot;1&quot;:2,&quot;2&quot;:&quot;Produktart:&quot;}\">Produktart:<\/td>\n<td data-sheets-value=\"{&quot;1&quot;:2,&quot;2&quot;:&quot;Ratgeber&quot;}\">Consulente<\/td>\n<\/tr>\n<tr>\n<td data-sheets-value=\"{&quot;1&quot;:2,&quot;2&quot;:&quot;Sprache:&quot;}\">Sprache:<\/td>\n<td data-sheets-value=\"{&quot;1&quot;:2,&quot;2&quot;:&quot;Deutsch&quot;}\">Tedesco<\/td>\n<\/tr>\n<tr>\n<td data-sheets-value=\"{&quot;1&quot;:2,&quot;2&quot;:&quot;Thematik:&quot;}\">Thematik:<\/td>\n<td data-sheets-value=\"{&quot;1&quot;:2,&quot;2&quot;:&quot;Menschsein zur heutigen Zeit&quot;}\">Menschsein zur heutigen Zeit<\/td>\n<\/tr>\n<tr>\n<td data-sheets-value=\"{&quot;1&quot;:2,&quot;2&quot;:&quot;Verlag:&quot;}\">Verlag:<\/td>\n<td data-sheets-value=\"{&quot;1&quot;:2,&quot;2&quot;:&quot;dtv&quot;}\">dtv<\/td>\n<\/tr>\n<tr>\n<td data-sheets-value=\"{&quot;1&quot;:2,&quot;2&quot;:&quot;Zielgruppe:&quot;}\">Zielgruppe:<\/td>\n<td data-sheets-value=\"{&quot;1&quot;:2,&quot;2&quot;:&quot;Jugendliche, Erwachsene&quot;}\">Jugendliche, Erwachsene<\/td>\n<\/tr>\n<\/tbody>\n<\/table>","protected":false},"featured_media":78769,"comment_status":"open","ping_status":"closed","template":"","meta":{"_seopress_robots_primary_cat":"","_seopress_titles_title":"","_seopress_titles_desc":"","_seopress_robots_index":""},"product_brand":[],"product_cat":[1428,1429,1434,1447,1530],"product_tag":[],"class_list":{"0":"post-78673","1":"product","2":"type-product","3":"status-publish","4":"has-post-thumbnail","6":"product_cat-buecher","7":"product_cat-jugend","8":"product_cat-erwachsene","9":"product_cat-ratgeber","10":"product_cat-ratgeber-jugend","11":"product_shipping_class-standard-versand","13":"first","14":"instock","15":"taxable","16":"shipping-taxable","17":"purchasable","18":"product-type-simple"},"_links":{"self":[{"href":"https:\/\/www.soanam.de\/it\/wp-json\/wp\/v2\/product\/78673","targetHints":{"allow":["GET"]}}],"collection":[{"href":"https:\/\/www.soanam.de\/it\/wp-json\/wp\/v2\/product"}],"about":[{"href":"https:\/\/www.soanam.de\/it\/wp-json\/wp\/v2\/types\/product"}],"replies":[{"embeddable":true,"href":"https:\/\/www.soanam.de\/it\/wp-json\/wp\/v2\/comments?post=78673"}],"wp:featuredmedia":[{"embeddable":true,"href":"https:\/\/www.soanam.de\/it\/wp-json\/wp\/v2\/media\/78769"}],"wp:attachment":[{"href":"https:\/\/www.soanam.de\/it\/wp-json\/wp\/v2\/media?parent=78673"}],"wp:term":[{"taxonomy":"product_brand","embeddable":true,"href":"https:\/\/www.soanam.de\/it\/wp-json\/wp\/v2\/product_brand?post=78673"},{"taxonomy":"product_cat","embeddable":true,"href":"https:\/\/www.soanam.de\/it\/wp-json\/wp\/v2\/product_cat?post=78673"},{"taxonomy":"product_tag","embeddable":true,"href":"https:\/\/www.soanam.de\/it\/wp-json\/wp\/v2\/product_tag?post=78673"}],"curies":[{"name":"wp","href":"https:\/\/api.w.org\/{rel}","templated":true}]}}