{"id":78672,"date":"2023-12-13T21:24:11","date_gmt":"2023-12-13T20:24:11","guid":{"rendered":"https:\/\/www.soanam.de\/?post_type=product&#038;p=78672"},"modified":"2023-12-13T21:26:33","modified_gmt":"2023-12-13T20:26:33","slug":"a-g-a-trio-meeting-2020-cd-neu-in-ovp","status":"publish","type":"product","link":"https:\/\/www.soanam.de\/it\/produkt\/a-g-a-trio-meeting-2020-cd-neu-in-ovp\/","title":{"rendered":"Riunione del Trio A.G.A (2020) CD Nuovo in OVP"},"content":{"rendered":"<h3>Produktbeschreibung<\/h3>\n<p><strong>Kurzfassung<\/strong>:<\/p>\n<p>Im Laufe der Geschichte haben die Regionen des S\u00fcdkaukasus und Anatoliens viele Begegnungen und Trennungen erlebt. Dieses Album interpretiert Melodien, die zwischen Generationen \u00fcberliefert wurden, mit einer neuartigen Perspektive von drei Musikern aus der T\u00fcrkei, Armenien und Georgien neu.<\/p>\n<p>\u2026die v\u00f6lkerverbindende Musik des A.\u200bG.\u200bA Trios [ist] ein mutiges Wagnis.\u200b \u203aMeeting\u2039, Begegnung hei\u00dft ihr Deb\u00fctalbum mit armenischen Klageliedern, anatolischen Hirtenmelodien und georgischen T\u00e4nzen.\u200b Ein br\u00fcderliches Statement f\u00fcr die Multikulturalit\u00e4t Anatoliens und des Kaukasus.<\/p>\n<p><strong>Tracklist<\/strong>:<\/p>\n<p>01. Erzrumi Shoror<br \/>\n02. Adanayi Voghpe \/ Adana Agidi<br \/>\n03. Bingyol<br \/>\n04. Tal Tala \/ Daldalan<br \/>\n05. Tamzara<br \/>\n06. Dzveli Kartuli Satsekvao<br \/>\n07. Noubar-Noubar &amp; Yare Mardu<br \/>\n08. Siretsi Yars Taran<br \/>\n09. Naz Bari &amp; Nazpar &amp; Halay<br \/>\n10. Kara Koyun<br \/>\n11. Tsekva Kartuli \"Keto Da Kote\"<br \/>\n12. Patara Gogo<\/p>\n","protected":false},"excerpt":{"rendered":"<h3>Caratteristiche dell'articolo<\/h3>\n<p>Artikelzustand: Neu - Artikel, dessen Originalverpackung (sofern zutreffend) nicht ge\u00f6ffnet oder entfernt wurde<\/p>\n<table dir=\"ltr\" border=\"1\" cellspacing=\"0\" cellpadding=\"0\">\n<colgroup>\n<col width=\"203\" \/>\n<col width=\"207\" \/><\/colgroup>\n<tbody>\n<tr>\n<td data-sheets-value=\"{&quot;1&quot;:2,&quot;2&quot;:&quot;Besonderheiten:&quot;}\">Caratteristiche speciali:<\/td>\n<td data-sheets-value=\"{&quot;1&quot;:2,&quot;2&quot;:&quot;HDCD&quot;}\">HDCD<\/td>\n<\/tr>\n<tr>\n<td data-sheets-value=\"{&quot;1&quot;:2,&quot;2&quot;:&quot;CD-Zustand:&quot;}\">CD-Zustand:<\/td>\n<td data-sheets-value=\"{&quot;1&quot;:2,&quot;2&quot;:&quot;EX (Excellent)&quot;}\">EX (Excellent)<\/td>\n<\/tr>\n<tr>\n<td data-sheets-value=\"{&quot;1&quot;:2,&quot;2&quot;:&quot;EAN:&quot;}\">EAN:<\/td>\n<td data-sheets-value=\"{&quot;1&quot;:3,&quot;3&quot;:636943715321}\">636943715321<\/td>\n<\/tr>\n<tr>\n<td data-sheets-value=\"{&quot;1&quot;:2,&quot;2&quot;:&quot;Edition:&quot;}\">Edition:<\/td>\n<td data-sheets-value=\"{&quot;1&quot;:2,&quot;2&quot;:&quot;Ersterscheinung&quot;}\">Ersterscheinung<\/td>\n<\/tr>\n<tr>\n<td data-sheets-value=\"{&quot;1&quot;:2,&quot;2&quot;:&quot;Erscheinungsjahr:&quot;}\">Erscheinungsjahr:<\/td>\n<td data-sheets-value=\"{&quot;1&quot;:3,&quot;3&quot;:2021}\">2021<\/td>\n<\/tr>\n<tr>\n<td data-sheets-value=\"{&quot;1&quot;:2,&quot;2&quot;:&quot;Format:&quot;}\">Format:<\/td>\n<td data-sheets-value=\"{&quot;1&quot;:2,&quot;2&quot;:&quot;CD&quot;}\">CD<\/td>\n<\/tr>\n<tr>\n<td data-sheets-value=\"{&quot;1&quot;:2,&quot;2&quot;:&quot;Geh\u00e4usezustand:&quot;}\">Geh\u00e4usezustand:<\/td>\n<td data-sheets-value=\"{&quot;1&quot;:2,&quot;2&quot;:&quot;EX (Excellent)&quot;}\">EX (Excellent)<\/td>\n<\/tr>\n<tr>\n<td data-sheets-value=\"{&quot;1&quot;:2,&quot;2&quot;:&quot;Genre:&quot;}\">Genre:<\/td>\n<td data-sheets-value=\"{&quot;1&quot;:2,&quot;2&quot;:&quot;Country&quot;}\">Country<\/td>\n<\/tr>\n<tr>\n<td data-sheets-value=\"{&quot;1&quot;:2,&quot;2&quot;:&quot;Herstellungsland und -region:&quot;}\">Herstellungsland und -region:<\/td>\n<td data-sheets-value=\"{&quot;1&quot;:2,&quot;2&quot;:&quot;Deutschland&quot;}\">Germania<\/td>\n<\/tr>\n<tr>\n<td data-sheets-value=\"{&quot;1&quot;:2,&quot;2&quot;:&quot;H\u00fcllenart:&quot;}\">H\u00fcllenart:<\/td>\n<td data-sheets-value=\"{&quot;1&quot;:2,&quot;2&quot;:&quot;Jewelcase: Standard&quot;}\">Jewelcase: Standard<\/td>\n<\/tr>\n<tr>\n<td data-sheets-value=\"{&quot;1&quot;:2,&quot;2&quot;:&quot;Inlay-Zustand:&quot;}\">Inlay-Zustand:<\/td>\n<td data-sheets-value=\"{&quot;1&quot;:2,&quot;2&quot;:&quot;EX (Excellent)&quot;}\">EX (Excellent)<\/td>\n<\/tr>\n<tr>\n<td data-sheets-value=\"{&quot;1&quot;:2,&quot;2&quot;:&quot;Interpret:&quot;}\">Interpret:<\/td>\n<td data-sheets-value=\"{&quot;1&quot;:2,&quot;2&quot;:&quot;Various&quot;}\">Various<\/td>\n<\/tr>\n<tr>\n<td data-sheets-value=\"{&quot;1&quot;:2,&quot;2&quot;:&quot;Musiklabel:&quot;}\">Musiklabel:<\/td>\n<td data-sheets-value=\"{&quot;1&quot;:2,&quot;2&quot;:&quot;Naxos&quot;}\">Naxos<\/td>\n<\/tr>\n<tr>\n<td data-sheets-value=\"{&quot;1&quot;:2,&quot;2&quot;:&quot;Musiktitel:&quot;}\">Musiktitel:<\/td>\n<td data-sheets-value=\"{&quot;1&quot;:2,&quot;2&quot;:&quot;A.G.A Trio&quot;}\">A.G.A Trio<\/td>\n<\/tr>\n<tr>\n<td data-sheets-value=\"{&quot;1&quot;:2,&quot;2&quot;:&quot;Produktart:&quot;}\">Produktart:<\/td>\n<td data-sheets-value=\"{&quot;1&quot;:2,&quot;2&quot;:&quot;Album&quot;}\">Album<\/td>\n<\/tr>\n<tr>\n<td data-sheets-value=\"{&quot;1&quot;:2,&quot;2&quot;:&quot;Stilrichtung:&quot;}\">Stilrichtung:<\/td>\n<td data-sheets-value=\"{&quot;1&quot;:2,&quot;2&quot;:&quot;Trio&quot;}\">Trio<\/td>\n<\/tr>\n<\/tbody>\n<\/table>","protected":false},"featured_media":78767,"comment_status":"open","ping_status":"closed","template":"","meta":{"_seopress_robots_primary_cat":"","_seopress_titles_title":"","_seopress_titles_desc":"","_seopress_robots_index":""},"product_brand":[],"product_cat":[1423,1448],"product_tag":[],"class_list":{"0":"post-78672","1":"product","2":"type-product","3":"status-publish","4":"has-post-thumbnail","6":"product_cat-multimedia","7":"product_cat-cds","8":"product_shipping_class-standard-versand","10":"first","11":"instock","12":"sale","13":"taxable","14":"shipping-taxable","15":"purchasable","16":"product-type-simple"},"_links":{"self":[{"href":"https:\/\/www.soanam.de\/it\/wp-json\/wp\/v2\/product\/78672","targetHints":{"allow":["GET"]}}],"collection":[{"href":"https:\/\/www.soanam.de\/it\/wp-json\/wp\/v2\/product"}],"about":[{"href":"https:\/\/www.soanam.de\/it\/wp-json\/wp\/v2\/types\/product"}],"replies":[{"embeddable":true,"href":"https:\/\/www.soanam.de\/it\/wp-json\/wp\/v2\/comments?post=78672"}],"wp:featuredmedia":[{"embeddable":true,"href":"https:\/\/www.soanam.de\/it\/wp-json\/wp\/v2\/media\/78767"}],"wp:attachment":[{"href":"https:\/\/www.soanam.de\/it\/wp-json\/wp\/v2\/media?parent=78672"}],"wp:term":[{"taxonomy":"product_brand","embeddable":true,"href":"https:\/\/www.soanam.de\/it\/wp-json\/wp\/v2\/product_brand?post=78672"},{"taxonomy":"product_cat","embeddable":true,"href":"https:\/\/www.soanam.de\/it\/wp-json\/wp\/v2\/product_cat?post=78672"},{"taxonomy":"product_tag","embeddable":true,"href":"https:\/\/www.soanam.de\/it\/wp-json\/wp\/v2\/product_tag?post=78672"}],"curies":[{"name":"wp","href":"https:\/\/api.w.org\/{rel}","templated":true}]}}