{"id":78582,"date":"2023-12-13T21:22:23","date_gmt":"2023-12-13T20:22:23","guid":{"rendered":"https:\/\/www.soanam.de\/?post_type=product&#038;p=78582"},"modified":"2023-12-13T21:24:33","modified_gmt":"2023-12-13T20:24:33","slug":"set-regalo-kneipp-con-crema-naturale-per-le-mani-e-sacchetto-per-la-cura-delle-labbra","status":"publish","type":"product","link":"https:\/\/www.soanam.de\/it\/produkt\/kneipp-geschenkset-with-love-natuerliche-handcreme-und-lippenpflege-tasche\/","title":{"rendered":"Set regalo Kneipp - With Love - crema mani e balsamo labbra naturali + borsa"},"content":{"rendered":"<h3>Descrizione del prodotto<\/h3>\n<p>In dem Kneipp Geschenkset With Love erwartet Sie reichlich Pflege die von Herzen kommt.<br \/>\nLippenpflege (4,7g) + Handcreme (75ml)<\/p>\n<p>Die Lippenpflege von Kneipp ist ein Lippenbalsam aus 100% nat\u00fcrlichen Stoffen. Holunderkern-\u00d6l und pflegende zarte Karit\u00e9butter sorgt f\u00fcr verf\u00fchrerische weiche Lippen. Einen angenehmen Duft und eine besonders langanhaltende, intensive Pflege sollte niemanden entgehen.<\/p>\n<p>Sch\u00fctzen und verw\u00f6hnen Sie Ihre trockenen, strapazierten H\u00e4nde mit der feuchtigkeitsspendenen Kneipp Intensiv-Handcreme. Eine Textur aus Sheabutter, Mandel\u00f6l und Magnolie, reichhaltig - n\u00e4hrend und pflegend, f\u00fcr zarte Momente.<\/p>\n<p>Ein Kosmetikt\u00e4schchen in trendiger kork-baumwoll-kombination ideal als Geschenk.<\/p>\n<p><strong>Inhaltsstoffe<\/strong>:<br \/>\nHandcreme 75g: Aqua (Water), Glycerin, Caprylic\/Capric Triglyceride, Prunus Amygdalus Dulcis (Sweet Almond) Oil, Cetearyl Alcohol, Panthenol, Distarch Phosphate, Tocopheryl Acetate, Glyceryl Stearate Citrate, Hydrogenated Vegetable Oil, Butyrospermum Parkii (Shea) Butter, Limnanthes Alba (Meadowfoam) Seed Oil, Magnolia Biondii Flower Extract, Viola Odorata Flower Extract, Viola Tricolor Extract, Citrus Limon (Lemon) Peel Oil, Limonene, Hexyl Cinnamal, Citral, Benzyl Alcohol, Geraniol, Linalool, p-Anisic Acid, Parfum (Fragrance), Caprylyl Glycol, Xanthan Gum, Sodium Stearoyl Glutamate, Glyceryl Caprylate, Bisabolol, Carrageenan, Arginine, Glycine Soja (Soybean) Oil, Citric Acid, Tocopherol<\/p>\n<p><strong>Hautpflegende Wirkung<\/strong>:<\/p>\n<p>Feuchtigkeitsspendend, N\u00e4hrend, Regenerierend<br \/>\nGeeignet f\u00fcr Hauttypen: trockene Haut<br \/>\nWesentliche Inhaltsstoffe: Mandel\u00f6l, Sheabutter<\/p>\n<p><strong>Inhaltsstoffe<\/strong>:<br \/>\nRhus Verniciflua Peel Cera, Olea Europaea (Olive) Fruit Oil Cocos Nucifera (Coconut) Oil, Butyrospermum Parkii (Shea) Butter, Simmondsia Chinensis (Jojoba) Seed Oil, Candelilla Cera, Prunus Armeniaca (Apricot) Kernel Oil, Sclerocarya Birrea (Marula) Seed Oil, Sambucus Nigra (Elderberry) Seed Oil, Helianthus Annuus (Sunflower) Seed Oil, Citrus Limon Peel Oil, Lavandula Hybrida Oil, Citrus Aurantium Bergamia (Bergamot) Fruit Oil, Linalool, Limonene, Eugenol, Citral, Benzyl Salicylate, Geraniol, Parfum (Fragrance), Tocopherol. | aus kontrolliert biologischen Anbau | Intensiv-Handcreme Magnolie Sheabutter: Aqua (Water), Glycerin, Caprylic\/Capric Triglyceride, Prunus Amygdalus Dulcis (Sweet Almond) Oil, Cetearyl Alcohol, Panthenol, Distarch Phosphate, Tocopheryl Acetate, Glyceryl Stearate Citrate, Hydrogenated Vegetable Oil, Butyrospermum Parkii (Shea) Butter, Limnanthes Alba (Meadowfoam) Seed Oil, Magnolia Biondii Flower Extract, Viola Odorata Flower Extract, Viola Tricolor Extract, Citrus Limon (Lemon) Peel Oil, Limonene, Hexyl Cinnamal, Citral, Benzyl Alcohol, Geraniol, Linalool, p-Anisic Acid, Parfum (Fragrance), Caprylyl Glycol, Xanthan Gum, Sodium Stearoyl Glutamate, Glyceryl Caprylate, Bisabolol, Carrageenan, Arginine, Glycine Soja (Soybean) Oil, Citric Acid, Tocopherol.<\/p>","protected":false},"excerpt":{"rendered":"<h3>Caratteristiche dell'articolo<\/h3>\n<p>Artikelzustand: Neu - Neuer, unbenutzter und unbesch\u00e4digter Artikel in der unge\u00f6ffneten Verpackung<\/p>\n<table dir=\"ltr\" border=\"1\" cellspacing=\"0\" cellpadding=\"0\">\n<colgroup>\n<col width=\"203\" \/>\n<col width=\"259\" \/><\/colgroup>\n<tbody>\n<tr>\n<td data-sheets-value=\"{&quot;1&quot;:2,&quot;2&quot;:&quot;Angebotspaket:&quot;}\">Angebotspaket:<\/td>\n<td data-sheets-value=\"{&quot;1&quot;:2,&quot;2&quot;:&quot;Ja&quot;}\">Ja<\/td>\n<\/tr>\n<tr>\n<td data-sheets-value=\"{&quot;1&quot;:2,&quot;2&quot;:&quot;Beschreibung des Paketinhalts:&quot;}\">Beschreibung des Paketinhalts:<\/td>\n<td data-sheets-value=\"{&quot;1&quot;:2,&quot;2&quot;:&quot;Lippenpflege (4,7g) + Handcreme (75ml)&quot;}\">Lippenpflege (4,7g) + Handcreme (75ml)<\/td>\n<\/tr>\n<tr>\n<td data-sheets-value=\"{&quot;1&quot;:2,&quot;2&quot;:&quot;EAN:&quot;}\">EAN:<\/td>\n<td data-sheets-value=\"{&quot;1&quot;:3,&quot;3&quot;:4008233153209}\">4008233153209<\/td>\n<\/tr>\n<tr>\n<td data-sheets-value=\"{&quot;1&quot;:2,&quot;2&quot;:&quot;Herstellernummer:&quot;}\">Herstellernummer:<\/td>\n<td data-sheets-value=\"{&quot;1&quot;:3,&quot;3&quot;:2007082}\">2007082<\/td>\n<\/tr>\n<tr>\n<td data-sheets-value=\"{&quot;1&quot;:2,&quot;2&quot;:&quot;Herstellungsland und -region:&quot;}\">Herstellungsland und -region:<\/td>\n<td data-sheets-value=\"{&quot;1&quot;:2,&quot;2&quot;:&quot;Deutschland&quot;}\">Germania<\/td>\n<\/tr>\n<tr>\n<td data-sheets-value=\"{&quot;1&quot;:2,&quot;2&quot;:&quot;Marke:&quot;}\">Marke:<\/td>\n<td data-sheets-value=\"{&quot;1&quot;:2,&quot;2&quot;:&quot;Kneipp&quot;}\">Kneipp<\/td>\n<\/tr>\n<tr>\n<td data-sheets-value=\"{&quot;1&quot;:2,&quot;2&quot;:&quot;Modifizierter Artikel:&quot;}\">Modifizierter Artikel:<\/td>\n<td data-sheets-value=\"{&quot;1&quot;:2,&quot;2&quot;:&quot;Nein&quot;}\">Nein<\/td>\n<\/tr>\n<tr>\n<td data-sheets-value=\"{&quot;1&quot;:2,&quot;2&quot;:&quot;MPN:&quot;}\">MPN:<\/td>\n<td data-sheets-value=\"{&quot;1&quot;:3,&quot;3&quot;:915842}\">915842<\/td>\n<\/tr>\n<tr>\n<td data-sheets-value=\"{&quot;1&quot;:2,&quot;2&quot;:&quot;PZN:&quot;}\">PZN:<\/td>\n<td data-sheets-value=\"{&quot;1&quot;:3,&quot;3&quot;:2007082}\">2007082<\/td>\n<\/tr>\n<\/tbody>\n<\/table>","protected":false},"featured_media":78690,"comment_status":"open","ping_status":"closed","template":"","meta":{"_seopress_robots_primary_cat":"","_seopress_titles_title":"","_seopress_titles_desc":"","_seopress_robots_index":""},"product_brand":[],"product_cat":[1442,1443,1524],"product_tag":[],"class_list":{"0":"post-78582","1":"product","2":"type-product","3":"status-publish","4":"has-post-thumbnail","6":"product_cat-kosmetik","7":"product_cat-gesichtspflege","8":"product_cat-koerperpflege","9":"product_shipping_class-standard-versand","11":"first","12":"instock","13":"sale","14":"taxable","15":"shipping-taxable","16":"purchasable","17":"product-type-simple"},"_links":{"self":[{"href":"https:\/\/www.soanam.de\/it\/wp-json\/wp\/v2\/product\/78582","targetHints":{"allow":["GET"]}}],"collection":[{"href":"https:\/\/www.soanam.de\/it\/wp-json\/wp\/v2\/product"}],"about":[{"href":"https:\/\/www.soanam.de\/it\/wp-json\/wp\/v2\/types\/product"}],"replies":[{"embeddable":true,"href":"https:\/\/www.soanam.de\/it\/wp-json\/wp\/v2\/comments?post=78582"}],"wp:featuredmedia":[{"embeddable":true,"href":"https:\/\/www.soanam.de\/it\/wp-json\/wp\/v2\/media\/78690"}],"wp:attachment":[{"href":"https:\/\/www.soanam.de\/it\/wp-json\/wp\/v2\/media?parent=78582"}],"wp:term":[{"taxonomy":"product_brand","embeddable":true,"href":"https:\/\/www.soanam.de\/it\/wp-json\/wp\/v2\/product_brand?post=78582"},{"taxonomy":"product_cat","embeddable":true,"href":"https:\/\/www.soanam.de\/it\/wp-json\/wp\/v2\/product_cat?post=78582"},{"taxonomy":"product_tag","embeddable":true,"href":"https:\/\/www.soanam.de\/it\/wp-json\/wp\/v2\/product_tag?post=78582"}],"curies":[{"name":"wp","href":"https:\/\/api.w.org\/{rel}","templated":true}]}}