{"id":78558,"date":"2023-12-13T21:21:57","date_gmt":"2023-12-13T20:21:57","guid":{"rendered":"https:\/\/www.soanam.de\/?post_type=product&#038;p=78558"},"modified":"2023-12-13T21:23:55","modified_gmt":"2023-12-13T20:23:55","slug":"opus-t-shirt-daily-g-in-weiss-groesse-38","status":"publish","type":"product","link":"https:\/\/www.soanam.de\/it\/produkt\/opus-t-shirt-daily-g-in-weiss-groesse-38\/","title":{"rendered":"OPUS T-Shirt Daily G, in Wei\u00df, Gr\u00f6\u00dfe 38"},"content":{"rendered":"<p>Basic Shirt von Opus<br \/>\nU-Bootausschnitt<br \/>\nModische Halb\u00e4rmel<br \/>\nVestibilit\u00e0 dritta<\/p>\n<p>Ein schlichtes Basic T-Shirt von Opus mit halblangen \u00c4rmeln und einem sch\u00f6nen U-Boot-Ausschnitt.<br \/>\nEs ist leicht tailliert geschnitten und aus angenehmem Baumwolljersey gefertigt.<\/p>\n<p>Materiale: cotone 100%<br \/>\nIstruzioni per la cura: Lavaggio delicato<\/p>\n<p>Colore: bianco<br \/>\nModello: senza<br \/>\nDimensione: 36\/38<\/p>\n<p>Larghezza della spalla: 36 cm<br \/>\nLarghezza del petto: 81 cm<br \/>\nLunghezza delle maniche: 31 cm<br \/>\nLunghezza totale: 61 cm<\/p>","protected":false},"excerpt":{"rendered":"<table class=\"dv_characteristicsTable\">\n<tbody>\n<tr>\n<td class=\"left\">Dimensione<\/td>\n<td>38<\/td>\n<\/tr>\n<tr>\n<td class=\"left\">Gr\u00f6\u00dfentyp<\/td>\n<td>Normalgr\u00f6\u00dfen<\/td>\n<\/tr>\n<tr>\n<td class=\"left\">Composizione del materiale<\/td>\n<td>Obermaterial: 100% Baumwolle<\/td>\n<\/tr>\n<tr>\n<td class=\"left\">Materialart<\/td>\n<td>Jersey<\/td>\n<\/tr>\n<tr>\n<td class=\"left\">Materialeigenschaften<\/td>\n<td>elastisch<\/td>\n<\/tr>\n<tr>\n<td class=\"left\">Istruzioni per la cura<\/td>\n<td>Schonw\u00e4sche<\/td>\n<\/tr>\n<tr>\n<td class=\"left\">Optik<\/td>\n<td>unifarben<\/td>\n<\/tr>\n<tr>\n<td class=\"left\">Stil<\/td>\n<td>casual<\/td>\n<\/tr>\n<tr>\n<td class=\"left\">Colore<\/td>\n<td>wei\u00df<\/td>\n<\/tr>\n<tr>\n<td class=\"left\">Ausschnitt<\/td>\n<td>U-Boot-Ausschnitt<\/td>\n<\/tr>\n<tr>\n<td class=\"left\">\u00c4rmel<\/td>\n<td>Halbarm<\/td>\n<\/tr>\n<tr>\n<td class=\"left\">Rumpfabschluss<\/td>\n<td>abgesteppte Kante<\/td>\n<\/tr>\n<tr>\n<td class=\"left\">In forma<\/td>\n<td>Basic<\/td>\n<\/tr>\n<tr>\n<td class=\"left\">Schnittform L\u00e4nge<\/td>\n<td>normal<\/td>\n<\/tr>\n<tr>\n<td class=\"left\">Besondere Merkmale<\/td>\n<td>im Basic-Look<\/td>\n<\/tr>\n<\/tbody>\n<\/table>","protected":false},"featured_media":78659,"comment_status":"open","ping_status":"closed","template":"","meta":{"_seopress_robots_primary_cat":"","_seopress_titles_title":"","_seopress_titles_desc":"","_seopress_robots_index":""},"product_brand":[],"product_cat":[1348,1458,1477],"product_tag":[],"class_list":{"0":"post-78558","1":"product","2":"type-product","3":"status-publish","4":"has-post-thumbnail","6":"product_cat-damen-mode","7":"product_cat-shirts-damen-mode","8":"product_cat-t-shirts-shirts-damen-mode","9":"product_shipping_class-standard-versand","11":"first","12":"instock","13":"sale","14":"taxable","15":"shipping-taxable","16":"purchasable","17":"product-type-simple"},"_links":{"self":[{"href":"https:\/\/www.soanam.de\/it\/wp-json\/wp\/v2\/product\/78558","targetHints":{"allow":["GET"]}}],"collection":[{"href":"https:\/\/www.soanam.de\/it\/wp-json\/wp\/v2\/product"}],"about":[{"href":"https:\/\/www.soanam.de\/it\/wp-json\/wp\/v2\/types\/product"}],"replies":[{"embeddable":true,"href":"https:\/\/www.soanam.de\/it\/wp-json\/wp\/v2\/comments?post=78558"}],"wp:featuredmedia":[{"embeddable":true,"href":"https:\/\/www.soanam.de\/it\/wp-json\/wp\/v2\/media\/78659"}],"wp:attachment":[{"href":"https:\/\/www.soanam.de\/it\/wp-json\/wp\/v2\/media?parent=78558"}],"wp:term":[{"taxonomy":"product_brand","embeddable":true,"href":"https:\/\/www.soanam.de\/it\/wp-json\/wp\/v2\/product_brand?post=78558"},{"taxonomy":"product_cat","embeddable":true,"href":"https:\/\/www.soanam.de\/it\/wp-json\/wp\/v2\/product_cat?post=78558"},{"taxonomy":"product_tag","embeddable":true,"href":"https:\/\/www.soanam.de\/it\/wp-json\/wp\/v2\/product_tag?post=78558"}],"curies":[{"name":"wp","href":"https:\/\/api.w.org\/{rel}","templated":true}]}}