{"id":78407,"date":"2023-12-13T21:18:55","date_gmt":"2023-12-13T20:18:55","guid":{"rendered":"https:\/\/www.soanam.de\/?post_type=product&#038;p=78407"},"modified":"2023-12-13T21:21:11","modified_gmt":"2023-12-13T20:21:11","slug":"tischset-der-textilserie-zara-home-im-doppelpack-natur-rot-35-x-50-cm","status":"publish","type":"product","link":"https:\/\/www.soanam.de\/it\/produkt\/tischset-der-textilserie-zara-home-im-doppelpack-natur-rot-35-x-50-cm\/","title":{"rendered":"Tovaglietta della serie tessile Zara Home in confezione doppia, rosso naturale, 35 x 50 cm"},"content":{"rendered":"<h3>Descrizione del prodotto<\/h3>\n<p>2-teiliges Tischset in der beliebten Christmas Edition<\/p>\n<p>Gr\u00f6\u00dfe : ca. 35 x 50 cm<br \/>\nMaterial : 54% Baumwolle, 46% Jute<br \/>\nPflege: waschbar bei 30\u00b0C<\/p>\n<p><strong>Weitere Produktinformationen<\/strong><br \/>\nQualit\u00e4tshinweis: Handgewebte Baumwolle * Kleine Verdickungen oder Unregelm\u00e4\u00dfigkeiten im Gewebe sind kein Reklamationsgrund, sondern unterstreichen die Einzigartigkeit des Artikels.<br \/>\nModell: Christmas Edition<br \/>\nAusf\u00fchrung: Einlagig \/ nicht wattiert<br \/>\nLieferumfang: 2-er Set Tischset ohne Dekoration<br \/>\nFarbe: Natur, Rot<\/p>","protected":false},"excerpt":{"rendered":"<p>Caratteristiche dell'articolo<\/p>\n<p>Artikelzustand: Neu - Neuer, unbenutzter und unbesch\u00e4digter Artikel in nicht ge\u00f6ffneter Originalverpackung<\/p>\n<table dir=\"ltr\" border=\"1\" cellspacing=\"0\" cellpadding=\"0\">\n<colgroup>\n<col width=\"203\" \/>\n<col width=\"259\" \/><\/colgroup>\n<tbody>\n<tr>\n<td data-sheets-value=\"{&quot;1&quot;:2,&quot;2&quot;:&quot;Farbe:&quot;}\">Colore:<\/td>\n<td data-sheets-value=\"{&quot;1&quot;:2,&quot;2&quot;:&quot;Natur-Rot&quot;}\">Natur-Rot<\/td>\n<\/tr>\n<tr>\n<td data-sheets-value=\"{&quot;1&quot;:2,&quot;2&quot;:&quot;Marke:&quot;}\">Marke:<\/td>\n<td data-sheets-value=\"{&quot;1&quot;:2,&quot;2&quot;:&quot;Zara Home&quot;}\">Zara Home<\/td>\n<\/tr>\n<tr>\n<td data-sheets-value=\"{&quot;1&quot;:2,&quot;2&quot;:&quot;Material:&quot;}\">Materiale:<\/td>\n<td data-sheets-value=\"{&quot;1&quot;:2,&quot;2&quot;:&quot;Baumwolle, Jute&quot;}\">Baumwolle, Jute<\/td>\n<\/tr>\n<tr>\n<td data-sheets-value=\"{&quot;1&quot;:2,&quot;2&quot;:&quot;Produktart:&quot;}\">Produktart:<\/td>\n<td data-sheets-value=\"{&quot;1&quot;:2,&quot;2&quot;:&quot;Tisch-Set&quot;}\">Tisch-Set<\/td>\n<\/tr>\n<tr>\n<td data-sheets-value=\"{&quot;1&quot;:2,&quot;2&quot;:&quot;Thema:&quot;}\">Thema:<\/td>\n<td data-sheets-value=\"{&quot;1&quot;:2,&quot;2&quot;:&quot;Weihnachten&quot;}\">Weihnachten<\/td>\n<\/tr>\n<\/tbody>\n<\/table>","protected":false},"featured_media":78520,"comment_status":"open","ping_status":"closed","template":"","meta":{"_seopress_robots_primary_cat":"","_seopress_titles_title":"","_seopress_titles_desc":"","_seopress_robots_index":""},"product_brand":[],"product_cat":[1400,1420],"product_tag":[],"class_list":{"0":"post-78407","1":"product","2":"type-product","3":"status-publish","4":"has-post-thumbnail","6":"product_cat-wohnzubehoer","7":"product_cat-wohndekoration","8":"product_shipping_class-standard-versand","10":"first","11":"instock","12":"sale","13":"taxable","14":"shipping-taxable","15":"purchasable","16":"product-type-simple"},"_links":{"self":[{"href":"https:\/\/www.soanam.de\/it\/wp-json\/wp\/v2\/product\/78407","targetHints":{"allow":["GET"]}}],"collection":[{"href":"https:\/\/www.soanam.de\/it\/wp-json\/wp\/v2\/product"}],"about":[{"href":"https:\/\/www.soanam.de\/it\/wp-json\/wp\/v2\/types\/product"}],"replies":[{"embeddable":true,"href":"https:\/\/www.soanam.de\/it\/wp-json\/wp\/v2\/comments?post=78407"}],"wp:featuredmedia":[{"embeddable":true,"href":"https:\/\/www.soanam.de\/it\/wp-json\/wp\/v2\/media\/78520"}],"wp:attachment":[{"href":"https:\/\/www.soanam.de\/it\/wp-json\/wp\/v2\/media?parent=78407"}],"wp:term":[{"taxonomy":"product_brand","embeddable":true,"href":"https:\/\/www.soanam.de\/it\/wp-json\/wp\/v2\/product_brand?post=78407"},{"taxonomy":"product_cat","embeddable":true,"href":"https:\/\/www.soanam.de\/it\/wp-json\/wp\/v2\/product_cat?post=78407"},{"taxonomy":"product_tag","embeddable":true,"href":"https:\/\/www.soanam.de\/it\/wp-json\/wp\/v2\/product_tag?post=78407"}],"curies":[{"name":"wp","href":"https:\/\/api.w.org\/{rel}","templated":true}]}}