{"id":78245,"date":"2023-12-13T21:14:32","date_gmt":"2023-12-13T20:14:32","guid":{"rendered":"https:\/\/www.soanam.de\/?post_type=product&#038;p=78245"},"modified":"2023-12-13T21:18:12","modified_gmt":"2023-12-13T20:18:12","slug":"hart-iron-tech-t-sicherheitshose-orange-blaze-gr-44-jagdbekleidung","status":"publish","type":"product","link":"https:\/\/www.soanam.de\/it\/produkt\/hart-iron-tech-t-sicherheitshose-orange-blaze-gr-44-jagdbekleidung\/","title":{"rendered":"HART IRON TECH-T SAFETY PANTS, Orange Blaze, taglia 44 - Abbigliamento da caccia"},"content":{"rendered":"<h3>Descrizione del<\/h3>\n<p>Die Hart IRON TECH-T Sicherheitshose ist eine wasserdichte Hose, die mit dornensicheren Bes\u00e4tzen versehen ist und sich daher ideal f\u00fcr die Nachsuche bei der Jagd eignet. Dabei weist die Iron Tech Hose eine extrem hohe Wasserdichtigkeit von 80000 mm auf. Die Dornenschutzhose von Hart ist in zwei verschiedene Farben erh\u00e4ltlich. In Orange Blaze bietet die Hose einen dreilagigen Schutz, der mit robusten Rip Stop Blaze samt einer inneren verst\u00e4rkten Lage sowie einem \u00e4u\u00dferen Hauptgewebe versehen ist.<br \/>\nDer Bund ist leicht erh\u00f6ht und elastisch. Vorgeformte Knie sorgen f\u00fcr einen optimalen Tragekomfort. Zudem verf\u00fcgt die Hose \u00fcber zahlreiche Taschen: eine Ges\u00e4\u00dftaschen, zwei Schubtaschen, eine Oberschenkeltaschen und eine Messertasche. Ventilationsschlitze mit Rei\u00dfverschl\u00fcssen sorgen f\u00fcr eine ausreichende Luftzirkulation.<\/p>","protected":false},"excerpt":{"rendered":"<h3>Caratteristiche dell'articolo<\/h3>\n<p>Condizione dell'articolo: Nuovo con etichetta: articolo nuovo, non usato e non indossato nella sua confezione originale.<\/p>\n<table style=\"height: 459px;\" border=\"0\" width=\"573\" frame=\"VOID\" rules=\"NONE\" cellspacing=\"0\">\n<colgroup>\n<col width=\"133\" \/>\n<col width=\"700\" \/><\/colgroup>\n<tbody>\n<tr>\n<td align=\"LEFT\" width=\"133\" height=\"18\">Abteilung:<\/td>\n<td align=\"LEFT\" width=\"700\">Herren<\/td>\n<\/tr>\n<tr>\n<td align=\"LEFT\" height=\"18\">Anwendungsbereich:<\/td>\n<td align=\"LEFT\">Jagd<\/td>\n<\/tr>\n<tr>\n<td align=\"LEFT\" height=\"18\">Ausstattung:<\/td>\n<td align=\"LEFT\">G\u00fcrtelschlaufen , Vorgeformte Knie , 2 Einschubtaschen , 1 Oberschenkeltasche , Messertasche , L\u00fcftungsschlitze<\/td>\n<\/tr>\n<tr>\n<td align=\"LEFT\" height=\"17\">EAN:<\/td>\n<td align=\"LEFT\">8430292272588<\/td>\n<\/tr>\n<tr>\n<td align=\"LEFT\" height=\"18\">Propriet\u00e0:<\/td>\n<td align=\"LEFT\">wasserdicht , Dornenschutz<\/td>\n<\/tr>\n<tr>\n<td align=\"LEFT\" height=\"18\">Colore:<\/td>\n<td align=\"LEFT\">Orange Blaze<\/td>\n<\/tr>\n<tr>\n<td align=\"LEFT\" height=\"18\">Colore:<\/td>\n<td align=\"LEFT\">Gr\u00fcn , Orange<\/td>\n<\/tr>\n<tr>\n<td align=\"LEFT\" height=\"18\">Gr\u00f6\u00dfe:<\/td>\n<td align=\"LEFT\">44<\/td>\n<\/tr>\n<tr>\n<td align=\"LEFT\" height=\"18\">Jahreszeit:<\/td>\n<td align=\"LEFT\">\u00dcbergangszeit<\/td>\n<\/tr>\n<tr>\n<td align=\"LEFT\" height=\"18\">Kategorie:<\/td>\n<td align=\"LEFT\">Sauenschutzhose , Nachsuchehose<\/td>\n<\/tr>\n<tr>\n<td align=\"LEFT\" height=\"18\">Marke:<\/td>\n<td align=\"LEFT\">HART<\/td>\n<\/tr>\n<tr>\n<td align=\"LEFT\" height=\"18\">Materiale:<\/td>\n<td align=\"LEFT\">Polyurethan , Baumwolle , Polyester<\/td>\n<\/tr>\n<tr>\n<td align=\"LEFT\" height=\"18\">Modell:<\/td>\n<td align=\"LEFT\">IRON TECH-T<\/td>\n<\/tr>\n<tr>\n<td align=\"LEFT\" height=\"18\">Produktart:<\/td>\n<td align=\"LEFT\">Hose<\/td>\n<\/tr>\n<tr>\n<td align=\"LEFT\" height=\"18\">Serie:<\/td>\n<td align=\"LEFT\">Iron Tech<\/td>\n<\/tr>\n<tr>\n<td align=\"LEFT\" height=\"18\">Sportart:<\/td>\n<td align=\"LEFT\">Jagen<\/td>\n<\/tr>\n<\/tbody>\n<\/table>","protected":false},"featured_media":78374,"comment_status":"open","ping_status":"closed","template":"","meta":{"_seopress_robots_primary_cat":"","_seopress_titles_title":"","_seopress_titles_desc":"","_seopress_robots_index":""},"product_brand":[],"product_cat":[1345,1346],"product_tag":[],"class_list":{"0":"post-78245","1":"product","2":"type-product","3":"status-publish","4":"has-post-thumbnail","6":"product_cat-herrenmode","7":"product_cat-hosen","8":"product_shipping_class-standard-versand","10":"first","11":"instock","12":"sale","13":"taxable","14":"shipping-taxable","15":"purchasable","16":"product-type-simple"},"_links":{"self":[{"href":"https:\/\/www.soanam.de\/it\/wp-json\/wp\/v2\/product\/78245","targetHints":{"allow":["GET"]}}],"collection":[{"href":"https:\/\/www.soanam.de\/it\/wp-json\/wp\/v2\/product"}],"about":[{"href":"https:\/\/www.soanam.de\/it\/wp-json\/wp\/v2\/types\/product"}],"replies":[{"embeddable":true,"href":"https:\/\/www.soanam.de\/it\/wp-json\/wp\/v2\/comments?post=78245"}],"wp:featuredmedia":[{"embeddable":true,"href":"https:\/\/www.soanam.de\/it\/wp-json\/wp\/v2\/media\/78374"}],"wp:attachment":[{"href":"https:\/\/www.soanam.de\/it\/wp-json\/wp\/v2\/media?parent=78245"}],"wp:term":[{"taxonomy":"product_brand","embeddable":true,"href":"https:\/\/www.soanam.de\/it\/wp-json\/wp\/v2\/product_brand?post=78245"},{"taxonomy":"product_cat","embeddable":true,"href":"https:\/\/www.soanam.de\/it\/wp-json\/wp\/v2\/product_cat?post=78245"},{"taxonomy":"product_tag","embeddable":true,"href":"https:\/\/www.soanam.de\/it\/wp-json\/wp\/v2\/product_tag?post=78245"}],"curies":[{"name":"wp","href":"https:\/\/api.w.org\/{rel}","templated":true}]}}