{"id":78100,"date":"2023-12-13T21:11:12","date_gmt":"2023-12-13T20:11:12","guid":{"rendered":"https:\/\/www.soanam.de\/?post_type=product&#038;p=78100"},"modified":"2023-12-13T21:13:57","modified_gmt":"2023-12-13T20:13:57","slug":"dreamworks-dragons-mystery-dragons-mini-figura-da-collezione-da-4-anni","status":"publish","type":"product","link":"https:\/\/www.soanam.de\/it\/produkt\/dreamworks-dragons-mystery-dragons-mini-sammlerfigur-ab-4-jahre\/","title":{"rendered":"Dreamworks Dragons Mystery Dragons mini figura da collezione, dai 4 anni in su"},"content":{"rendered":"<h3>Descrizione del prodotto<\/h3>\n<p><strong>\u00dcberraschungs-Drachenfigur zum Sammeln:<\/strong><br \/>\nErst beim \u00d6ffnen der Packung zeigt sich, welcher Mystery Dragon sich darin verbirgt! Ist es ein Titan, ein seltener oder ein sehr seltener Drache?<br \/>\n<strong>Legends evolved:<\/strong><br \/>\nDrachen aus den 7 Drachenklassen in verschiedenen Entwicklungsstadien, einschlie\u00dflich der m\u00e4chtigen Titanen, finden sich in dieser Sammlung! Darunter sind auch beliebte Figuren wie Ohnezahn, Sturmpfeil, Tagschatten und andere!<br \/>\n<strong>Fantasievolles Spiel:<\/strong><br \/>\nDie Mystery Dragons-Drachenfiguren sind perfekt f\u00fcr fantasievolles Spielen aufregende Drachenabenteuer mit Freunden!<br \/>\nDreamWorks Dragons Mystery Dragons sind das perfekte \u00dcberraschungsgeschenk f\u00fcr Kinder und Drachenz\u00e4hmer ab 4 Jahren. Welcher Drache findet sich im Paket?<\/p>\n<p><strong>Inhalt:<\/strong><br \/>\n1 Drachenfigur<\/p>\n<p><strong>Hinweis:<\/strong><br \/>\nOnline ist keine Auswahl einer bestimmten Variante m\u00f6glich. Das gelieferte Produkt kann von den Abbildungen abweichen<\/p>","protected":false},"excerpt":{"rendered":"<h3>Caratteristiche dell'articolo<\/h3>\n<p>Artikelzustand: Neu - Neuer, unbenutzter und unbesch\u00e4digter Artikel in der unge\u00f6ffneten Verpackung<\/p>\n<table dir=\"ltr\" border=\"1\" cellspacing=\"0\" cellpadding=\"0\">\n<colgroup>\n<col width=\"203\" \/>\n<col width=\"345\" \/><\/colgroup>\n<tbody>\n<tr>\n<td data-sheets-value=\"{&quot;1&quot;:2,&quot;2&quot;:&quot;Charakter:&quot;}\">Charakter:<\/td>\n<td data-sheets-value=\"{&quot;1&quot;:2,&quot;2&quot;:&quot;Dragon&quot;}\">Dragon<\/td>\n<\/tr>\n<tr>\n<td data-sheets-value=\"{&quot;1&quot;:2,&quot;2&quot;:&quot;Herstellernummer:&quot;}\">Herstellernummer:<\/td>\n<td data-sheets-value=\"{&quot;1&quot;:3,&quot;3&quot;:6041773}\">6041773<\/td>\n<\/tr>\n<tr>\n<td data-sheets-value=\"{&quot;1&quot;:2,&quot;2&quot;:&quot;Marke:&quot;}\">Marke:<\/td>\n<td data-sheets-value=\"{&quot;1&quot;:2,&quot;2&quot;:&quot;Dreamworks Dragons&quot;}\">Dreamworks Dragons<\/td>\n<\/tr>\n<tr>\n<td data-sheets-value=\"{&quot;1&quot;:2,&quot;2&quot;:&quot;Ma\u00dfstab:&quot;}\">Ma\u00dfstab:<\/td>\n<td data-sheets-value=\"{&quot;1&quot;:2,&quot;2&quot;:&quot;ohne Angabe&quot;}\">ohne Angabe<\/td>\n<\/tr>\n<tr>\n<td data-sheets-value=\"{&quot;1&quot;:2,&quot;2&quot;:&quot;Material:&quot;}\">Materiale:<\/td>\n<td data-sheets-value=\"{&quot;1&quot;:2,&quot;2&quot;:&quot;Kunststoff&quot;}\">Plastica<\/td>\n<\/tr>\n<tr>\n<td data-sheets-value=\"{&quot;1&quot;:2,&quot;2&quot;:&quot;Motiv:&quot;}\">Motiv:<\/td>\n<td data-sheets-value=\"{&quot;1&quot;:2,&quot;2&quot;:&quot;Mystery Dragon&quot;}\">Mystery Dragon<\/td>\n<\/tr>\n<tr>\n<td data-sheets-value=\"{&quot;1&quot;:2,&quot;2&quot;:&quot;Produkt:&quot;}\">Produkt:<\/td>\n<td data-sheets-value=\"{&quot;1&quot;:2,&quot;2&quot;:&quot;Spielzeug&quot;}\">Giocattoli<\/td>\n<\/tr>\n<\/tbody>\n<\/table>","protected":false},"featured_media":78214,"comment_status":"open","ping_status":"closed","template":"","meta":{"_seopress_robots_primary_cat":"","_seopress_titles_title":"","_seopress_titles_desc":"","_seopress_robots_index":""},"product_brand":[],"product_cat":[1435],"product_tag":[],"class_list":{"0":"post-78100","1":"product","2":"type-product","3":"status-publish","4":"has-post-thumbnail","6":"product_cat-spielzeug","7":"product_shipping_class-standard-versand","9":"first","10":"instock","11":"sale","12":"taxable","13":"shipping-taxable","14":"purchasable","15":"product-type-simple"},"_links":{"self":[{"href":"https:\/\/www.soanam.de\/it\/wp-json\/wp\/v2\/product\/78100","targetHints":{"allow":["GET"]}}],"collection":[{"href":"https:\/\/www.soanam.de\/it\/wp-json\/wp\/v2\/product"}],"about":[{"href":"https:\/\/www.soanam.de\/it\/wp-json\/wp\/v2\/types\/product"}],"replies":[{"embeddable":true,"href":"https:\/\/www.soanam.de\/it\/wp-json\/wp\/v2\/comments?post=78100"}],"wp:featuredmedia":[{"embeddable":true,"href":"https:\/\/www.soanam.de\/it\/wp-json\/wp\/v2\/media\/78214"}],"wp:attachment":[{"href":"https:\/\/www.soanam.de\/it\/wp-json\/wp\/v2\/media?parent=78100"}],"wp:term":[{"taxonomy":"product_brand","embeddable":true,"href":"https:\/\/www.soanam.de\/it\/wp-json\/wp\/v2\/product_brand?post=78100"},{"taxonomy":"product_cat","embeddable":true,"href":"https:\/\/www.soanam.de\/it\/wp-json\/wp\/v2\/product_cat?post=78100"},{"taxonomy":"product_tag","embeddable":true,"href":"https:\/\/www.soanam.de\/it\/wp-json\/wp\/v2\/product_tag?post=78100"}],"curies":[{"name":"wp","href":"https:\/\/api.w.org\/{rel}","templated":true}]}}