{"id":78016,"date":"2023-12-13T21:05:05","date_gmt":"2023-12-13T20:05:05","guid":{"rendered":"https:\/\/www.soanam.de\/?post_type=product&#038;p=78016"},"modified":"2023-12-13T21:12:19","modified_gmt":"2023-12-13T20:12:19","slug":"haerkila-norfell-giacca-in-pile-verde-salice-taglia-s-per-tempo-libero-caccia-e-outdoor","status":"publish","type":"product","link":"https:\/\/www.soanam.de\/it\/produkt\/haerkila-norfell-fleecejacke-willow-green-gr-s-fuer-freizeit-jagd-u-outdoor\/","title":{"rendered":"H\u00c4RKILA NORFELL FLEECEJACKET Verde salice, taglia S - per il tempo libero, la caccia e l'uso all'aperto"},"content":{"rendered":"<h3>Descrizione del<\/h3>\n<p>Die Marke f\u00fcr J\u00e4ger und Waldm\u00e4nner aus Skandinavien ... ideal f\u00fcr Freizeit, Jagd u. Outdoor<\/p>\n<p>H\u00e4rkila Norfell \u00e8 una giacca in pile in ArcStretch\u2122 con elasticit\u00e0 a 360\u00b0. Ci\u00f2 significa che il gilet si adatta perfettamente a ogni vostro movimento.<br \/>\nLa giacca in pile \u00e8 inoltre dotata di una tasca radio a sinistra con uscita per antenna gommata e di due tasche laterali con cerniera. La cerniera pu\u00f2 essere tirata in entrambe le direzioni per facilitare la regolazione della giacca per le posizioni di seduta pi\u00f9 impegnative. Le cerniere delle tasche sono dotate di nastro in gomma su tutto il perimetro. I fori per i pollici e i polsini sono elasticizzati.<\/p>\n<p>La giacca in pile ha una taglia normale o piccola.<\/p>\n<p>Materiale: materiale esterno: 95% poliestere, 5% spandex; fodera: 100% poliestere<br \/>\nTaglia: S<br \/>\nColore: verde<br \/>\nCategoria: Giacca in pile<br \/>\nCampo di applicazione: Caccia , Outdoor<br \/>\nCaratteristiche: traspirante, elasticizzato<br \/>\nCaratteristiche: 1 tasca porta radio , 2 tasche a filetto , zip a 2 vie , foro per il pollice<br \/>\nStagione: Estate , Inverno , Stagione di transizione<\/p>","protected":false},"excerpt":{"rendered":"<h3>Caratteristiche dell'articolo<\/h3>\n<p>Condizione dell'articolo: Nuovo con etichetta: articolo nuovo, non usato e non indossato nella sua confezione originale.<\/p>\n<table border=\"0\" frame=\"VOID\" rules=\"NONE\" cellspacing=\"0\">\n<colgroup>\n<col width=\"133\" \/>\n<col width=\"267\" \/><\/colgroup>\n<tbody>\n<tr>\n<td align=\"LEFT\" width=\"133\" height=\"18\">Abteilung:<\/td>\n<td align=\"LEFT\" width=\"267\">Herren<\/td>\n<\/tr>\n<tr>\n<td align=\"LEFT\" height=\"17\">EAN:<\/td>\n<td align=\"LEFT\">5707335383154<\/td>\n<\/tr>\n<tr>\n<td align=\"LEFT\" height=\"18\">Colore:<\/td>\n<td align=\"LEFT\">willow green<\/td>\n<\/tr>\n<tr>\n<td align=\"LEFT\" height=\"18\">Gr\u00f6\u00dfe:<\/td>\n<td align=\"LEFT\">S<\/td>\n<\/tr>\n<tr>\n<td align=\"LEFT\" height=\"18\">Herstellernummer:<\/td>\n<td align=\"LEFT\">13011182903<\/td>\n<\/tr>\n<tr>\n<td align=\"LEFT\" height=\"18\">Marke:<\/td>\n<td align=\"LEFT\">H\u00e4rkila<\/td>\n<\/tr>\n<tr>\n<td align=\"LEFT\" height=\"18\">Materiale:<\/td>\n<td align=\"LEFT\">95% poliestere, 5% spandex<\/td>\n<\/tr>\n<tr>\n<td align=\"LEFT\" height=\"18\">Produktart:<\/td>\n<td align=\"LEFT\">Jacke &amp; Weste<\/td>\n<\/tr>\n<tr>\n<td align=\"LEFT\" height=\"18\">Technologie:<\/td>\n<td align=\"LEFT\">ArcStretch\u2122<\/td>\n<\/tr>\n<\/tbody>\n<\/table>","protected":false},"featured_media":78144,"comment_status":"open","ping_status":"closed","template":"","meta":{"_seopress_robots_primary_cat":"","_seopress_titles_title":"","_seopress_titles_desc":"","_seopress_robots_index":""},"product_brand":[],"product_cat":[1345,1363,1413],"product_tag":[],"class_list":{"0":"post-78016","1":"product","2":"type-product","3":"status-publish","4":"has-post-thumbnail","6":"product_cat-herrenmode","7":"product_cat-jacken-maentel-herrenmode","8":"product_cat-fleecejacken","9":"product_shipping_class-standard-versand","11":"first","12":"instock","13":"sale","14":"taxable","15":"shipping-taxable","16":"purchasable","17":"product-type-simple"},"_links":{"self":[{"href":"https:\/\/www.soanam.de\/it\/wp-json\/wp\/v2\/product\/78016","targetHints":{"allow":["GET"]}}],"collection":[{"href":"https:\/\/www.soanam.de\/it\/wp-json\/wp\/v2\/product"}],"about":[{"href":"https:\/\/www.soanam.de\/it\/wp-json\/wp\/v2\/types\/product"}],"replies":[{"embeddable":true,"href":"https:\/\/www.soanam.de\/it\/wp-json\/wp\/v2\/comments?post=78016"}],"wp:featuredmedia":[{"embeddable":true,"href":"https:\/\/www.soanam.de\/it\/wp-json\/wp\/v2\/media\/78144"}],"wp:attachment":[{"href":"https:\/\/www.soanam.de\/it\/wp-json\/wp\/v2\/media?parent=78016"}],"wp:term":[{"taxonomy":"product_brand","embeddable":true,"href":"https:\/\/www.soanam.de\/it\/wp-json\/wp\/v2\/product_brand?post=78016"},{"taxonomy":"product_cat","embeddable":true,"href":"https:\/\/www.soanam.de\/it\/wp-json\/wp\/v2\/product_cat?post=78016"},{"taxonomy":"product_tag","embeddable":true,"href":"https:\/\/www.soanam.de\/it\/wp-json\/wp\/v2\/product_tag?post=78016"}],"curies":[{"name":"wp","href":"https:\/\/api.w.org\/{rel}","templated":true}]}}