{"id":78014,"date":"2023-12-13T21:05:05","date_gmt":"2023-12-13T20:05:05","guid":{"rendered":"https:\/\/www.soanam.de\/?post_type=product&#038;p=78014"},"modified":"2023-12-13T21:12:12","modified_gmt":"2023-12-13T20:12:12","slug":"ocun-womens-tsunami-piumino-donna-icemint-gr-l","status":"publish","type":"product","link":"https:\/\/www.soanam.de\/it\/produkt\/ocun-womens-tsunami-damen-daunenjacke-icemint-gr-l\/","title":{"rendered":"OCUN - Women's Tsunami - Piumino da donna, Icemint, taglia L"},"content":{"rendered":"<h3>Descrizione del<\/h3>\n<p>Bietet ein ausgezeichnetes Gewichts-Isolations-Verh\u00e4ltnis: die Women's Tsunami Daunenjacke von Ocun! Die Daunenjacke ist leicht tailliert geschnitten und speziell f\u00fcr sportliche Outdoor-Eins\u00e4tze wie Klettern oder Bouldern gemacht. Durch die leichte Daunenf\u00fctterung aus bauschkr\u00e4ftiger, sehr gut isolierender Daune k\u00fchlt man auch in Pausen nicht aus.<\/p>\n<p>La giacca \u00e8 realizzata in materiale esterno ripstop resistente e traspirante, con una finitura idrorepellente e antisporco di lunga durata. Protegge la fodera in piuma dall'umidit\u00e0 ed \u00e8 perfettamente liscia, in modo da poter scivolare facilmente sotto la giacca antipioggia. Grazie alla struttura a camere, la fodera in piuma \u00e8 distribuita in modo ottimale sulla parte superiore del corpo e non scivola!<\/p>\n<p>Le tasche interne sul davanti tengono le scarpe da arrampicata al sicuro e a portata di mano, mentre le due tasche anteriori sono ideali per gli oggetti di valore. Il piumino \u00e8 tagliato pi\u00f9 lungo sul retro in modo da tenere sempre coperta la parte bassa della schiena durante l'arrampicata. La pratica zip a due vie sul davanti consente un rapido accesso all'imbracatura da arrampicata e gli occhielli per i pollici mantengono le maniche sempre nella giusta posizione.<\/p>\n<p>Funktional, warm und leicht: die Women's Tsunami Daunenjacke l\u00e4sst sich klein in der eigenen Packtasche verstauen und w\u00e4rmt zuverl\u00e4ssig, wenn die Temperaturen sinken!<\/p>\n<h3>dettagli<\/h3>\n<p>Adatto per: Donne<br \/>\nCampo di applicazione: Arrampicata<br \/>\nMateriale principale: poliammide 100%<br \/>\nMateriale di riempimento: piumino 100%<br \/>\nTipo di materiale: imbottitura in piuma<br \/>\nInformazioni sul materiale: contiene parti non tessili di origine animale.<br \/>\nTrattamento del materiale: impregnato di DWR<br \/>\nPropriet\u00e0 del materiale: piuma d'oca, isolante, traspirante, idrorepellente<br \/>\nPotere di riempimento: 650 cuin Rapporto di miscelazione: 90\/10 (piumino e piume)<br \/>\nSostenibilit\u00e0: contiene piuma d'oca certificata Codex<br \/>\nChiusura: cerniera frontale a 2 vie a tutta lunghezza<br \/>\nCappuccio: regolabile<br \/>\nTasche: 1 tasca interna, 2 tasche anteriori con zip<br \/>\nPeso: 330 g<br \/>\nDimensione di riferimento: media<br \/>\nVestibilit\u00e0: Normale<br \/>\nExtra: passanti per i pollici, pu\u00f2 essere riposto nella propria tasca, orlo elasticizzato, polsini elasticizzati, retro allungato<\/p>","protected":false},"excerpt":{"rendered":"<h3>Caratteristiche dell'articolo<\/h3>\n<p>Condizione dell'articolo: Nuovo con etichetta: articolo nuovo, non usato e non indossato nella sua confezione originale.<\/p>\n<table border=\"0\" frame=\"VOID\" rules=\"NONE\" cellspacing=\"0\">\n<colgroup>\n<col width=\"133\" \/>\n<col width=\"267\" \/><\/colgroup>\n<tbody>\n<tr>\n<td align=\"LEFT\" width=\"133\" height=\"18\">Abteilung:<\/td>\n<td align=\"LEFT\" width=\"267\">Damen<\/td>\n<\/tr>\n<tr>\n<td align=\"LEFT\" height=\"18\">Akzente:<\/td>\n<td align=\"LEFT\">ohne<\/td>\n<\/tr>\n<tr>\n<td align=\"LEFT\" height=\"18\">Anlass:<\/td>\n<td align=\"LEFT\">Freizeit, Reise<\/td>\n<\/tr>\n<tr>\n<td align=\"LEFT\" height=\"18\">Au\u00dfenmaterial:<\/td>\n<td align=\"LEFT\">Polyamid<\/td>\n<\/tr>\n<tr>\n<td align=\"LEFT\" height=\"18\">Caratteristiche speciali:<\/td>\n<td align=\"LEFT\">Atmungsaktiv, Taschen<\/td>\n<\/tr>\n<tr>\n<td align=\"LEFT\" height=\"18\">Charakter:<\/td>\n<td align=\"LEFT\">ohne<\/td>\n<\/tr>\n<tr>\n<td align=\"LEFT\" height=\"17\">EAN:<\/td>\n<td align=\"LEFT\">8591804646638<\/td>\n<\/tr>\n<tr>\n<td align=\"LEFT\" height=\"18\">Colore:<\/td>\n<td align=\"LEFT\">Blu<\/td>\n<\/tr>\n<tr>\n<td align=\"LEFT\" height=\"18\">Futtermaterial:<\/td>\n<td align=\"LEFT\">Daune<\/td>\n<\/tr>\n<tr>\n<td align=\"LEFT\" height=\"18\">Gewebeart:<\/td>\n<td align=\"LEFT\">Mischgewebe<\/td>\n<\/tr>\n<tr>\n<td align=\"LEFT\" height=\"18\">Gr\u00f6\u00dfe:<\/td>\n<td align=\"LEFT\">L<\/td>\n<\/tr>\n<tr>\n<td align=\"LEFT\" height=\"18\">Gr\u00f6\u00dfenkategorie:<\/td>\n<td align=\"LEFT\">Normalgr\u00f6\u00dfe<\/td>\n<\/tr>\n<tr>\n<td align=\"LEFT\" height=\"18\">Isoliermaterial:<\/td>\n<td align=\"LEFT\">In basso<\/td>\n<\/tr>\n<tr>\n<td align=\"LEFT\" height=\"18\">Jacken-\/Mantell\u00e4nge:<\/td>\n<td align=\"LEFT\">Breve<\/td>\n<\/tr>\n<tr>\n<td align=\"LEFT\" height=\"18\">Jahreszeit:<\/td>\n<td align=\"LEFT\">Fr\u00fchling, Herbst, Winter<\/td>\n<\/tr>\n<tr>\n<td align=\"LEFT\" height=\"18\">Marke:<\/td>\n<td align=\"LEFT\">OCUN<\/td>\n<\/tr>\n<tr>\n<td align=\"LEFT\" height=\"18\">Modell:<\/td>\n<td align=\"LEFT\">Tsunami<\/td>\n<\/tr>\n<tr>\n<td align=\"LEFT\" height=\"18\">Modello:<\/td>\n<td align=\"LEFT\">Ohne Muster<\/td>\n<\/tr>\n<tr>\n<td align=\"LEFT\" height=\"18\">Produktart:<\/td>\n<td align=\"LEFT\">Jacke<\/td>\n<\/tr>\n<tr>\n<td align=\"LEFT\" height=\"18\">Stil:<\/td>\n<td align=\"LEFT\">Daunenjacke<\/td>\n<\/tr>\n<tr>\n<td align=\"LEFT\" height=\"18\">Thema:<\/td>\n<td align=\"LEFT\">Sport<\/td>\n<\/tr>\n<tr>\n<td align=\"LEFT\" height=\"18\">Verschluss:<\/td>\n<td align=\"LEFT\">Chiusura a zip<\/td>\n<\/tr>\n<tr>\n<td align=\"LEFT\" height=\"18\">Vintage:<\/td>\n<td align=\"LEFT\">Nein<\/td>\n<\/tr>\n<\/tbody>\n<\/table>","protected":false},"featured_media":78132,"comment_status":"open","ping_status":"closed","template":"","meta":{"_seopress_robots_primary_cat":"","_seopress_titles_title":"","_seopress_titles_desc":"","_seopress_robots_index":""},"product_brand":[],"product_cat":[1348,1354,1376],"product_tag":[],"class_list":{"0":"post-78014","1":"product","2":"type-product","3":"status-publish","4":"has-post-thumbnail","6":"product_cat-damen-mode","7":"product_cat-jacken-maentel","8":"product_cat-daunenjacken-steppjacken","9":"product_shipping_class-standard-versand","11":"first","12":"instock","13":"sale","14":"taxable","15":"shipping-taxable","16":"purchasable","17":"product-type-simple"},"_links":{"self":[{"href":"https:\/\/www.soanam.de\/it\/wp-json\/wp\/v2\/product\/78014","targetHints":{"allow":["GET"]}}],"collection":[{"href":"https:\/\/www.soanam.de\/it\/wp-json\/wp\/v2\/product"}],"about":[{"href":"https:\/\/www.soanam.de\/it\/wp-json\/wp\/v2\/types\/product"}],"replies":[{"embeddable":true,"href":"https:\/\/www.soanam.de\/it\/wp-json\/wp\/v2\/comments?post=78014"}],"wp:featuredmedia":[{"embeddable":true,"href":"https:\/\/www.soanam.de\/it\/wp-json\/wp\/v2\/media\/78132"}],"wp:attachment":[{"href":"https:\/\/www.soanam.de\/it\/wp-json\/wp\/v2\/media?parent=78014"}],"wp:term":[{"taxonomy":"product_brand","embeddable":true,"href":"https:\/\/www.soanam.de\/it\/wp-json\/wp\/v2\/product_brand?post=78014"},{"taxonomy":"product_cat","embeddable":true,"href":"https:\/\/www.soanam.de\/it\/wp-json\/wp\/v2\/product_cat?post=78014"},{"taxonomy":"product_tag","embeddable":true,"href":"https:\/\/www.soanam.de\/it\/wp-json\/wp\/v2\/product_tag?post=78014"}],"curies":[{"name":"wp","href":"https:\/\/api.w.org\/{rel}","templated":true}]}}