{"id":77999,"date":"2023-12-13T21:04:40","date_gmt":"2023-12-13T20:04:40","guid":{"rendered":"https:\/\/www.soanam.de\/?post_type=product&#038;p=77999"},"modified":"2023-12-13T21:11:51","modified_gmt":"2023-12-13T20:11:51","slug":"hugo-boss-gonna-a-matita-in-similpelle-dal-look-avvolgente-in-nero-taglia-40","status":"publish","type":"product","link":"https:\/\/www.soanam.de\/it\/produkt\/hugo-boss-bleistiftrock-in-wickeloptik-kunstleder-in-schwarz-groesse-40\/","title":{"rendered":"Gonna a tubino HUGO BOSS in ecopelle, colore nero, taglia 40"},"content":{"rendered":"<h3>Descrizione del<\/h3>\n<p>Gonna a portafoglio BOSS<\/p>\n<p><strong>Dimensioni e vestibilit\u00e0<\/strong><\/p>\n<p>Gr\u00f6\u00dfengetreu - bestellen Sie Ihre gewohnte Gr\u00f6\u00dfe<br \/>\nMatita silhouette che sfiora la figura<br \/>\nModell ist 5'10 \"und eine Standard UK Gr\u00f6\u00dfe 8<\/p>\n<p><strong>Dettagli<\/strong><\/p>\n<p>Gonna a tubino in ecopelle di BOSS<br \/>\nNero<br \/>\nElegante lunghezza midi<br \/>\nL'imitazione della pelle \u00e8 liscia<br \/>\nLa cerniera posteriore assicura il vostro look<br \/>\nVita sovrapposta per aggiungere carattere<br \/>\nL'orlo diviso garantisce una maggiore fluidit\u00e0<\/p>\n<p><strong>Materiale e cura<\/strong><\/p>\n<p>Contenuto del materiale: poliestere 100%<br \/>\nIstruzioni per il lavaggio: Solo lavaggio a mano<\/p>","protected":false},"excerpt":{"rendered":"<h3>Caratteristiche dell'articolo<\/h3>\n<p>Condizione dell'articolo: Nuovo con etichetta: articolo nuovo, non usato e non indossato nella sua confezione originale.<\/p>\n<table border=\"0\" frame=\"VOID\" rules=\"NONE\" cellspacing=\"0\">\n<colgroup>\n<col width=\"133\" \/>\n<col width=\"267\" \/><\/colgroup>\n<tbody>\n<tr>\n<td align=\"LEFT\" width=\"133\" height=\"18\">Abteilung:<\/td>\n<td align=\"LEFT\" width=\"267\">Damen<\/td>\n<\/tr>\n<tr>\n<td align=\"LEFT\" height=\"18\">Akzente:<\/td>\n<td align=\"LEFT\">Overlay-Taille<\/td>\n<\/tr>\n<tr>\n<td align=\"LEFT\" height=\"18\">Anlass:<\/td>\n<td align=\"LEFT\">Business, Elegant, Freizeit<\/td>\n<\/tr>\n<tr>\n<td align=\"LEFT\" height=\"18\">Caratteristiche speciali:<\/td>\n<td align=\"LEFT\">Foderato<\/td>\n<\/tr>\n<tr>\n<td align=\"LEFT\" height=\"18\">Charakter:<\/td>\n<td align=\"LEFT\">ohne<\/td>\n<\/tr>\n<tr>\n<td align=\"LEFT\" height=\"17\">EAN:<\/td>\n<td align=\"LEFT\">4046303713342<\/td>\n<\/tr>\n<tr>\n<td align=\"LEFT\" height=\"18\">Colore:<\/td>\n<td align=\"LEFT\">Nero<\/td>\n<\/tr>\n<tr>\n<td align=\"LEFT\" height=\"18\">Gewebeart:<\/td>\n<td align=\"LEFT\">Finta pelle<\/td>\n<\/tr>\n<tr>\n<td align=\"LEFT\" height=\"18\">Gr\u00f6\u00dfe:<\/td>\n<td align=\"LEFT\">40<\/td>\n<\/tr>\n<tr>\n<td align=\"LEFT\" height=\"18\">Gr\u00f6\u00dfenkategorie:<\/td>\n<td align=\"LEFT\">Normalgr\u00f6\u00dfe<\/td>\n<\/tr>\n<tr>\n<td align=\"LEFT\" height=\"18\">Jahreszeit:<\/td>\n<td align=\"LEFT\">Fr\u00fchling, Herbst, Winter<\/td>\n<\/tr>\n<tr>\n<td align=\"LEFT\" height=\"18\">Marke:<\/td>\n<td align=\"LEFT\">HUGO BOSS<\/td>\n<\/tr>\n<tr>\n<td align=\"LEFT\" height=\"18\">Materiale:<\/td>\n<td align=\"LEFT\">Poliestere<\/td>\n<\/tr>\n<tr>\n<td align=\"LEFT\" height=\"18\">Modello:<\/td>\n<td align=\"LEFT\">Ohne Muster<\/td>\n<\/tr>\n<tr>\n<td align=\"LEFT\" height=\"18\">Produktart:<\/td>\n<td align=\"LEFT\">Rock<\/td>\n<\/tr>\n<tr>\n<td align=\"LEFT\" height=\"18\">Rockl\u00e4nge:<\/td>\n<td align=\"LEFT\">Midi<\/td>\n<\/tr>\n<tr>\n<td align=\"LEFT\" height=\"18\">Stil:<\/td>\n<td align=\"LEFT\">Bleistiftrock<\/td>\n<\/tr>\n<tr>\n<td align=\"LEFT\" height=\"18\">Thema:<\/td>\n<td align=\"LEFT\">Designer<\/td>\n<\/tr>\n<tr>\n<td align=\"LEFT\" height=\"18\">Verschluss:<\/td>\n<td align=\"LEFT\">Chiusura a zip<\/td>\n<\/tr>\n<tr>\n<td align=\"LEFT\" height=\"18\">Vintage:<\/td>\n<td align=\"LEFT\">Nein<\/td>\n<\/tr>\n<\/tbody>\n<\/table>","protected":false},"featured_media":78124,"comment_status":"open","ping_status":"closed","template":"","meta":{"_seopress_robots_primary_cat":"","_seopress_titles_title":"","_seopress_titles_desc":"","_seopress_robots_index":""},"product_brand":[],"product_cat":[1348,1473,1474],"product_tag":[],"class_list":{"0":"post-77999","1":"product","2":"type-product","3":"status-publish","4":"has-post-thumbnail","6":"product_cat-damen-mode","7":"product_cat-roecke","8":"product_cat-midiroecke","9":"product_shipping_class-standard-versand","11":"first","12":"instock","13":"sale","14":"taxable","15":"shipping-taxable","16":"purchasable","17":"product-type-simple"},"_links":{"self":[{"href":"https:\/\/www.soanam.de\/it\/wp-json\/wp\/v2\/product\/77999","targetHints":{"allow":["GET"]}}],"collection":[{"href":"https:\/\/www.soanam.de\/it\/wp-json\/wp\/v2\/product"}],"about":[{"href":"https:\/\/www.soanam.de\/it\/wp-json\/wp\/v2\/types\/product"}],"replies":[{"embeddable":true,"href":"https:\/\/www.soanam.de\/it\/wp-json\/wp\/v2\/comments?post=77999"}],"wp:featuredmedia":[{"embeddable":true,"href":"https:\/\/www.soanam.de\/it\/wp-json\/wp\/v2\/media\/78124"}],"wp:attachment":[{"href":"https:\/\/www.soanam.de\/it\/wp-json\/wp\/v2\/media?parent=77999"}],"wp:term":[{"taxonomy":"product_brand","embeddable":true,"href":"https:\/\/www.soanam.de\/it\/wp-json\/wp\/v2\/product_brand?post=77999"},{"taxonomy":"product_cat","embeddable":true,"href":"https:\/\/www.soanam.de\/it\/wp-json\/wp\/v2\/product_cat?post=77999"},{"taxonomy":"product_tag","embeddable":true,"href":"https:\/\/www.soanam.de\/it\/wp-json\/wp\/v2\/product_tag?post=77999"}],"curies":[{"name":"wp","href":"https:\/\/api.w.org\/{rel}","templated":true}]}}