{"id":77806,"date":"2023-12-13T21:00:50","date_gmt":"2023-12-13T20:00:50","guid":{"rendered":"https:\/\/www.soanam.de\/?post_type=product&#038;p=77806"},"modified":"2023-12-13T21:03:05","modified_gmt":"2023-12-13T20:03:05","slug":"il-fantasma-dellopera-di-andrew-lloyd-webber-alla-royal-albert-hall-dvd","status":"publish","type":"product","link":"https:\/\/www.soanam.de\/it\/produkt\/andrew-lloyds-webbers-das-phantom-der-oper-in-der-royal-albert-hall-dvd\/","title":{"rendered":"Andrew Lloyds Webbers - Il fantasma dell'opera alla Royal Albert Hall - DVD"},"content":{"rendered":"<h3><strong>Descrizione del prodotto<\/strong><\/h3>\n<p>Andrew Lloyd Webbers \"Das Phantom der The Oper\" ist ein weltweiter Erfolg und ein Ph\u00e4nomen. Mehr als 130 Millionen Menschen in 145 St\u00e4dten und 27 L\u00e4ndern haben dieses Musical live erlebt und seine Einnahmen an den Theaterkassen \u00fcbersteigen die Eink\u00fcnfte von Blockbustern wie Avatar, Titanic und Star Wars. Aus Anlass des 25-j\u00e4hrigen Geburtstages der Show in London steht der 3. Oktober 2011 im Zeichen einer gro\u00dfen Gala mit einer Auff\u00fchrung des Musicals in der Royal Albert Hall, die aufw\u00e4ndiger und beeindruckender nicht sein k\u00f6nnte. Ramin Karimloo brilliert einmal mehr als 'The Phantom' und Sierra Boggess ist als 'Christine' zu erleben. Au\u00dferdem sind zu sehen: Hadley Fraser als \u2018Raoul\u2019, Barry James als 'Monsieur Firmin', Gareth Snook als 'Monsieur Andr\u00e9', Liz Robertson als 'Madame Giry', Wynne Evans als 'Piangi', begleitet von mehr als 200 weiteren Mitwirkenden und einem gro\u00dfen Orchester.<\/p>","protected":false},"excerpt":{"rendered":"<h3><strong>Caratteristiche dell'articolo<\/strong><\/h3>\n<p>Artikelzustand: Neu - Artikel, dessen Originalverpackung (sofern zutreffend) nicht ge\u00f6ffnet oder entfernt wurde<\/p>\n<table width=\"1150\">\n<tbody>\n<tr>\n<td width=\"257\">Caratteristiche speciali:<\/td>\n<td width=\"893\">Full Screen, Mit Untertiteln<\/td>\n<\/tr>\n<tr>\n<td>Darsteller:<\/td>\n<td>Ramin Karimloo, Sierra Boggess, Hadley Fraser, Wynne Evans<\/td>\n<\/tr>\n<tr>\n<td>EAN:<\/td>\n<td>5050582874358<\/td>\n<\/tr>\n<tr>\n<td>Edition:<\/td>\n<td>Standardausgabe<\/td>\n<\/tr>\n<tr>\n<td>Erscheinungsjahr:<\/td>\n<td>2012<\/td>\n<\/tr>\n<tr>\n<td>Film-\/Fernseh-Titel:<\/td>\n<td>Das Phantom der Oper in der Royal Albert Hall<\/td>\n<\/tr>\n<tr>\n<td>Format:<\/td>\n<td>DVD Video<\/td>\n<\/tr>\n<tr>\n<td>FSK-Einstufung:<\/td>\n<td>6<\/td>\n<\/tr>\n<tr>\n<td>Genre:<\/td>\n<td>Thriller, Romanze, Musik-Musical, Drama, Musicals &amp; Broadway<\/td>\n<\/tr>\n<tr>\n<td>Herstellernummer:<\/td>\n<td>Nicht zutreffend<\/td>\n<\/tr>\n<tr>\n<td>Herstellungsland und -region:<\/td>\n<td>Vereinigte Staaten<\/td>\n<\/tr>\n<tr>\n<td>H\u00fcllenart:<\/td>\n<td>Kunststoffh\u00fclse<\/td>\n<\/tr>\n<tr>\n<td>Musik K\u00fcnstler:<\/td>\n<td>Andrew Lloyd Webbers<\/td>\n<\/tr>\n<tr>\n<td>Produktart:<\/td>\n<td>Film<\/td>\n<\/tr>\n<tr>\n<td>Regionalcode:<\/td>\n<td>DVD: 2 (Europa, Japan, Naher Osten\u2026)<\/td>\n<\/tr>\n<tr>\n<td>Regisseur:<\/td>\n<td>Laurence Connor<\/td>\n<\/tr>\n<tr>\n<td>Sprache:<\/td>\n<td>Englisch<\/td>\n<\/tr>\n<tr>\n<td>Studio:<\/td>\n<td>Universal Studio's<\/td>\n<\/tr>\n<tr>\n<td>Subgenre:<\/td>\n<td>Oper<\/td>\n<\/tr>\n<tr>\n<td>Untertitel:<\/td>\n<td>Deutsch, Englisch, Franz\u00f6sisch, Italienisch, Spanisch, Niederl\u00e4ndisch, Griechisch, Ungarisch, Polnisch, Portugiesisch, Russisch, T\u00fcrkisch, Isl\u00e4ndisch<\/td>\n<\/tr>\n<\/tbody>\n<\/table>","protected":false},"featured_media":77914,"comment_status":"open","ping_status":"closed","template":"","meta":{"_seopress_robots_primary_cat":"","_seopress_titles_title":"","_seopress_titles_desc":"","_seopress_robots_index":""},"product_brand":[],"product_cat":[1423,1424],"product_tag":[],"class_list":{"0":"post-77806","1":"product","2":"type-product","3":"status-publish","4":"has-post-thumbnail","6":"product_cat-multimedia","7":"product_cat-dvds","8":"product_shipping_class-standard-versand","10":"first","11":"instock","12":"sale","13":"taxable","14":"shipping-taxable","15":"purchasable","16":"product-type-simple"},"_links":{"self":[{"href":"https:\/\/www.soanam.de\/it\/wp-json\/wp\/v2\/product\/77806","targetHints":{"allow":["GET"]}}],"collection":[{"href":"https:\/\/www.soanam.de\/it\/wp-json\/wp\/v2\/product"}],"about":[{"href":"https:\/\/www.soanam.de\/it\/wp-json\/wp\/v2\/types\/product"}],"replies":[{"embeddable":true,"href":"https:\/\/www.soanam.de\/it\/wp-json\/wp\/v2\/comments?post=77806"}],"wp:featuredmedia":[{"embeddable":true,"href":"https:\/\/www.soanam.de\/it\/wp-json\/wp\/v2\/media\/77914"}],"wp:attachment":[{"href":"https:\/\/www.soanam.de\/it\/wp-json\/wp\/v2\/media?parent=77806"}],"wp:term":[{"taxonomy":"product_brand","embeddable":true,"href":"https:\/\/www.soanam.de\/it\/wp-json\/wp\/v2\/product_brand?post=77806"},{"taxonomy":"product_cat","embeddable":true,"href":"https:\/\/www.soanam.de\/it\/wp-json\/wp\/v2\/product_cat?post=77806"},{"taxonomy":"product_tag","embeddable":true,"href":"https:\/\/www.soanam.de\/it\/wp-json\/wp\/v2\/product_tag?post=77806"}],"curies":[{"name":"wp","href":"https:\/\/api.w.org\/{rel}","templated":true}]}}