{"id":77735,"date":"2023-12-13T20:59:32","date_gmt":"2023-12-13T19:59:32","guid":{"rendered":"https:\/\/www.soanam.de\/?post_type=product&#038;p=77735"},"modified":"2023-12-13T21:02:05","modified_gmt":"2023-12-13T20:02:05","slug":"sarah-bosse-flos-tierpension-ein-kaetzchen-kommt-selten-allein-copertina-rigida-in-tedesco-2013","status":"publish","type":"product","link":"https:\/\/www.soanam.de\/it\/produkt\/sarah-bosse-flos-tierpension-ein-kaetzchen-kommt-selten-allein-gebundene-ausgabe-deutsch-2013\/","title":{"rendered":"Sarah Bosse - Flos Tierpension \"Ein K\u00e4tzchen kommt selten allein\" Volume cartonato Tedesco 2013"},"content":{"rendered":"<h3><strong>Descrizione del prodotto<\/strong><\/h3>\n<p>Il rifugio per animali di Blumenstiege riesce a malapena a salvarsi dai gattini. Ogni giorno arrivano nuovi cuccioli e molti di loro devono essere allattati con il biberon. Flo e la sua migliore amica Hanna danno una mano diligentemente e alla fine hanno un'idea geniale: sicuramente riusciranno a convincere qualche vicino ad accogliere una piccola tigre! Ma \u00e8 pi\u00f9 facile a dirsi che a farsi, perch\u00e9 la campagna richiede molto tempo e impegno - e molto coraggio! Ma i loro sforzi vengono premiati e Flo e Hanna hanno una grande sorpresa. E ha a che fare con una vera tigre!<\/p>\n<p><strong>Dettagli del prodotto<\/strong><br \/>\nEditore : Coppenrath Verlag<br \/>\nSerie : Flos Tierpension, Volume 4<br \/>\nAnno di pubblicazione : 2013<br \/>\nLingua: tedesco<br \/>\nRilegatura : Copertina rigida<br \/>\nNumero di pagine: 112 pagine<br \/>\nISBN-10 : 3649611562<br \/>\nISBN-13 : 978-3649611561<br \/>\nIllustrazioni : con illustrazioni interne in bianco e nero<br \/>\nEt\u00e0 consigliata: 8 - 10 anni<\/p>","protected":false},"excerpt":{"rendered":"<h3><strong>Caratteristiche dell'articolo<\/strong><\/h3>\n<p>Artikelzustand: Neu - Neues, ungelesenes, ungebrauchtes Buch in makellosem Zustand<\/p>\n<table style=\"border-collapse: collapse;width: 432pt\" width=\"576\">\n<tbody>\n<tr style=\"height: 15.0pt\">\n<td class=\"xl65\" style=\"width: 193pt;height: 15.0pt\" width=\"257\" height=\"20\">Autor:<\/td>\n<td class=\"xl65\" style=\"width: 239pt\" width=\"319\">Sarah Bosse<\/td>\n<\/tr>\n<tr style=\"height: 15.0pt\">\n<td class=\"xl65\" style=\"height: 15.0pt\" height=\"20\">Caratteristiche speciali:<\/td>\n<td class=\"xl65\">Illustriert<\/td>\n<\/tr>\n<tr style=\"height: 15.0pt\">\n<td style=\"height: 15.0pt\" height=\"20\">Buchreihe:<\/td>\n<td>Flos Tierpension<\/td>\n<\/tr>\n<tr style=\"height: 15.0pt\">\n<td class=\"xl65\" style=\"height: 15.0pt\" height=\"20\">Buchtitel:<\/td>\n<td class=\"xl65\">Ein K\u00e4tzchen kommt selten allein<\/td>\n<\/tr>\n<tr style=\"height: 15.0pt\">\n<td class=\"xl65\" style=\"height: 15.0pt\" height=\"20\">Erscheinungsjahr:<\/td>\n<td class=\"xl65\">2013<\/td>\n<\/tr>\n<tr style=\"height: 15.0pt\">\n<td class=\"xl65\" style=\"height: 15.0pt\" height=\"20\">Format:<\/td>\n<td class=\"xl65\">Gebundene Ausgabe<\/td>\n<\/tr>\n<tr style=\"height: 15.0pt\">\n<td class=\"xl65\" style=\"height: 15.0pt\" height=\"20\">Genre:<\/td>\n<td class=\"xl65\">Kinder- &amp; Jugendliteratur<\/td>\n<\/tr>\n<tr style=\"height: 15.0pt\">\n<td class=\"xl65\" style=\"height: 15.0pt\" height=\"20\">Herstellungsland und -region:<\/td>\n<td class=\"xl65\">Germania<\/td>\n<\/tr>\n<tr style=\"height: 15.0pt\">\n<td style=\"height: 15.0pt\" height=\"20\">ISBN:<\/td>\n<td class=\"xl65\">9783649611561<\/td>\n<\/tr>\n<tr style=\"height: 15.0pt\">\n<td class=\"xl65\" style=\"height: 15.0pt\" height=\"20\">Literarische Gattung:<\/td>\n<td class=\"xl65\">Belletristik<\/td>\n<\/tr>\n<tr style=\"height: 15.0pt\">\n<td class=\"xl65\" style=\"height: 15.0pt\" height=\"20\">Produktart:<\/td>\n<td class=\"xl65\">Kinderbuch<\/td>\n<\/tr>\n<tr style=\"height: 15.0pt\">\n<td style=\"height: 15.0pt\" height=\"20\">Sprache:<\/td>\n<td>Tedesco<\/td>\n<\/tr>\n<tr style=\"height: 15.0pt\">\n<td class=\"xl65\" style=\"height: 15.0pt\" height=\"20\">Thematik:<\/td>\n<td class=\"xl65\">Tiere<\/td>\n<\/tr>\n<tr style=\"height: 15.0pt\">\n<td class=\"xl65\" style=\"height: 15.0pt\" height=\"20\">Verlag:<\/td>\n<td class=\"xl65\">Coppenrath<\/td>\n<\/tr>\n<tr style=\"height: 15.0pt\">\n<td class=\"xl65\" style=\"height: 15.0pt\" height=\"20\">Zielgruppe:<\/td>\n<td class=\"xl65\">8-10 Jahre<\/td>\n<\/tr>\n<\/tbody>\n<\/table>","protected":false},"featured_media":77858,"comment_status":"open","ping_status":"closed","template":"","meta":{"_seopress_robots_primary_cat":"","_seopress_titles_title":"","_seopress_titles_desc":"","_seopress_robots_index":""},"product_brand":[],"product_cat":[1428,1431,1441],"product_tag":[],"class_list":{"0":"post-77735","1":"product","2":"type-product","3":"status-publish","4":"has-post-thumbnail","6":"product_cat-buecher","7":"product_cat-kinder","8":"product_cat-geschichten","9":"product_shipping_class-standard-versand","11":"first","12":"instock","13":"taxable","14":"shipping-taxable","15":"purchasable","16":"product-type-simple"},"_links":{"self":[{"href":"https:\/\/www.soanam.de\/it\/wp-json\/wp\/v2\/product\/77735","targetHints":{"allow":["GET"]}}],"collection":[{"href":"https:\/\/www.soanam.de\/it\/wp-json\/wp\/v2\/product"}],"about":[{"href":"https:\/\/www.soanam.de\/it\/wp-json\/wp\/v2\/types\/product"}],"replies":[{"embeddable":true,"href":"https:\/\/www.soanam.de\/it\/wp-json\/wp\/v2\/comments?post=77735"}],"wp:featuredmedia":[{"embeddable":true,"href":"https:\/\/www.soanam.de\/it\/wp-json\/wp\/v2\/media\/77858"}],"wp:attachment":[{"href":"https:\/\/www.soanam.de\/it\/wp-json\/wp\/v2\/media?parent=77735"}],"wp:term":[{"taxonomy":"product_brand","embeddable":true,"href":"https:\/\/www.soanam.de\/it\/wp-json\/wp\/v2\/product_brand?post=77735"},{"taxonomy":"product_cat","embeddable":true,"href":"https:\/\/www.soanam.de\/it\/wp-json\/wp\/v2\/product_cat?post=77735"},{"taxonomy":"product_tag","embeddable":true,"href":"https:\/\/www.soanam.de\/it\/wp-json\/wp\/v2\/product_tag?post=77735"}],"curies":[{"name":"wp","href":"https:\/\/api.w.org\/{rel}","templated":true}]}}