{"id":77636,"date":"2023-12-13T20:57:22","date_gmt":"2023-12-13T19:57:22","guid":{"rendered":"https:\/\/www.soanam.de\/?post_type=product&#038;p=77636"},"modified":"2023-12-13T21:00:21","modified_gmt":"2023-12-13T20:00:21","slug":"lascana-jeggings-mit-details-in-weiss-groesse-40","status":"publish","type":"product","link":"https:\/\/www.soanam.de\/it\/produkt\/lascana-jeggings-mit-details-in-weiss-groesse-40\/","title":{"rendered":"Jeggings LASCANA con dettagli, in bianco, taglia 40"},"content":{"rendered":"<p>Jeggings slim fit di Lascana<br \/>\nNormale Leibh\u00f6he<br \/>\nZiern\u00e4hte vorn, echte Ges\u00e4\u00dftaschen hinten<br \/>\nSchn\u00fcroptik am ausgefransten Beinabschluss<br \/>\nWeiche Stretch-Qualit\u00e4t<\/p>\n<p>Eine bequeme Softjeans im klassischen 5-Pocket-Style mit Details in Schn\u00fcroptik am Hosensaum.<br \/>\nDie schmale Passform sorgen f\u00fcr eine schlanke Silhouette.<br \/>\nIl morbido tessuto elasticizzato rende questi pantaloni comodi da indossare.<\/p>\n<p>Material: 70% Baumwolle, 27% Polyester, 3% Elasthan<br \/>\nIstruzioni per la cura: Lavabile in lavatrice a 30\u00b0<\/p>\n<p>Colore: bianco<br \/>\nTaglia: EUR 40<\/p>\n<p>Misura della vita: 72 cm<br \/>\nCirconferenza dell'anca: 88 cm<br \/>\nSchrittl\u00e4nge:67cm<br \/>\nLunghezza totale: 94 cm<\/p>\n<p>Questo nuovo articolo \u00e8 un reso del cliente senza etichetta.<\/p>","protected":false},"excerpt":{"rendered":"<table class=\"dv_characteristicsTable\">\n<tbody>\n<tr>\n<td class=\"left\">Dimensione<\/td>\n<td>40<\/td>\n<\/tr>\n<tr>\n<td class=\"left\">Gr\u00f6\u00dfentyp<\/td>\n<td>Normalgr\u00f6\u00dfen<\/td>\n<\/tr>\n<tr>\n<td class=\"left\">Composizione del materiale<\/td>\n<td>Obermaterial: 70% Baumwolle, 27% Polyester, 3% Elasthan<\/td>\n<\/tr>\n<tr>\n<td class=\"left\">Materialart<\/td>\n<td>Denim<\/td>\n<\/tr>\n<tr>\n<td class=\"left\">Materialeigenschaften<\/td>\n<td>Stretch<\/td>\n<\/tr>\n<tr>\n<td class=\"left\">Istruzioni per la cura<\/td>\n<td>Lavaggio in lavatrice<\/td>\n<\/tr>\n<tr>\n<td class=\"left\">Stil<\/td>\n<td>casual<\/td>\n<\/tr>\n<tr>\n<td class=\"left\">Colore<\/td>\n<td>wei\u00df<\/td>\n<\/tr>\n<tr>\n<td class=\"left\">Leibh\u00f6he<\/td>\n<td>normal<\/td>\n<\/tr>\n<tr>\n<td class=\"left\">Beinabschluss<\/td>\n<td>leicht ausgefranste Kante<\/td>\n<\/tr>\n<tr>\n<td class=\"left\">Beinform<\/td>\n<td>schmal<\/td>\n<\/tr>\n<tr>\n<td class=\"left\">In forma<\/td>\n<td>schmal<\/td>\n<\/tr>\n<tr>\n<td class=\"left\">Schnittform L\u00e4nge<\/td>\n<td>7\/8-L\u00e4nge<\/td>\n<\/tr>\n<tr>\n<td class=\"left\">Borse<\/td>\n<td>Tasche posteriori<\/td>\n<\/tr>\n<tr>\n<td class=\"left\">Verschluss<\/td>\n<td>1-Knopf-Form<\/td>\n<\/tr>\n<tr>\n<td class=\"left\">Besondere Merkmale<\/td>\n<td>mit Schn\u00fcrung am Beinsaum<\/td>\n<\/tr>\n<\/tbody>\n<\/table>","protected":false},"featured_media":77779,"comment_status":"open","ping_status":"closed","template":"","meta":{"_seopress_robots_primary_cat":"","_seopress_titles_title":"","_seopress_titles_desc":"","_seopress_robots_index":""},"product_brand":[],"product_cat":[1348,1349,1350,1433],"product_tag":[],"class_list":{"0":"post-77636","1":"product","2":"type-product","3":"status-publish","4":"has-post-thumbnail","6":"product_cat-damen-mode","7":"product_cat-hosen-damen-mode","8":"product_cat-jeans-hosen-damen-mode","9":"product_cat-7-8-hosen","10":"product_shipping_class-standard-versand","12":"first","13":"instock","14":"taxable","15":"shipping-taxable","16":"purchasable","17":"product-type-simple"},"_links":{"self":[{"href":"https:\/\/www.soanam.de\/it\/wp-json\/wp\/v2\/product\/77636","targetHints":{"allow":["GET"]}}],"collection":[{"href":"https:\/\/www.soanam.de\/it\/wp-json\/wp\/v2\/product"}],"about":[{"href":"https:\/\/www.soanam.de\/it\/wp-json\/wp\/v2\/types\/product"}],"replies":[{"embeddable":true,"href":"https:\/\/www.soanam.de\/it\/wp-json\/wp\/v2\/comments?post=77636"}],"wp:featuredmedia":[{"embeddable":true,"href":"https:\/\/www.soanam.de\/it\/wp-json\/wp\/v2\/media\/77779"}],"wp:attachment":[{"href":"https:\/\/www.soanam.de\/it\/wp-json\/wp\/v2\/media?parent=77636"}],"wp:term":[{"taxonomy":"product_brand","embeddable":true,"href":"https:\/\/www.soanam.de\/it\/wp-json\/wp\/v2\/product_brand?post=77636"},{"taxonomy":"product_cat","embeddable":true,"href":"https:\/\/www.soanam.de\/it\/wp-json\/wp\/v2\/product_cat?post=77636"},{"taxonomy":"product_tag","embeddable":true,"href":"https:\/\/www.soanam.de\/it\/wp-json\/wp\/v2\/product_tag?post=77636"}],"curies":[{"name":"wp","href":"https:\/\/api.w.org\/{rel}","templated":true}]}}