{"id":77586,"date":"2023-12-13T20:56:08","date_gmt":"2023-12-13T19:56:08","guid":{"rendered":"https:\/\/www.soanam.de\/?post_type=product&#038;p=77586"},"modified":"2023-12-13T20:59:29","modified_gmt":"2023-12-13T19:59:29","slug":"nn07-harvey-blazer-1044-blu-navy-sbiadito-ottico-taglia-xl","status":"publish","type":"product","link":"https:\/\/www.soanam.de\/it\/produkt\/nn07-harvey-blazer-1044-navy-blau-faded-optik-groesse-xl\/","title":{"rendered":"NN07 - Harvey Blazer 1044, blu navy, aspetto sbiadito, taglia XL"},"content":{"rendered":"<h3>Descrizione del<\/h3>\n<p>Il blazer Harvey 1044 \u00e8 realizzato in un misto pesca di lyocell, lino e cotone, morbido e fluido. Il lavaggio ha conferito un aspetto sbiadito. Questa giacca sfoderata e destrutturata \u00e8 rifinita con dettagli in piping sulle cuciture interne e uno strato esterno che offre una finitura pulita e nitida.<\/p>\n<p>Vestibilit\u00e0 regolare<br \/>\n2 bottoni cuciti<br \/>\nDue tasche applicate sul davanti<br \/>\nUna tasca sul petto<br \/>\nTasca interna applicata<br \/>\nFodera della manica in poliestere 100%<br \/>\n59% Lyocell, 18% Cotone, 23% Lino<br \/>\nJai ist 183 cm \/ 6'0 gro\u00df und tr\u00e4gt die Gr\u00f6\u00dfe M<br \/>\nPREZZO DI VENDITA: 379,- EUR<\/p>","protected":false},"excerpt":{"rendered":"<h3>Caratteristiche dell'articolo<\/h3>\n<p>Condizione dell'articolo: Nuovo con etichetta: articolo nuovo, non usato e non indossato nella sua confezione originale.<\/p>\n<p>Abteilung: Herren<br \/>\nAktivit\u00e4t: Tanzen<br \/>\nAnlass: Freizeit, Business<br \/>\nAu\u00dfenmaterial: 59% Lyocell, 18% Baumwolle, 23% Leinen<br \/>\nBesonderheiten: Alle Jahreszeiten<br \/>\nCharakter: ohne<br \/>\nEAN: 5710464699966<br \/>\nColore: blu<br \/>\nFuttermaterial: Polyester<br \/>\nGewebeart: Lycocell<br \/>\nTaglia: XL<br \/>\nGr\u00f6\u00dfenkategorie: Normalgr\u00f6\u00dfe<br \/>\nIsoliermaterial: Polyester<br \/>\nJahreszeit: Fr\u00fchling, Herbst<br \/>\nMarke: NN07<br \/>\nModell: Harvey 1044<br \/>\nMotivo: Tinta unita<br \/>\nProduktart: Blazer<br \/>\nStil: Blazer<br \/>\nThema: Elegant<br \/>\nChiusura: bottone<br \/>\nVintage: Nein<\/p>","protected":false},"featured_media":77728,"comment_status":"open","ping_status":"closed","template":"","meta":{"_seopress_robots_primary_cat":"","_seopress_titles_title":"","_seopress_titles_desc":"","_seopress_robots_index":""},"product_brand":[],"product_cat":[1345,1368,1369],"product_tag":[],"class_list":{"0":"post-77586","1":"product","2":"type-product","3":"status-publish","4":"has-post-thumbnail","6":"product_cat-herrenmode","7":"product_cat-anzuege-anzugsteile","8":"product_cat-sakkos","9":"product_shipping_class-standard-versand","11":"first","12":"instock","13":"sale","14":"taxable","15":"shipping-taxable","16":"purchasable","17":"product-type-simple"},"_links":{"self":[{"href":"https:\/\/www.soanam.de\/it\/wp-json\/wp\/v2\/product\/77586","targetHints":{"allow":["GET"]}}],"collection":[{"href":"https:\/\/www.soanam.de\/it\/wp-json\/wp\/v2\/product"}],"about":[{"href":"https:\/\/www.soanam.de\/it\/wp-json\/wp\/v2\/types\/product"}],"replies":[{"embeddable":true,"href":"https:\/\/www.soanam.de\/it\/wp-json\/wp\/v2\/comments?post=77586"}],"wp:featuredmedia":[{"embeddable":true,"href":"https:\/\/www.soanam.de\/it\/wp-json\/wp\/v2\/media\/77728"}],"wp:attachment":[{"href":"https:\/\/www.soanam.de\/it\/wp-json\/wp\/v2\/media?parent=77586"}],"wp:term":[{"taxonomy":"product_brand","embeddable":true,"href":"https:\/\/www.soanam.de\/it\/wp-json\/wp\/v2\/product_brand?post=77586"},{"taxonomy":"product_cat","embeddable":true,"href":"https:\/\/www.soanam.de\/it\/wp-json\/wp\/v2\/product_cat?post=77586"},{"taxonomy":"product_tag","embeddable":true,"href":"https:\/\/www.soanam.de\/it\/wp-json\/wp\/v2\/product_tag?post=77586"}],"curies":[{"name":"wp","href":"https:\/\/api.w.org\/{rel}","templated":true}]}}