{"id":77484,"date":"2023-12-13T20:53:31","date_gmt":"2023-12-13T19:53:31","guid":{"rendered":"https:\/\/www.soanam.de\/?post_type=product&#038;p=77484"},"modified":"2023-12-13T20:57:07","modified_gmt":"2023-12-13T19:57:07","slug":"harris-wharf-london-giacca-in-lana-merino-sfoderata-grigio-scuro-taglia-52","status":"publish","type":"product","link":"https:\/\/www.soanam.de\/it\/produkt\/harris-wharf-london-sakko-merinowolle-ungefuettert-dunkelgrau-gr-52\/","title":{"rendered":"Giacca Harris Wharf London in lana merino sfoderata, grigio scuro, taglia 52"},"content":{"rendered":"<h3>Descrizione del<\/h3>\n<p>Giacca Harris Wharf London C8G22MEU\/126<br \/>\nGiacca in lana merino senza fodera di HARRIS WHARF LONDON<br \/>\nGiacca, lana merino sfoderata, grigio scuro, taglia 52\/L<\/p>\n<p>Aggiungete classe e brio al vostro abbigliamento con questa giacca elegante, comoda e alla moda per ogni occasione. Che si tratti di look casual business o smart casual, questo blazer alla moda in lana merino elasticizzata \u00e8 un capo d'abbigliamento speciale. La forma molto sottile e sartoriale accentua sapientemente la silhouette aderente alla figura. I dettagli aperti sottolineano il look individuale.<\/p>\n<p><strong>Materiale della tomaia:<\/strong> Lana 100%<\/p>\n<p><strong>Modello:<\/strong> Tinta unita e tono su tono<\/p>\n<p><strong>Borse:<\/strong> Tasca\/e applicata\/e, tasca\/e a filetto all'altezza del petto a sinistra<\/p>\n<p><strong>Tagliare:<\/strong> Giacca, monopetto, slim fit, sartoriale, con collo a revers<\/p>\n<p><strong>Finitura interna:<\/strong> Tasca\/e interna\/e applicata\/e su ogni lato, chiusura con bottoni<\/p>\n<p><strong>Colore:<\/strong> Grigio scuro<\/p>\n<p><strong>Dimensioni:<\/strong> Per la taglia 50, lunghezza schiena senza colletto circa 75 cm, larghezza torace circa 104 cm<\/p>\n<p><strong>Caratteristiche speciali:<\/strong><\/p>\n<ul>\n<li>Tessuto elasticizzato leggero e confortevole<\/li>\n<li>Dettagli aperti<\/li>\n<li>Prodotto in Italia<\/li>\n<\/ul>","protected":false},"excerpt":{"rendered":"<h3>Caratteristiche dell'articolo<\/h3>\n<p>Condizione dell'articolo: Nuovo con etichetta: articolo nuovo, non usato e non indossato nella sua confezione originale.<\/p>\n<p>Abteilung: Herren<br \/>\nAktivit\u00e4t: Business<br \/>\nAnlass: Business, Elegant, Reise<br \/>\nAu\u00dfenmaterial: Wolle<br \/>\nBesonderheiten: Ungef\u00fcttert<br \/>\nCharakter: ohne<br \/>\nEAN: 8300083486411<br \/>\nFarbe: Grau<br \/>\nFuttermaterial: ungef\u00fcttert<br \/>\nGewebeart: ohne Angabe<br \/>\nTaglia: L<br \/>\nGr\u00f6\u00dfenkategorie: Normalgr\u00f6\u00dfe<br \/>\nIsoliermaterial: nicht zutreffend<br \/>\nJahreszeit: Fr\u00fchling, Herbst, Winter<br \/>\nMarke: Harris Wharf London<br \/>\nModell: Merino<br \/>\nMuster: Ohne Muster<br \/>\nProduktart: Sakko<br \/>\nStil: Sakko<br \/>\nThema: Elegant<br \/>\nChiusura: bottone<br \/>\nVintage: Nein<\/p>","protected":false},"featured_media":77619,"comment_status":"open","ping_status":"closed","template":"","meta":{"_seopress_robots_primary_cat":"","_seopress_titles_title":"","_seopress_titles_desc":"","_seopress_robots_index":""},"product_brand":[],"product_cat":[1345,1368,1369],"product_tag":[],"class_list":{"0":"post-77484","1":"product","2":"type-product","3":"status-publish","4":"has-post-thumbnail","6":"product_cat-herrenmode","7":"product_cat-anzuege-anzugsteile","8":"product_cat-sakkos","9":"product_shipping_class-standard-versand","11":"first","12":"instock","13":"sale","14":"taxable","15":"shipping-taxable","16":"purchasable","17":"product-type-simple"},"_links":{"self":[{"href":"https:\/\/www.soanam.de\/it\/wp-json\/wp\/v2\/product\/77484","targetHints":{"allow":["GET"]}}],"collection":[{"href":"https:\/\/www.soanam.de\/it\/wp-json\/wp\/v2\/product"}],"about":[{"href":"https:\/\/www.soanam.de\/it\/wp-json\/wp\/v2\/types\/product"}],"replies":[{"embeddable":true,"href":"https:\/\/www.soanam.de\/it\/wp-json\/wp\/v2\/comments?post=77484"}],"wp:featuredmedia":[{"embeddable":true,"href":"https:\/\/www.soanam.de\/it\/wp-json\/wp\/v2\/media\/77619"}],"wp:attachment":[{"href":"https:\/\/www.soanam.de\/it\/wp-json\/wp\/v2\/media?parent=77484"}],"wp:term":[{"taxonomy":"product_brand","embeddable":true,"href":"https:\/\/www.soanam.de\/it\/wp-json\/wp\/v2\/product_brand?post=77484"},{"taxonomy":"product_cat","embeddable":true,"href":"https:\/\/www.soanam.de\/it\/wp-json\/wp\/v2\/product_cat?post=77484"},{"taxonomy":"product_tag","embeddable":true,"href":"https:\/\/www.soanam.de\/it\/wp-json\/wp\/v2\/product_tag?post=77484"}],"curies":[{"name":"wp","href":"https:\/\/api.w.org\/{rel}","templated":true}]}}